{"id":5355,"date":"2021-02-23T20:00:00","date_gmt":"2021-02-23T20:00:00","guid":{"rendered":"https:\/\/www.web-rr.de\/GHS-Buecherei\/?page_id=5355"},"modified":"2021-02-22T23:59:59","modified_gmt":"2021-02-22T23:59:59","slug":"p9783579023991","status":"publish","type":"page","link":"https:\/\/www.web-rr.de\/GHS-Buecherei\/index.php\/p9783579023991\/","title":{"rendered":"Religion 100"},"content":{"rendered":"<table><tbody><tr><td class='rDTitel' colspan='2'>Der Cham\u00e4leonvogel - Eine Ostergeschichte f\u00fcr Kinder und ihre Eltern<\/td><\/tr><tr><td><span class='rDLabel1'>Status: <\/span><span class='rDText1Rot'>ausgeliehen<\/span><\/td><td><span class='rDLabel1'>Antolin: <\/span><span class='rDText1Gruen'>ja, Empfehlung Klasse 1<\/span><\/td><\/tr><tr><td width=50%><img src='https:\/\/www.web-rr.de\/GHS-Buecherei\/wp-content\/uploads\/9783579023991.jpg' alt=''><\/td><td><p class='rDLabel2'>von <span class='rDText2'>Hermann-Josef Frisch<\/span><\/p><p class='rDLabel2'>Verlag: <span class='rDText2'>G\u00fctersloher Verlagshaus,  12.95 \u20ac<\/span><\/p><p class='rDLabel2'>B\u00fccherei-Barcode: <span class='rDText2'>9783579023991<\/span><\/p><p class='rDLabel2'>In der B\u00fccherei erfasst am: <span class='rDText2'>04.01.2020<\/span><\/p><p class='rDLabel2'>Stichw\u00f6rter: <span class='rDText2'>Ostern, Vogel, Gott<\/span><\/p><p class='rDLabel2'>Lesealter ca. <span class='rDText2'>6<\/span><span class='rDLabel2'> Jahre<\/span><\/p><p class='rDLabel2'>Das Buch wurde <span class='rDText2'>1<\/span><span class='rDLabel2'> mal gelesen.<\/span><\/p><\/td><\/tr><tr><td colspan='2'><p class='rDLabel1'>Inhalt:<\/p><span class='rDText2'>Diesen Vogel werden Kinder lieben! Die Ostergeschichte einmal anders erz\u00e4hlt. Liebevoll, emotional und anschaulich dargestellt. F\u00fcr Kinder ab 4 Jahren.\n\r\n\rDie Ostergeschichte einmal anders erz\u00e4hlt - Liebevoll, emotional und anschaulich dargestellt - Diesen Vogel werden Kinder lieben! - F\u00fcr Kinder ab 4 Jahren Die Ostergeschichte einmal anders erz\u00e4hlt: Leben, Sterben und Auferstehung Jesu werden von einem Cham\u00e4leonvogel geschildert, in dessen Federkleid sich Gef\u00fchle wie Trauer und Freude farblich widerspiegeln. W\u00e4hrend er von Jesus und dessen Liebe zu den Menschen erz\u00e4hlt, leuchtet er bunt. Dann wird er grau, schlie\u00dflich schwarz und verschwindet fast ganz, als Jesus gefoltert und ans Kreuz geschlagen wird. Doch am Ende feiern die Menschen die Auferweckung Jesu - und die Federn des Cham\u00e4leonvogels strahlen so stark wie nie zuvor. Liebevoll, emotional und anschaulich dargestellt erm\u00f6glicht dieses Bilderbuch Kindern ab 4 Jahren ein echtes Mitf\u00fchlen und Verstehen des Ostergeschehens.<\/span><\/td><\/tr><tr><td colspan='2'><a href='#' onclick='history.back(); return false'>Zur\u00fcck<\/a><\/td><\/tr><\/tbody><\/table>\n","protected":false},"excerpt":{"rendered":"","protected":false},"author":1,"featured_media":0,"parent":0,"menu_order":0,"comment_status":"closed","ping_status":"closed","template":"","meta":[],"_links":{"self":[{"href":"https:\/\/www.web-rr.de\/GHS-Buecherei\/index.php\/wp-json\/wp\/v2\/pages\/5355"}],"collection":[{"href":"https:\/\/www.web-rr.de\/GHS-Buecherei\/index.php\/wp-json\/wp\/v2\/pages"}],"about":[{"href":"https:\/\/www.web-rr.de\/GHS-Buecherei\/index.php\/wp-json\/wp\/v2\/types\/page"}],"author":[{"embeddable":true,"href":"https:\/\/www.web-rr.de\/GHS-Buecherei\/index.php\/wp-json\/wp\/v2\/users\/1"}],"replies":[{"embeddable":true,"href":"https:\/\/www.web-rr.de\/GHS-Buecherei\/index.php\/wp-json\/wp\/v2\/comments?post=5355"}],"version-history":[{"count":0,"href":"https:\/\/www.web-rr.de\/GHS-Buecherei\/index.php\/wp-json\/wp\/v2\/pages\/5355\/revisions"}],"wp:attachment":[{"href":"https:\/\/www.web-rr.de\/GHS-Buecherei\/index.php\/wp-json\/wp\/v2\/media?parent=5355"}],"curies":[{"name":"wp","href":"https:\/\/api.w.org\/{rel}","templated":true}]}}