{"id":5354,"date":"2021-02-23T20:00:00","date_gmt":"2021-02-23T20:00:00","guid":{"rendered":"https:\/\/www.web-rr.de\/GHS-Buecherei\/?page_id=5354"},"modified":"2021-02-22T23:59:59","modified_gmt":"2021-02-22T23:59:59","slug":"p9783466371877","status":"publish","type":"page","link":"https:\/\/www.web-rr.de\/GHS-Buecherei\/index.php\/p9783466371877\/","title":{"rendered":"Religion 99"},"content":{"rendered":"<table><tbody><tr><td class='rDTitel' colspan='2'>Neles gro\u00dfes Buch - Neles Buch der gro\u00dfen Fragen und Neles Tagebuch<\/td><\/tr><tr><td><span class='rDLabel1'>Status: <\/span><span class='rDText1Gruen'>vorhanden<\/span><\/td><td><span class='rDLabel1'>Antolin: <\/span><span class='rDText1Rot'>Quiz nicht vorhanden.<\/span><\/td><\/tr><tr><td width=50%><img src='https:\/\/www.web-rr.de\/GHS-Buecherei\/wp-content\/uploads\/9783466371877.jpg' alt=''><\/td><td><p class='rDLabel2'>von <span class='rDText2'>Rainer Oberth\u00fcr<\/span><\/p><p class='rDLabel2'>Verlag: <span class='rDText2'>K\u00f6sel,  2017,  12.00 \u20ac<\/span><\/p><p class='rDLabel2'>B\u00fccherei-Barcode: <span class='rDText2'>9783466371877<\/span><\/p><p class='rDLabel2'>In der B\u00fccherei erfasst am: <span class='rDText2'>04.01.2020<\/span><\/p><p class='rDLabel2'>Stichw\u00f6rter: <span class='rDText2'>Menschheit, Universum, Gott, Welt<\/span><\/p><p class='rDLabel2'>Lesealter ca. <span class='rDText2'>-<\/span><span class='rDLabel2'> Jahre<\/span><\/p><p class='rDLabel2'>Das Buch wurde <span class='rDText2'>0<\/span><span class='rDLabel2'> mal gelesen.<\/span><\/p><\/td><\/tr><tr><td colspan='2'><p class='rDLabel1'>Inhalt:<\/p><span class='rDText2'>So geheimnisvoll und tief ist unser Leben mit all seinen Sch\u00f6nheiten und Gef\u00e4hrdungen Dieser Doppelband fasst die beiden B\u00fccher, \"Neles Tagebuch\" und \"\"Neles Buch der gro\u00dfen Fragen\" in einer \u00fcberarbeiteten Neuauflage zusammen: Neles Buch der gro\u00dfen Fragen Dieses Buch l\u00e4dt ein, \u00fcber die gro\u00dfen Fragen der Menschheit nachzudenken: Nele, ein M\u00e4dchen im Grundschulalter, staunt \u00fcber das Universum und unser Leben; es fragt nach Gott und artikuliert Wesentliches zu Anfang und Ende von Kosmos, Welt und Menschen. Neles Gedanken wechseln sich im Buch mit Geschichten und Gedichten bedeutender AutorInnen ab. Ein spannendes Leseabenteuer von hohem \u00e4sthetischem Reiz f\u00fcr junge und jung gebliebene LeserInnen. Entdeckungen eines Kindes ziehen in den Bann: So geheimnisvoll und tief ist unser Leben mit all seinen Sch\u00f6nheiten und Gef\u00e4hrdungen. Neles Tagebuch In Neles Tagebuch hat Nele Geschichten, Gedichte und Bilder gesammelt, Erlebtes und Erfundenes, Witziges und Nachdenkliches zum Lesen und Schauen, zum Staunen und Weiterdenken - \u00fcber das Leben, \u00fcber die Welt, \u00fcber sich selbst und die anderen und auch \u00fcber Gott. Das Besondere: Dieses Buch ist noch nicht ganz \"fertig\". Denn \"Neles Tagebuch\" ist auch ein Buch zum Mitmachen. An vielen Stellen ist Platz f\u00fcr eigene Fragen und Gedanken, Platz zum Schreiben und Malen.<\/span><\/td><\/tr><tr><td colspan='2'><a href='#' onclick='history.back(); return false'>Zur\u00fcck<\/a><\/td><\/tr><\/tbody><\/table>\n","protected":false},"excerpt":{"rendered":"","protected":false},"author":1,"featured_media":0,"parent":0,"menu_order":0,"comment_status":"closed","ping_status":"closed","template":"","meta":[],"_links":{"self":[{"href":"https:\/\/www.web-rr.de\/GHS-Buecherei\/index.php\/wp-json\/wp\/v2\/pages\/5354"}],"collection":[{"href":"https:\/\/www.web-rr.de\/GHS-Buecherei\/index.php\/wp-json\/wp\/v2\/pages"}],"about":[{"href":"https:\/\/www.web-rr.de\/GHS-Buecherei\/index.php\/wp-json\/wp\/v2\/types\/page"}],"author":[{"embeddable":true,"href":"https:\/\/www.web-rr.de\/GHS-Buecherei\/index.php\/wp-json\/wp\/v2\/users\/1"}],"replies":[{"embeddable":true,"href":"https:\/\/www.web-rr.de\/GHS-Buecherei\/index.php\/wp-json\/wp\/v2\/comments?post=5354"}],"version-history":[{"count":0,"href":"https:\/\/www.web-rr.de\/GHS-Buecherei\/index.php\/wp-json\/wp\/v2\/pages\/5354\/revisions"}],"wp:attachment":[{"href":"https:\/\/www.web-rr.de\/GHS-Buecherei\/index.php\/wp-json\/wp\/v2\/media?parent=5354"}],"curies":[{"name":"wp","href":"https:\/\/api.w.org\/{rel}","templated":true}]}}