{"id":5353,"date":"2021-02-23T20:00:00","date_gmt":"2021-02-23T20:00:00","guid":{"rendered":"https:\/\/www.web-rr.de\/GHS-Buecherei\/?page_id=5353"},"modified":"2021-02-22T23:59:59","modified_gmt":"2021-02-22T23:59:59","slug":"p9783702236427","status":"publish","type":"page","link":"https:\/\/www.web-rr.de\/GHS-Buecherei\/index.php\/p9783702236427\/","title":{"rendered":"Religion 98"},"content":{"rendered":"<table><tbody><tr><td class='rDTitel' colspan='2'>Sophia und das gro\u00dfe Spiel - Eine Sch\u00f6pfungsgeschichte.<\/td><\/tr><tr><td><span class='rDLabel1'>Status: <\/span><span class='rDText1Gruen'>vorhanden<\/span><\/td><td><span class='rDLabel1'>Antolin: <\/span><span class='rDText1Rot'>Quiz nicht vorhanden.<\/span><\/td><\/tr><tr><td width=50%><img src='https:\/\/www.web-rr.de\/GHS-Buecherei\/wp-content\/uploads\/9783702236427.jpg' alt=''><\/td><td><p class='rDLabel2'>von <span class='rDText2'>Gudrun Rathke<\/span><\/p><p class='rDLabel2'>Verlag: <span class='rDText2'>Tyrolia Verlagsanstalt Gm,  2017<\/span><\/p><p class='rDLabel2'>B\u00fccherei-Barcode: <span class='rDText2'>9783702236427<\/span><\/p><p class='rDLabel2'>In der B\u00fccherei erfasst am: <span class='rDText2'>04.01.2020<\/span><\/p><p class='rDLabel2'>Stichw\u00f6rter: <span class='rDText2'>Gott, Welt, Sch\u00f6pfung<\/span><\/p><p class='rDLabel2'>Lesealter ca. <span class='rDText2'>-<\/span><span class='rDLabel2'> Jahre<\/span><\/p><p class='rDLabel2'>Das Buch wurde <span class='rDText2'>1<\/span><span class='rDLabel2'> mal gelesen.<\/span><\/p><\/td><\/tr><tr><td colspan='2'><p class='rDLabel1'>Inhalt:<\/p><span class='rDText2'>Wir haben nur gespielt \"Spiel mit mir!\", so l\u00e4stig diese kindliche Aufforderung manchmal ist, zuweilen kann sie zu wunderbar lustvoll-kreativen Phasen f\u00fchren, Figuren und Szenerien ins Nichts stellen, neue R\u00e4ume, ja, ganze Welten erschaffen. Eine ganze Welt wird auch hier erschaffen. Unsere Welt. Im Spiel von Sophia. Denn auch sie fordert auf: \"Spiel mit mir!\", und zwar niemand geringeren als Gott selbst, zu dessen F\u00fc\u00dfen sie anf\u00e4nglich sitzt. Und Gott, gar nicht fad, tut dies. Spielt mir ihr, eine halbe Ewigkeit. Und schon beginnt die spielerische Sch\u00f6pfungskraft, Anfang jeder Kreativit\u00e4t, Urgrund jeder neuen Kreation. Bringt die gro\u00dfe, blaue Leere zum Schwanken. L\u00e4sst das gro\u00dfe Leuchten beginnen und das kleine Glitzern anfangen.<\/span><\/td><\/tr><tr><td colspan='2'><a href='#' onclick='history.back(); return false'>Zur\u00fcck<\/a><\/td><\/tr><\/tbody><\/table>\n","protected":false},"excerpt":{"rendered":"","protected":false},"author":1,"featured_media":0,"parent":0,"menu_order":0,"comment_status":"closed","ping_status":"closed","template":"","meta":[],"_links":{"self":[{"href":"https:\/\/www.web-rr.de\/GHS-Buecherei\/index.php\/wp-json\/wp\/v2\/pages\/5353"}],"collection":[{"href":"https:\/\/www.web-rr.de\/GHS-Buecherei\/index.php\/wp-json\/wp\/v2\/pages"}],"about":[{"href":"https:\/\/www.web-rr.de\/GHS-Buecherei\/index.php\/wp-json\/wp\/v2\/types\/page"}],"author":[{"embeddable":true,"href":"https:\/\/www.web-rr.de\/GHS-Buecherei\/index.php\/wp-json\/wp\/v2\/users\/1"}],"replies":[{"embeddable":true,"href":"https:\/\/www.web-rr.de\/GHS-Buecherei\/index.php\/wp-json\/wp\/v2\/comments?post=5353"}],"version-history":[{"count":0,"href":"https:\/\/www.web-rr.de\/GHS-Buecherei\/index.php\/wp-json\/wp\/v2\/pages\/5353\/revisions"}],"wp:attachment":[{"href":"https:\/\/www.web-rr.de\/GHS-Buecherei\/index.php\/wp-json\/wp\/v2\/media?parent=5353"}],"curies":[{"name":"wp","href":"https:\/\/api.w.org\/{rel}","templated":true}]}}