{"id":5340,"date":"2021-02-23T20:00:00","date_gmt":"2021-02-23T20:00:00","guid":{"rendered":"https:\/\/www.web-rr.de\/GHS-Buecherei\/?page_id=5340"},"modified":"2021-02-22T23:59:59","modified_gmt":"2021-02-22T23:59:59","slug":"p9783460245099","status":"publish","type":"page","link":"https:\/\/www.web-rr.de\/GHS-Buecherei\/index.php\/p9783460245099\/","title":{"rendered":"Religion 85"},"content":{"rendered":"<table><tbody><tr><td class='rDTitel' colspan='2'>Kinder-Bibel: mit Bildern von Sieger K\u00f6der<\/td><\/tr><tr><td><span class='rDLabel1'>Status: <\/span><span class='rDText1Gruen'>vorhanden<\/span><\/td><td><span class='rDLabel1'>Antolin: <\/span><span class='rDText1Rot'>Quiz nicht vorhanden.<\/span><\/td><\/tr><tr><td width=50%><img src='https:\/\/www.web-rr.de\/GHS-Buecherei\/wp-content\/uploads\/9783460245099.jpg' alt=''><\/td><td><p class='rDLabel2'>von <span class='rDText2'>Wolfgang Baur<\/span><\/p><p class='rDLabel2'>Verlag: <span class='rDText2'>Katholisches Bibelwerk,  2015,  19.95 \u20ac<\/span><\/p><p class='rDLabel2'>B\u00fccherei-Barcode: <span class='rDText2'>9783460245099<\/span><\/p><p class='rDLabel2'>In der B\u00fccherei erfasst am: <span class='rDText2'>01.05.2016<\/span><\/p><p class='rDLabel2'>Stichw\u00f6rter: <span class='rDText2'>Bibel, Testament<\/span><\/p><p class='rDLabel2'>Lesealter ca. <span class='rDText2'>-<\/span><span class='rDLabel2'> Jahre<\/span><\/p><p class='rDLabel2'>Das Buch wurde <span class='rDText2'>0<\/span><span class='rDLabel2'> mal gelesen.<\/span><\/p><\/td><\/tr><tr><td colspan='2'><p class='rDLabel1'>Inhalt:<\/p><span class='rDText2'>Der popul\u00e4re K\u00fcnstlerpfarrer Sieger K\u00f6der f\u00fchrt mit farbenfrohen Bildern Kinder in die Welt der Bibel ein. Einf\u00fchlsame Bildkommentare von Beate Brielmaier helfen, biblische Themen mit den Augen des K\u00fcnstlers zu sehen und die biblischen Themen durch den K\u00fcnstler zu verstehen. Zentrale Texte aus dem Alten und Neuen Testament, von p\u00e4dagogisch geschulten Mitarbeiterinnen und Mitarbeitern des Katholischen Bibelwerks eindrucksvoll und einpr\u00e4gsam erz\u00e4hlt, er\u00f6ffnen den Kindern einen ersten Zugang zur Vielfalt biblischer \u00dcberlieferungen. Kurze Zusammenfassungen erleichtern das Verstehen.Die neue Gestaltung bringt die Illustrationen von Sieger K\u00f6der sowie das Miteinander von Text und Bild noch besser zur Entfaltung.<\/span><\/td><\/tr><tr><td colspan='2'><a href='#' onclick='history.back(); return false'>Zur\u00fcck<\/a><\/td><\/tr><\/tbody><\/table>\n","protected":false},"excerpt":{"rendered":"","protected":false},"author":1,"featured_media":0,"parent":0,"menu_order":0,"comment_status":"closed","ping_status":"closed","template":"","meta":[],"_links":{"self":[{"href":"https:\/\/www.web-rr.de\/GHS-Buecherei\/index.php\/wp-json\/wp\/v2\/pages\/5340"}],"collection":[{"href":"https:\/\/www.web-rr.de\/GHS-Buecherei\/index.php\/wp-json\/wp\/v2\/pages"}],"about":[{"href":"https:\/\/www.web-rr.de\/GHS-Buecherei\/index.php\/wp-json\/wp\/v2\/types\/page"}],"author":[{"embeddable":true,"href":"https:\/\/www.web-rr.de\/GHS-Buecherei\/index.php\/wp-json\/wp\/v2\/users\/1"}],"replies":[{"embeddable":true,"href":"https:\/\/www.web-rr.de\/GHS-Buecherei\/index.php\/wp-json\/wp\/v2\/comments?post=5340"}],"version-history":[{"count":0,"href":"https:\/\/www.web-rr.de\/GHS-Buecherei\/index.php\/wp-json\/wp\/v2\/pages\/5340\/revisions"}],"wp:attachment":[{"href":"https:\/\/www.web-rr.de\/GHS-Buecherei\/index.php\/wp-json\/wp\/v2\/media?parent=5340"}],"curies":[{"name":"wp","href":"https:\/\/api.w.org\/{rel}","templated":true}]}}