{"id":5335,"date":"2021-02-23T20:00:00","date_gmt":"2021-02-23T20:00:00","guid":{"rendered":"https:\/\/www.web-rr.de\/GHS-Buecherei\/?page_id=5335"},"modified":"2021-02-22T23:59:59","modified_gmt":"2021-02-22T23:59:59","slug":"p9783895653186","status":"publish","type":"page","link":"https:\/\/www.web-rr.de\/GHS-Buecherei\/index.php\/p9783895653186\/","title":{"rendered":"Religion 80"},"content":{"rendered":"<table><tbody><tr><td class='rDTitel' colspan='2'>Hat Jesus Fu\u00dfball gespielt?<\/td><\/tr><tr><td><span class='rDLabel1'>Status: <\/span><span class='rDText1Gruen'>vorhanden<\/span><\/td><td><span class='rDLabel1'>Antolin: <\/span><span class='rDText1Gruen'>ja, Empfehlung Klasse 2<\/span><\/td><\/tr><tr><td width=50%><img src='https:\/\/www.web-rr.de\/GHS-Buecherei\/wp-content\/uploads\/9783895653186.jpg' alt=''><\/td><td><p class='rDLabel2'>von <span class='rDText2'>Antje Damm<\/span><\/p><p class='rDLabel2'>Verlag: <span class='rDText2'>Moritz Verlag-GmbH,  2016,  9.95 \u20ac<\/span><\/p><p class='rDLabel2'>B\u00fccherei-Barcode: <span class='rDText2'>9783895653186<\/span><\/p><p class='rDLabel2'>In der B\u00fccherei erfasst am: <span class='rDText2'>01.05.2017<\/span><\/p><p class='rDLabel2'>Stichw\u00f6rter: <span class='rDText2'>Wunder<\/span><\/p><p class='rDLabel2'>Lesealter ca. <span class='rDText2'>6<\/span><span class='rDLabel2'> Jahre<\/span><\/p><p class='rDLabel2'>Das Buch wurde <span class='rDText2'>0<\/span><span class='rDLabel2'> mal gelesen.<\/span><\/p><\/td><\/tr><tr><td colspan='2'><p class='rDLabel1'>Inhalt:<\/p><span class='rDText2'>Ich hei\u00dfe Fred und ich habe ein Wunder erlebt. Gut, nur ein kleines Wunder, aber es ist wirklich so passiert!Fred und Emil treffen sich nachmittags oft zum Fu\u00dfballspielen. Wenn nur Herr Kruzinna, der bl\u00f6de Nachbar, nicht w\u00e4re! Der kann Kinder nicht leiden und fu\u00dfballspielende schon gar nicht. Als eines Tages ein Ball in seinem Garten landet, r\u00fcckt er ihn nicht mehr raus. Was sollen die Jungs nun machen? Da f\u00e4llt Fred Zach\u00e4us ein, von dem er im Religionsunterricht geh\u00f6rt hat. Wenn an der Geschichte was dran ist, m\u00fcssen sie doch nur nett zu Herrn Kruzinna sein, um den Ball von ihm zur\u00fcckzubekommen. Also schreiben Fred und seine Freunde einen Brief ... Antje Damm erz\u00e4hlt den Kon ikt zwischen den Kindern und dem Nachbarn parallel zur biblischen Zach\u00e4usgeschichte. Diese inspiriert die beiden Freunde zu einer ungew\u00f6hnlichen Idee, die f\u00fcr Fred tats\u00e4chlich in einem kleinen Wunder endet. Katja Gehrmanns Illustrationen nehmen ganz die Perspektive der Kinder ein und spiegeln deren Stimmungslage treffend wider.<\/span><\/td><\/tr><tr><td colspan='2'><a href='#' onclick='history.back(); return false'>Zur\u00fcck<\/a><\/td><\/tr><\/tbody><\/table>\n","protected":false},"excerpt":{"rendered":"","protected":false},"author":1,"featured_media":0,"parent":0,"menu_order":0,"comment_status":"closed","ping_status":"closed","template":"","meta":[],"_links":{"self":[{"href":"https:\/\/www.web-rr.de\/GHS-Buecherei\/index.php\/wp-json\/wp\/v2\/pages\/5335"}],"collection":[{"href":"https:\/\/www.web-rr.de\/GHS-Buecherei\/index.php\/wp-json\/wp\/v2\/pages"}],"about":[{"href":"https:\/\/www.web-rr.de\/GHS-Buecherei\/index.php\/wp-json\/wp\/v2\/types\/page"}],"author":[{"embeddable":true,"href":"https:\/\/www.web-rr.de\/GHS-Buecherei\/index.php\/wp-json\/wp\/v2\/users\/1"}],"replies":[{"embeddable":true,"href":"https:\/\/www.web-rr.de\/GHS-Buecherei\/index.php\/wp-json\/wp\/v2\/comments?post=5335"}],"version-history":[{"count":0,"href":"https:\/\/www.web-rr.de\/GHS-Buecherei\/index.php\/wp-json\/wp\/v2\/pages\/5335\/revisions"}],"wp:attachment":[{"href":"https:\/\/www.web-rr.de\/GHS-Buecherei\/index.php\/wp-json\/wp\/v2\/media?parent=5335"}],"curies":[{"name":"wp","href":"https:\/\/api.w.org\/{rel}","templated":true}]}}