{"id":5331,"date":"2021-02-23T20:00:00","date_gmt":"2021-02-23T20:00:00","guid":{"rendered":"https:\/\/www.web-rr.de\/GHS-Buecherei\/?page_id=5331"},"modified":"2021-02-22T23:59:59","modified_gmt":"2021-02-22T23:59:59","slug":"p9783702231606","status":"publish","type":"page","link":"https:\/\/www.web-rr.de\/GHS-Buecherei\/index.php\/p9783702231606\/","title":{"rendered":"Religion 76"},"content":{"rendered":"<table><tbody><tr><td class='rDTitel' colspan='2'>Das gro\u00dfe Geschenk: Die heilige Messe f\u00fcr Erstkommunion-Kinder erkl\u00e4rt<\/td><\/tr><tr><td><span class='rDLabel1'>Status: <\/span><span class='rDText1Gruen'>vorhanden<\/span><\/td><td><span class='rDLabel1'>Antolin: <\/span><span class='rDText1Rot'>Quiz nicht vorhanden.<\/span><\/td><\/tr><tr><td width=50%><img src='https:\/\/www.web-rr.de\/GHS-Buecherei\/wp-content\/uploads\/9783702231606.jpg' alt=''><\/td><td><p class='rDLabel2'>von <span class='rDText2'>Laura Salvi<\/span><\/p><p class='rDLabel2'>Verlag: <span class='rDText2'>Tyrolia Verlaganstalt,  2012,  14.95 \u20ac<\/span><\/p><p class='rDLabel2'>B\u00fccherei-Barcode: <span class='rDText2'>9783702231606<\/span><\/p><p class='rDLabel2'>In der B\u00fccherei erfasst am: <span class='rDText2'>01.03.2015<\/span><\/p><p class='rDLabel2'>Stichw\u00f6rter: <span class='rDText2'>Abendmahl, Eucharistie, Gottesdienst, Kommunion<\/span><\/p><p class='rDLabel2'>Lesealter ca. <span class='rDText2'>-<\/span><span class='rDLabel2'> Jahre<\/span><\/p><p class='rDLabel2'>Das Buch wurde <span class='rDText2'>1<\/span><span class='rDLabel2'> mal gelesen.<\/span><\/p><\/td><\/tr><tr><td colspan='2'><p class='rDLabel1'>Inhalt:<\/p><span class='rDText2'>Die Eucharistie ist das wichtigste Sakrament der Kirche und mit der Erstkommunion wird dieses \"Geschenk\" Jesu auch den Kindern zuteil.Die heilige Messe hat einen bestimmten Ablauf, beinhaltet verschiedene Zeichen und Symbole, gewisse Gebete werden gesprochen \u2013 und das alles ist f\u00fcr Kinder nicht leicht zu verstehen.In diesem Buch werden die einzelnen Teile der heiligen Messe den Kindern erkl\u00e4rt: Auf je einer Doppelseite geht es um Kyrie oder Gloria, Lesung, Evangelium oder die F\u00fcrbitten, Gabenbereitung, Wandlung usw. Eine bunte Collage bringt die zentrale Aussage bildlich auf den Punkt, Abl\u00e4ufe und der Hintergrund von Gesten und Gebeten werden einfach er-kl\u00e4rt und \u2013 verkehrt gedruckt \u2013 das \"Geheimnis\" hinter diesem Teil der Messe gel\u00fcftet: die entsprechende Aussage in der Bibel. Das Buch eignet sich zur Vorbereitung auf die Erstkommunion in Schule und Gemeinde, aufgrund seiner edlen Ausstattung aber auch bestens als Geschenk zur Fest, da es den zentralen Inhalt der Erstkommunion \u2013 die Teilnahme am Mahl des Herrn \u2013 in den Mittelpunkt stellt.<\/span><\/td><\/tr><tr><td colspan='2'><a href='#' onclick='history.back(); return false'>Zur\u00fcck<\/a><\/td><\/tr><\/tbody><\/table>\n","protected":false},"excerpt":{"rendered":"","protected":false},"author":1,"featured_media":0,"parent":0,"menu_order":0,"comment_status":"closed","ping_status":"closed","template":"","meta":[],"_links":{"self":[{"href":"https:\/\/www.web-rr.de\/GHS-Buecherei\/index.php\/wp-json\/wp\/v2\/pages\/5331"}],"collection":[{"href":"https:\/\/www.web-rr.de\/GHS-Buecherei\/index.php\/wp-json\/wp\/v2\/pages"}],"about":[{"href":"https:\/\/www.web-rr.de\/GHS-Buecherei\/index.php\/wp-json\/wp\/v2\/types\/page"}],"author":[{"embeddable":true,"href":"https:\/\/www.web-rr.de\/GHS-Buecherei\/index.php\/wp-json\/wp\/v2\/users\/1"}],"replies":[{"embeddable":true,"href":"https:\/\/www.web-rr.de\/GHS-Buecherei\/index.php\/wp-json\/wp\/v2\/comments?post=5331"}],"version-history":[{"count":0,"href":"https:\/\/www.web-rr.de\/GHS-Buecherei\/index.php\/wp-json\/wp\/v2\/pages\/5331\/revisions"}],"wp:attachment":[{"href":"https:\/\/www.web-rr.de\/GHS-Buecherei\/index.php\/wp-json\/wp\/v2\/media?parent=5331"}],"curies":[{"name":"wp","href":"https:\/\/api.w.org\/{rel}","templated":true}]}}