{"id":5325,"date":"2021-02-23T20:00:00","date_gmt":"2021-02-23T20:00:00","guid":{"rendered":"https:\/\/www.web-rr.de\/GHS-Buecherei\/?page_id=5325"},"modified":"2021-02-22T23:59:59","modified_gmt":"2021-02-22T23:59:59","slug":"p9783402129463","status":"publish","type":"page","link":"https:\/\/www.web-rr.de\/GHS-Buecherei\/index.php\/p9783402129463\/","title":{"rendered":"Religion 70"},"content":{"rendered":"<table><tbody><tr><td class='rDTitel' colspan='2'>Hildegard von Bingen: Ihr Leben f\u00fcr Kinder erz\u00e4hlt<\/td><\/tr><tr><td><span class='rDLabel1'>Status: <\/span><span class='rDText1Gruen'>vorhanden<\/span><\/td><td><span class='rDLabel1'>Antolin: <\/span><span class='rDText1Gruen'>ja, Empfehlung Klasse 3<\/span><\/td><\/tr><tr><td width=50%><img src='https:\/\/www.web-rr.de\/GHS-Buecherei\/wp-content\/uploads\/9783402129463.jpg' alt=''><\/td><td><p class='rDLabel2'>von <span class='rDText2'>Caroline von Ketteler<\/span><\/p><p class='rDLabel2'>Verlag: <span class='rDText2'>Aschendorff,  2012,  12.80 \u20ac<\/span><\/p><p class='rDLabel2'>B\u00fccherei-Barcode: <span class='rDText2'>9783402129463<\/span><\/p><p class='rDLabel2'>In der B\u00fccherei erfasst am: <span class='rDText2'>01.03.2015<\/span><\/p><p class='rDLabel2'>Stichw\u00f6rter: <span class='rDText2'>starke Frauen, Mittelalter, Geschichte, Heilige, Kloster, Hildegard<\/span><\/p><p class='rDLabel2'>Lesealter ca. <span class='rDText2'>7<\/span><span class='rDLabel2'> Jahre<\/span><\/p><p class='rDLabel2'>Das Buch wurde <span class='rDText2'>0<\/span><span class='rDLabel2'> mal gelesen.<\/span><\/p><\/td><\/tr><tr><td colspan='2'><p class='rDLabel1'>Inhalt:<\/p><span class='rDText2'>Hildegard von Bingen (1098\u20131179) ist die wohl bekannteste Frau des Mittelalters. Sie lebte vor 900 Jahren und noch heute kennt man ihren Namen: Tausende pilgern zu ihrem Grab, lesen ihre B\u00fccher und ihre Briefe, Unz\u00e4hlige versuchen nach ihren Erkenntnissen zu leben und sind fasziniert von ihren Beobachtungen, die sie an Menschen, Tieren und auch Pflanzen machte. Historiker sind beeindruckt von ihrem Einfluss, den sie sogar auf die P\u00e4pste und K\u00f6nige ihrer Zeit hatte.Die Ordensfrau gr\u00fcndete zwei Kl\u00f6ster und stand diesen als \u00c4btissin vor, sie dichtete und komponierte und stand mit allen Gro\u00dfen ihrer Zeit im Briefkontakt. Sie predigte und deutete die Heilige Schrift, obwohl ihr das als \u201eungebildete Frau\u201c gar nicht zustand. Im Mai 2012 wurde sie heilig gesprochen.In diesem liebevoll illustrierten Buch zeichnen Weggef\u00e4hrten den Lebensweg Hildegard von Bingens nach.<\/span><\/td><\/tr><tr><td colspan='2'><a href='#' onclick='history.back(); return false'>Zur\u00fcck<\/a><\/td><\/tr><\/tbody><\/table>\n","protected":false},"excerpt":{"rendered":"","protected":false},"author":1,"featured_media":0,"parent":0,"menu_order":0,"comment_status":"closed","ping_status":"closed","template":"","meta":[],"_links":{"self":[{"href":"https:\/\/www.web-rr.de\/GHS-Buecherei\/index.php\/wp-json\/wp\/v2\/pages\/5325"}],"collection":[{"href":"https:\/\/www.web-rr.de\/GHS-Buecherei\/index.php\/wp-json\/wp\/v2\/pages"}],"about":[{"href":"https:\/\/www.web-rr.de\/GHS-Buecherei\/index.php\/wp-json\/wp\/v2\/types\/page"}],"author":[{"embeddable":true,"href":"https:\/\/www.web-rr.de\/GHS-Buecherei\/index.php\/wp-json\/wp\/v2\/users\/1"}],"replies":[{"embeddable":true,"href":"https:\/\/www.web-rr.de\/GHS-Buecherei\/index.php\/wp-json\/wp\/v2\/comments?post=5325"}],"version-history":[{"count":0,"href":"https:\/\/www.web-rr.de\/GHS-Buecherei\/index.php\/wp-json\/wp\/v2\/pages\/5325\/revisions"}],"wp:attachment":[{"href":"https:\/\/www.web-rr.de\/GHS-Buecherei\/index.php\/wp-json\/wp\/v2\/media?parent=5325"}],"curies":[{"name":"wp","href":"https:\/\/api.w.org\/{rel}","templated":true}]}}