{"id":5315,"date":"2021-02-23T20:00:00","date_gmt":"2021-02-23T20:00:00","guid":{"rendered":"https:\/\/www.web-rr.de\/GHS-Buecherei\/?page_id=5315"},"modified":"2021-02-22T23:59:59","modified_gmt":"2021-02-22T23:59:59","slug":"p9783766841414","status":"publish","type":"page","link":"https:\/\/www.web-rr.de\/GHS-Buecherei\/index.php\/p9783766841414\/","title":{"rendered":"Religion 60"},"content":{"rendered":"<table><tbody><tr><td class='rDTitel' colspan='2'>Warum h\u00e4ngt am Weihnachtsbaum kein Ei?: Das Kirchenjahr illustriert von Kindern f\u00fcr Kinder<\/td><\/tr><tr><td><span class='rDLabel1'>Status: <\/span><span class='rDText1Gruen'>vorhanden<\/span><\/td><td><span class='rDLabel1'>Antolin: <\/span><span class='rDText1Rot'>Quiz nicht vorhanden.<\/span><\/td><\/tr><tr><td width=50%><img src='https:\/\/www.web-rr.de\/GHS-Buecherei\/wp-content\/uploads\/9783766841414.jpg' alt=''><\/td><td><p class='rDLabel2'>von <span class='rDText2'>-<\/span><\/p><p class='rDLabel2'>Verlag: <span class='rDText2'>Calwer,  2013,  3.50 \u20ac<\/span><\/p><p class='rDLabel2'>B\u00fccherei-Barcode: <span class='rDText2'>9783766841414<\/span><\/p><p class='rDLabel2'>In der B\u00fccherei erfasst am: <span class='rDText2'>01.04.2014<\/span><\/p><p class='rDLabel2'>Stichw\u00f6rter: <span class='rDText2'>Christentum, Feste, Ostern, Weihnachten, Kirchenjahr<\/span><\/p><p class='rDLabel2'>Lesealter ca. <span class='rDText2'>-<\/span><span class='rDLabel2'> Jahre<\/span><\/p><p class='rDLabel2'>Das Buch wurde <span class='rDText2'>0<\/span><span class='rDLabel2'> mal gelesen.<\/span><\/p><\/td><\/tr><tr><td colspan='2'><p class='rDLabel1'>Inhalt:<\/p><span class='rDText2'>Viele kirchliche Feste pr\u00e4gen den Jahreslauf: Bekannte Feiertage mit ihren allgegenw\u00e4rtigen Br\u00e4uchen und Riten. Aber auch eher unbekannte Festtage, die kaum auffallen und \u00fcber die man wenig wei\u00df. Kinder leben intensiv in und mit dem Jahreslauf. Sie lieben die besonderen Festtage. Und sie feiern voller Hingabe die Br\u00e4uche und Rituale. In ihrer Eigenart, den Dingen auf den Grund zu gehen, fragen sie nach der Bedeutung und dem weiteren Zusammenhang der Festtagskultur. Dabei ist es oft schwierig, Rede und Antwort zu stehen. Das kleine B\u00fcchlein \u00fcber das Kirchenjahr versucht, das Wissenswerte \u00fcber die Festtage des Jahres kindgerecht und kompetent zu beantworten. Mit einfachen Texten erfasst es den Sinn und Inhalt der wichtigsten Feste. Die Informationen werden erg\u00e4nzt durch farbenpr\u00e4chtige Zeichnungen aus Kinderk\u00fcnstlerhand. Damit bildet das B\u00fcchlein eine erste Form eines kleinen Lexikons zum Kirchenjahr, das Kindern viele Fragen beantwortet, aber auch neugierig auf Feste und weiteres Nachfragen macht.<\/span><\/td><\/tr><tr><td colspan='2'><a href='#' onclick='history.back(); return false'>Zur\u00fcck<\/a><\/td><\/tr><\/tbody><\/table>\n","protected":false},"excerpt":{"rendered":"","protected":false},"author":1,"featured_media":0,"parent":0,"menu_order":0,"comment_status":"closed","ping_status":"closed","template":"","meta":[],"_links":{"self":[{"href":"https:\/\/www.web-rr.de\/GHS-Buecherei\/index.php\/wp-json\/wp\/v2\/pages\/5315"}],"collection":[{"href":"https:\/\/www.web-rr.de\/GHS-Buecherei\/index.php\/wp-json\/wp\/v2\/pages"}],"about":[{"href":"https:\/\/www.web-rr.de\/GHS-Buecherei\/index.php\/wp-json\/wp\/v2\/types\/page"}],"author":[{"embeddable":true,"href":"https:\/\/www.web-rr.de\/GHS-Buecherei\/index.php\/wp-json\/wp\/v2\/users\/1"}],"replies":[{"embeddable":true,"href":"https:\/\/www.web-rr.de\/GHS-Buecherei\/index.php\/wp-json\/wp\/v2\/comments?post=5315"}],"version-history":[{"count":0,"href":"https:\/\/www.web-rr.de\/GHS-Buecherei\/index.php\/wp-json\/wp\/v2\/pages\/5315\/revisions"}],"wp:attachment":[{"href":"https:\/\/www.web-rr.de\/GHS-Buecherei\/index.php\/wp-json\/wp\/v2\/media?parent=5315"}],"curies":[{"name":"wp","href":"https:\/\/api.w.org\/{rel}","templated":true}]}}