{"id":5314,"date":"2021-02-23T20:00:00","date_gmt":"2021-02-23T20:00:00","guid":{"rendered":"https:\/\/www.web-rr.de\/GHS-Buecherei\/?page_id=5314"},"modified":"2021-02-22T23:59:59","modified_gmt":"2021-02-22T23:59:59","slug":"p9783905945188","status":"publish","type":"page","link":"https:\/\/www.web-rr.de\/GHS-Buecherei\/index.php\/p9783905945188\/","title":{"rendered":"Religion 59"},"content":{"rendered":"<table><tbody><tr><td class='rDTitel' colspan='2'>Wolkenbilder und M\u00f6wendreck: Kleine Philosophische Bibliothek 1<\/td><\/tr><tr><td><span class='rDLabel1'>Status: <\/span><span class='rDText1Gruen'>vorhanden<\/span><\/td><td><span class='rDLabel1'>Antolin: <\/span><span class='rDText1Rot'>Quiz nicht vorhanden.<\/span><\/td><\/tr><tr><td width=50%><img src='https:\/\/www.web-rr.de\/GHS-Buecherei\/wp-content\/uploads\/9783905945188.jpg' alt=''><\/td><td><p class='rDLabel2'>von <span class='rDText2'>Kristina Calvert<\/span><\/p><p class='rDLabel2'>Verlag: <span class='rDText2'>aracari verlag,  2011,  16.90 \u20ac<\/span><\/p><p class='rDLabel2'>B\u00fccherei-Barcode: <span class='rDText2'>9783905945188<\/span><\/p><p class='rDLabel2'>In der B\u00fccherei erfasst am: <span class='rDText2'>01.04.2014<\/span><\/p><p class='rDLabel2'>Stichw\u00f6rter: <span class='rDText2'>Philosophie<\/span><\/p><p class='rDLabel2'>Lesealter ca. <span class='rDText2'>-<\/span><span class='rDLabel2'> Jahre<\/span><\/p><p class='rDLabel2'>Das Buch wurde <span class='rDText2'>0<\/span><span class='rDLabel2'> mal gelesen.<\/span><\/p><\/td><\/tr><tr><td colspan='2'><p class='rDLabel1'>Inhalt:<\/p><span class='rDText2'>Wie l\u00e4cheln Zitronenfalter?Gibt es eigentlich nur das, was man anfassen kann?Wo ist die Zeit, wenn ich keine Uhr habe?Kinder wollen alles ganz genau wissen. Wer kennt sie nicht, diese hartn\u00e4ckigen Fragen nach dem Woher und Warum. F\u00fcr Kinder ist die Welt voller Wunder und dem m\u00f6chte die bekannte Kinderphilosophin Kristina Calvert zusammen mit Sabine Dittmer mit diesem Buch nachgehen. Dazu greifen die beiden Autorinnen die vier Grundfragen der Philosophie auf und widmen ihnen jeweils vier M\u00f6wen- oder Wolkengeschichten, die zum Selberdenken, Miteinanderdenken und Weiterdenken anregen. Tr\u00e4umerisch minimalistische Farbzeichnungen von Sabine Dittmer erg\u00e4nzen und erweitern die Gedankenspiele. Ein kluges und buntes Gedankenkunstwerk f\u00fcr Kinder und Erwachsene mit Glossar und Einf\u00fchrung ins philosophische Staunen und Fragen.<\/span><\/td><\/tr><tr><td colspan='2'><a href='#' onclick='history.back(); return false'>Zur\u00fcck<\/a><\/td><\/tr><\/tbody><\/table>\n","protected":false},"excerpt":{"rendered":"","protected":false},"author":1,"featured_media":0,"parent":0,"menu_order":0,"comment_status":"closed","ping_status":"closed","template":"","meta":[],"_links":{"self":[{"href":"https:\/\/www.web-rr.de\/GHS-Buecherei\/index.php\/wp-json\/wp\/v2\/pages\/5314"}],"collection":[{"href":"https:\/\/www.web-rr.de\/GHS-Buecherei\/index.php\/wp-json\/wp\/v2\/pages"}],"about":[{"href":"https:\/\/www.web-rr.de\/GHS-Buecherei\/index.php\/wp-json\/wp\/v2\/types\/page"}],"author":[{"embeddable":true,"href":"https:\/\/www.web-rr.de\/GHS-Buecherei\/index.php\/wp-json\/wp\/v2\/users\/1"}],"replies":[{"embeddable":true,"href":"https:\/\/www.web-rr.de\/GHS-Buecherei\/index.php\/wp-json\/wp\/v2\/comments?post=5314"}],"version-history":[{"count":0,"href":"https:\/\/www.web-rr.de\/GHS-Buecherei\/index.php\/wp-json\/wp\/v2\/pages\/5314\/revisions"}],"wp:attachment":[{"href":"https:\/\/www.web-rr.de\/GHS-Buecherei\/index.php\/wp-json\/wp\/v2\/media?parent=5314"}],"curies":[{"name":"wp","href":"https:\/\/api.w.org\/{rel}","templated":true}]}}