{"id":5313,"date":"2021-02-23T20:00:00","date_gmt":"2021-02-23T20:00:00","guid":{"rendered":"https:\/\/www.web-rr.de\/GHS-Buecherei\/?page_id=5313"},"modified":"2021-02-22T23:59:59","modified_gmt":"2021-02-22T23:59:59","slug":"p9783702231002","status":"publish","type":"page","link":"https:\/\/www.web-rr.de\/GHS-Buecherei\/index.php\/p9783702231002\/","title":{"rendered":"Religion 58"},"content":{"rendered":"<table><tbody><tr><td class='rDTitel' colspan='2'>Abschied von Anna<\/td><\/tr><tr><td><span class='rDLabel1'>Status: <\/span><span class='rDText1Gruen'>vorhanden<\/span><\/td><td><span class='rDLabel1'>Antolin: <\/span><span class='rDText1Gruen'>ja, Empfehlung Klasse 2<\/span><\/td><\/tr><tr><td width=50%><img src='https:\/\/www.web-rr.de\/GHS-Buecherei\/wp-content\/uploads\/9783702231002.jpg' alt=''><\/td><td><p class='rDLabel2'>von <span class='rDText2'>Michaela Holzinger<\/span><\/p><p class='rDLabel2'>Verlag: <span class='rDText2'>Tyrolia Verlaganstalt,  2011,  13.95 \u20ac<\/span><\/p><p class='rDLabel2'>B\u00fccherei-Barcode: <span class='rDText2'>9783702231002<\/span><\/p><p class='rDLabel2'>In der B\u00fccherei erfasst am: <span class='rDText2'>01.04.2014<\/span><\/p><p class='rDLabel2'>Stichw\u00f6rter: <span class='rDText2'>Tod, Sterben, Trauer, Gro\u00dfeltern<\/span><\/p><p class='rDLabel2'>Lesealter ca. <span class='rDText2'>6<\/span><span class='rDLabel2'> Jahre<\/span><\/p><p class='rDLabel2'>Das Buch wurde <span class='rDText2'>0<\/span><span class='rDLabel2'> mal gelesen.<\/span><\/p><\/td><\/tr><tr><td colspan='2'><p class='rDLabel1'>Inhalt:<\/p><span class='rDText2'>Dieses Bilderbuch erz\u00e4hlt die einf\u00fchlsame Geschichte aus der Sicht eines kleinen Kindes, wie es das Kranksein und schlie\u00dflich den Tod einer geliebten Person erlebt und was ihm hilft, den Verlust zu bew\u00e4ltigen.Leihoma Anna ist gro\u00dfartig, denn sie kocht gut, kann wunderbare Geschichten erz\u00e4hlen und ist untertags die wichtigste Bezugsperson f\u00fcr einen kleinen Jungen, der Drachen \u00fcber alles liebt. Die Welt ist in Ordnung, bis eines Tages die betagte Leihoma krank wird. \u00c4ngste kommen hoch, Gott sei Dank ist Mama da zum Tr\u00f6sten. Und auch Papa ist wichtig, damit die ganze Familie auf dem Begr\u00e4bnis Abschied von Anna nehmen kann. Die vielen Erinnerungen an die sch\u00f6ne gemeinsame Zeit helfen der Familie, den Verlust zu bew\u00e4ltigen. Und den Jungen tr\u00f6stet besonders, wenn er Annas Geschichte vom Drachen mit dem Zauberkoffer erz\u00e4hlen kann. Auch dieses starke Tier hat seine letzte Reise bereits angetreten - und lebt trotzdem in den Erz\u00e4hlungen weiter. Dieses Bilderbuch hilft Kindern ab drei Jahren, um \u00fcber die schwierigen Themen \u00c4lterwerden, Sterben und Tod zu sprechen. Mit einfachen und behutsamen Worten werden die Abschiedszenen formuliert; liebevoll und ausdrucksstark sind die Hauptdarsteller von der bekannten \u00f6sterreichischen Zeichnerin Heide St\u00f6llinger dargestellt.<\/span><\/td><\/tr><tr><td colspan='2'><a href='#' onclick='history.back(); return false'>Zur\u00fcck<\/a><\/td><\/tr><\/tbody><\/table>\n","protected":false},"excerpt":{"rendered":"","protected":false},"author":1,"featured_media":0,"parent":0,"menu_order":0,"comment_status":"closed","ping_status":"closed","template":"","meta":[],"_links":{"self":[{"href":"https:\/\/www.web-rr.de\/GHS-Buecherei\/index.php\/wp-json\/wp\/v2\/pages\/5313"}],"collection":[{"href":"https:\/\/www.web-rr.de\/GHS-Buecherei\/index.php\/wp-json\/wp\/v2\/pages"}],"about":[{"href":"https:\/\/www.web-rr.de\/GHS-Buecherei\/index.php\/wp-json\/wp\/v2\/types\/page"}],"author":[{"embeddable":true,"href":"https:\/\/www.web-rr.de\/GHS-Buecherei\/index.php\/wp-json\/wp\/v2\/users\/1"}],"replies":[{"embeddable":true,"href":"https:\/\/www.web-rr.de\/GHS-Buecherei\/index.php\/wp-json\/wp\/v2\/comments?post=5313"}],"version-history":[{"count":0,"href":"https:\/\/www.web-rr.de\/GHS-Buecherei\/index.php\/wp-json\/wp\/v2\/pages\/5313\/revisions"}],"wp:attachment":[{"href":"https:\/\/www.web-rr.de\/GHS-Buecherei\/index.php\/wp-json\/wp\/v2\/media?parent=5313"}],"curies":[{"name":"wp","href":"https:\/\/api.w.org\/{rel}","templated":true}]}}