{"id":5312,"date":"2021-02-23T20:00:00","date_gmt":"2021-02-23T20:00:00","guid":{"rendered":"https:\/\/www.web-rr.de\/GHS-Buecherei\/?page_id=5312"},"modified":"2021-02-22T23:59:59","modified_gmt":"2021-02-22T23:59:59","slug":"p9783940078070","status":"publish","type":"page","link":"https:\/\/www.web-rr.de\/GHS-Buecherei\/index.php\/p9783940078070\/","title":{"rendered":"Religion 57"},"content":{"rendered":"<table><tbody><tr><td class='rDTitel' colspan='2'>Hallo Himmel \u00ad- hier Erde!: (Wir) Kinder beten anders<\/td><\/tr><tr><td><span class='rDLabel1'>Status: <\/span><span class='rDText1Gruen'>vorhanden<\/span><\/td><td><span class='rDLabel1'>Antolin: <\/span><span class='rDText1Rot'>Quiz nicht vorhanden.<\/span><\/td><\/tr><tr><td width=50%><img src='https:\/\/www.web-rr.de\/GHS-Buecherei\/wp-content\/uploads\/9783940078070.jpg' alt=''><\/td><td><p class='rDLabel2'>von <span class='rDText2'>Marietta Becker<\/span><\/p><p class='rDLabel2'>Verlag: <span class='rDText2'>Fuchs, Monika,  2009,  19.90 \u20ac<\/span><\/p><p class='rDLabel2'>B\u00fccherei-Barcode: <span class='rDText2'>9783940078070<\/span><\/p><p class='rDLabel2'>In der B\u00fccherei erfasst am: <span class='rDText2'>01.04.2014<\/span><\/p><p class='rDLabel2'>Stichw\u00f6rter: <span class='rDText2'>Gebete, Beten<\/span><\/p><p class='rDLabel2'>Lesealter ca. <span class='rDText2'>-<\/span><span class='rDLabel2'> Jahre<\/span><\/p><p class='rDLabel2'>Das Buch wurde <span class='rDText2'>0<\/span><span class='rDLabel2'> mal gelesen.<\/span><\/p><\/td><\/tr><tr><td colspan='2'><p class='rDLabel1'>Inhalt:<\/p><span class='rDText2'>Wie wollen wir geh\u00f6rt werden,wenn wir nicht reden?Wenn Kinder ihr Wort vertrauensvoll an Gott richten,w\u00e4chst Gottvertrauen.(Barbara Hofer-Kr\u00f6ner) Wie kann ich mit meinem Kind beten? Marietta Becker, die Autorin dieses Buches, hat die Erfahrung gemacht: Nicht das Auswendiglernen von kleinen Versen hat ihrer Tochter das Beten nahe gebracht, sondern die Ermunterung, mit Gott zu sprechen wie mit ihrer besten Freundin: so, wie ihr der Schnabel gewachsen ist. Um Eltern eine kleine Handreichung zu geben, wie man mit Kindern dieses Sprechen mit Gott ein\u00fcben kann, hat sie gemeinsam mit ihrer Tochter die Texte dieses Buches entwickelt. Sie hofft, dass es V\u00e4tern und M\u00fcttern gemeinsam mit ihren Kindern den Einstieg in das Gespr\u00e4ch mit Gott erleichtert. Die 20 Texte sind dabei als Anregungen zu verstehen, wie man die Lebenswelt von Kindern zwischen 4 und 9 Jahren ins Gebet bringen kann. Im gro\u00dfen Elternbuch sind die Gebetsanregungen ausformuliert. Das kleine Heft f\u00fcr die Kinder, das als Huckepack dem Elternbuch beigegeben ist, zeigt jeweils ein situa\u00adtionsbezogenes Bild und gibt ein paar Stichworte f\u00fcr den Beginn, damit das Kind seine eigenen Worte finden kann.<\/span><\/td><\/tr><tr><td colspan='2'><a href='#' onclick='history.back(); return false'>Zur\u00fcck<\/a><\/td><\/tr><\/tbody><\/table>\n","protected":false},"excerpt":{"rendered":"","protected":false},"author":1,"featured_media":0,"parent":0,"menu_order":0,"comment_status":"closed","ping_status":"closed","template":"","meta":[],"_links":{"self":[{"href":"https:\/\/www.web-rr.de\/GHS-Buecherei\/index.php\/wp-json\/wp\/v2\/pages\/5312"}],"collection":[{"href":"https:\/\/www.web-rr.de\/GHS-Buecherei\/index.php\/wp-json\/wp\/v2\/pages"}],"about":[{"href":"https:\/\/www.web-rr.de\/GHS-Buecherei\/index.php\/wp-json\/wp\/v2\/types\/page"}],"author":[{"embeddable":true,"href":"https:\/\/www.web-rr.de\/GHS-Buecherei\/index.php\/wp-json\/wp\/v2\/users\/1"}],"replies":[{"embeddable":true,"href":"https:\/\/www.web-rr.de\/GHS-Buecherei\/index.php\/wp-json\/wp\/v2\/comments?post=5312"}],"version-history":[{"count":0,"href":"https:\/\/www.web-rr.de\/GHS-Buecherei\/index.php\/wp-json\/wp\/v2\/pages\/5312\/revisions"}],"wp:attachment":[{"href":"https:\/\/www.web-rr.de\/GHS-Buecherei\/index.php\/wp-json\/wp\/v2\/media?parent=5312"}],"curies":[{"name":"wp","href":"https:\/\/api.w.org\/{rel}","templated":true}]}}