{"id":5310,"date":"2021-02-23T20:00:00","date_gmt":"2021-02-23T20:00:00","guid":{"rendered":"https:\/\/www.web-rr.de\/GHS-Buecherei\/?page_id=5310"},"modified":"2021-02-22T23:59:59","modified_gmt":"2021-02-22T23:59:59","slug":"p9783894033491","status":"publish","type":"page","link":"https:\/\/www.web-rr.de\/GHS-Buecherei\/index.php\/p9783894033491\/","title":{"rendered":"Religion 55"},"content":{"rendered":"<table><tbody><tr><td class='rDTitel' colspan='2'>Domino und die Angst: Ein therapeutisches Bilderbuch f\u00fcr Kinder, Jugendliche und Erwachsene<\/td><\/tr><tr><td><span class='rDLabel1'>Status: <\/span><span class='rDText1Gruen'>vorhanden<\/span><\/td><td><span class='rDLabel1'>Antolin: <\/span><span class='rDText1Rot'>Quiz nicht vorhanden.<\/span><\/td><\/tr><tr><td width=50%><img src='https:\/\/www.web-rr.de\/GHS-Buecherei\/wp-content\/uploads\/9783894033491.jpg' alt=''><\/td><td><p class='rDLabel2'>von <span class='rDText2'>Monika Wieber<\/span><\/p><p class='rDLabel2'>Verlag: <span class='rDText2'>Iskopress,  2010,  19.50 \u20ac<\/span><\/p><p class='rDLabel2'>B\u00fccherei-Barcode: <span class='rDText2'>9783894033491<\/span><\/p><p class='rDLabel2'>In der B\u00fccherei erfasst am: <span class='rDText2'>01.04.2014<\/span><\/p><p class='rDLabel2'>Stichw\u00f6rter: <span class='rDText2'>Mut, Angst<\/span><\/p><p class='rDLabel2'>Lesealter ca. <span class='rDText2'>-<\/span><span class='rDLabel2'> Jahre<\/span><\/p><p class='rDLabel2'>Das Buch wurde <span class='rDText2'>0<\/span><span class='rDLabel2'> mal gelesen.<\/span><\/p><\/td><\/tr><tr><td colspan='2'><p class='rDLabel1'>Inhalt:<\/p><span class='rDText2'>Angst ist ein Gef\u00fchl, das wir alle kennen und das niemand will. Dabei ist Angst ein durchaus n\u00fctzliches Gef\u00fchl: Sie warnt uns vor Gefahren und l\u00e4sst uns f\u00fcr die Zukunft sorgen. Trotzdem hat die Angst keinen guten Ruf: Wer m\u00f6chte schon als 'Angsthase' erscheinen? Deshalb f\u00e4llt es vielen von uns \u2013 Kindern wie Erwachsenen \u2013 schwer, \u00fcber unsere Angst zu sprechen. Mit ihrem Bilderbuch bietet Monika Wieber kleinen und gro\u00dfen Betrachtern die M\u00f6glichkeit, sich von dem Gef\u00fchl der Angst zu distanzieren, um so \u2013 aus sicherer Entfernung \u2013 das Gef\u00fchl anerkennen und erforschen zu k\u00f6nnen. Die Tiere, denen der Hund Domino begegnet, verbergen ihre Angst nicht. Sie zeigen sie auf unterschiedliche Weise: Schmetterling und Gans fliegen weg, der kleine Eisb\u00e4r fl\u00fcchtet sich zu seiner Mutter, das Nashorn k\u00e4mpft usw. Und schlie\u00dflich erkennt Domino, dass auch er nicht frei ist von Angst\u2026<\/span><\/td><\/tr><tr><td colspan='2'><a href='#' onclick='history.back(); return false'>Zur\u00fcck<\/a><\/td><\/tr><\/tbody><\/table>\n","protected":false},"excerpt":{"rendered":"","protected":false},"author":1,"featured_media":0,"parent":0,"menu_order":0,"comment_status":"closed","ping_status":"closed","template":"","meta":[],"_links":{"self":[{"href":"https:\/\/www.web-rr.de\/GHS-Buecherei\/index.php\/wp-json\/wp\/v2\/pages\/5310"}],"collection":[{"href":"https:\/\/www.web-rr.de\/GHS-Buecherei\/index.php\/wp-json\/wp\/v2\/pages"}],"about":[{"href":"https:\/\/www.web-rr.de\/GHS-Buecherei\/index.php\/wp-json\/wp\/v2\/types\/page"}],"author":[{"embeddable":true,"href":"https:\/\/www.web-rr.de\/GHS-Buecherei\/index.php\/wp-json\/wp\/v2\/users\/1"}],"replies":[{"embeddable":true,"href":"https:\/\/www.web-rr.de\/GHS-Buecherei\/index.php\/wp-json\/wp\/v2\/comments?post=5310"}],"version-history":[{"count":0,"href":"https:\/\/www.web-rr.de\/GHS-Buecherei\/index.php\/wp-json\/wp\/v2\/pages\/5310\/revisions"}],"wp:attachment":[{"href":"https:\/\/www.web-rr.de\/GHS-Buecherei\/index.php\/wp-json\/wp\/v2\/media?parent=5310"}],"curies":[{"name":"wp","href":"https:\/\/api.w.org\/{rel}","templated":true}]}}