{"id":5308,"date":"2021-02-23T20:00:00","date_gmt":"2021-02-23T20:00:00","guid":{"rendered":"https:\/\/www.web-rr.de\/GHS-Buecherei\/?page_id=5308"},"modified":"2021-02-22T23:59:59","modified_gmt":"2021-02-22T23:59:59","slug":"p9783579067315","status":"publish","type":"page","link":"https:\/\/www.web-rr.de\/GHS-Buecherei\/index.php\/p9783579067315\/","title":{"rendered":"Religion 53"},"content":{"rendered":"<table><tbody><tr><td class='rDTitel' colspan='2'>CHI RHO auferweckt: Die gro\u00dfe \u00dcberraschung<\/td><\/tr><tr><td><span class='rDLabel1'>Status: <\/span><span class='rDText1Gruen'>vorhanden<\/span><\/td><td><span class='rDLabel1'>Antolin: <\/span><span class='rDText1Rot'>Quiz nicht vorhanden.<\/span><\/td><\/tr><tr><td width=50%><img src='https:\/\/www.web-rr.de\/GHS-Buecherei\/wp-content\/uploads\/9783579067315.jpg' alt=''><\/td><td><p class='rDLabel2'>von <span class='rDText2'>Roland Rosenstock<\/span><\/p><p class='rDLabel2'>Verlag: <span class='rDText2'>G\u00fctersloher Verlagshaus,  2011,  9.99 \u20ac<\/span><\/p><p class='rDLabel2'>B\u00fccherei-Barcode: <span class='rDText2'>9783579067315<\/span><\/p><p class='rDLabel2'>In der B\u00fccherei erfasst am: <span class='rDText2'>01.04.2014<\/span><\/p><p class='rDLabel2'>Stichw\u00f6rter: <span class='rDText2'>Bibel, Ostern, Jesus, Auferstehung<\/span><\/p><p class='rDLabel2'>Lesealter ca. <span class='rDText2'>-<\/span><span class='rDLabel2'> Jahre<\/span><\/p><p class='rDLabel2'>Das Buch wurde <span class='rDText2'>0<\/span><span class='rDLabel2'> mal gelesen.<\/span><\/p><\/td><\/tr><tr><td colspan='2'><p class='rDLabel1'>Inhalt:<\/p><span class='rDText2'>Ein spannendes Zeitreiseabenteuer vor biblischem Hintergrund- Die hochwertige Animationsserie l\u00e4uft seit November 2010 in 26 halbst\u00fcndigen Episoden auf KI.KA- Trailerkampagne und Crosspromotion in anderen Fernsehsendungen- Walking Acts auf dem Kirchentag Dresden 2011Jesus ist am Kreuz gestorben. Doch als Cora und Habib nach Golgatha kommen, finden sie Jesus nicht mehr am Kreuz. Wo ist er? Maria Magdalena wei\u00df mehr: Jesus ist auferstanden! Aber ehe sie diese frohe Botschaft den J\u00fcngern Jesu berichten kann, wird sie entf\u00fchrt. All das sieht sehr nach den Taten des b\u00f6sen Hreel aus. K\u00f6nnen Cora und ihre Freunde Maria Magdalena finden und befreien? Wird sie dann die J\u00fcnger von Jesu Auferstehung \u00fcberzeugen k\u00f6nnen?<\/span><\/td><\/tr><tr><td colspan='2'><a href='#' onclick='history.back(); return false'>Zur\u00fcck<\/a><\/td><\/tr><\/tbody><\/table>\n","protected":false},"excerpt":{"rendered":"","protected":false},"author":1,"featured_media":0,"parent":0,"menu_order":0,"comment_status":"closed","ping_status":"closed","template":"","meta":[],"_links":{"self":[{"href":"https:\/\/www.web-rr.de\/GHS-Buecherei\/index.php\/wp-json\/wp\/v2\/pages\/5308"}],"collection":[{"href":"https:\/\/www.web-rr.de\/GHS-Buecherei\/index.php\/wp-json\/wp\/v2\/pages"}],"about":[{"href":"https:\/\/www.web-rr.de\/GHS-Buecherei\/index.php\/wp-json\/wp\/v2\/types\/page"}],"author":[{"embeddable":true,"href":"https:\/\/www.web-rr.de\/GHS-Buecherei\/index.php\/wp-json\/wp\/v2\/users\/1"}],"replies":[{"embeddable":true,"href":"https:\/\/www.web-rr.de\/GHS-Buecherei\/index.php\/wp-json\/wp\/v2\/comments?post=5308"}],"version-history":[{"count":0,"href":"https:\/\/www.web-rr.de\/GHS-Buecherei\/index.php\/wp-json\/wp\/v2\/pages\/5308\/revisions"}],"wp:attachment":[{"href":"https:\/\/www.web-rr.de\/GHS-Buecherei\/index.php\/wp-json\/wp\/v2\/media?parent=5308"}],"curies":[{"name":"wp","href":"https:\/\/api.w.org\/{rel}","templated":true}]}}