{"id":5301,"date":"2021-02-23T20:00:00","date_gmt":"2021-02-23T20:00:00","guid":{"rendered":"https:\/\/www.web-rr.de\/GHS-Buecherei\/?page_id=5301"},"modified":"2021-02-22T23:59:59","modified_gmt":"2021-02-22T23:59:59","slug":"p9783570131329","status":"publish","type":"page","link":"https:\/\/www.web-rr.de\/GHS-Buecherei\/index.php\/p9783570131329\/","title":{"rendered":"Religion 46"},"content":{"rendered":"<table><tbody><tr><td class='rDTitel' colspan='2'>Frag doch mal ... die Maus - Fragen zu Gott, der Welt und den gro\u00dfen Religionen<\/td><\/tr><tr><td><span class='rDLabel1'>Status: <\/span><span class='rDText1Gruen'>vorhanden<\/span><\/td><td><span class='rDLabel1'>Antolin: <\/span><span class='rDText1Gruen'>ja, Empfehlung Klasse 4<\/span><\/td><\/tr><tr><td width=50%><img src='https:\/\/www.web-rr.de\/GHS-Buecherei\/wp-content\/uploads\/9783570131329.jpg' alt=''><\/td><td><p class='rDLabel2'>von <span class='rDText2'>Roland Rosenstock<\/span><\/p><p class='rDLabel2'>Verlag: <span class='rDText2'>cbj,  2006,  14.90 \u20ac<\/span><\/p><p class='rDLabel2'>B\u00fccherei-Barcode: <span class='rDText2'>9783570131329<\/span><\/p><p class='rDLabel2'>In der B\u00fccherei erfasst am: <span class='rDText2'>01.04.2014<\/span><\/p><p class='rDLabel2'>Stichw\u00f6rter: <span class='rDText2'>Christentum, Islam, Judentum, Gott<\/span><\/p><p class='rDLabel2'>Lesealter ca. <span class='rDText2'>8<\/span><span class='rDLabel2'> Jahre<\/span><\/p><p class='rDLabel2'>Das Buch wurde <span class='rDText2'>3<\/span><span class='rDLabel2'> mal gelesen.<\/span><\/p><\/td><\/tr><tr><td colspan='2'><p class='rDLabel1'>Inhalt:<\/p><span class='rDText2'>Die gro\u00dfen Antwortb\u00fccher zur Frageaktion der \"Sendung mit der Maus\".Was interessiert Kinder wirklich? Das wollte die Maus in einer gro\u00df angelegten Frageaktion erfahren. Mehr als 75.000 Fragen sind in der Redaktion eingegangen. Beantwortet wurden sie aber nicht nur in der \"Sendung mit der Maus\", sondern auch in den gro\u00dfen \"Frag doch mal ... die Maus!\"-Sachb\u00fcchern. Kinder stellen Fragen zu Gott und der Welt, in der sie leben. Eine Welt, in der ihre Freunde im Kindergarten und der Schule oft anderen Religionen angeh\u00f6ren als sie selbst. Glauben alle Menschen an einen Gott? Was geschieht in einer Synagoge? Warum gibt es in Indien heilige K\u00fche? Verdient der Papst auch Geld? Kinder wollen es wissen! Leicht verst\u00e4ndliche und unterhaltsame Antworten erkl\u00e4ren Traditionen, Werte und Inhalte des Christentums und anderer Weltreligionen. Dabei ist ein Standardwerk entstanden, das Gemeinsamkeiten und Besonderheiten der einzelnen Glaubensrichtungen aufzeigt und auf diese Weise f\u00fcr Verst\u00e4ndnis und Toleranz wirbt. \u2022 Mausschlaue Antworten auf die wichtigsten Kinderfragen\u2022 Mit liebevollen Illustrationen von Antje von Stemm\u2022 Das ideale Geschenkbuch f\u00fcr neugierige Kinder<\/span><\/td><\/tr><tr><td colspan='2'><a href='#' onclick='history.back(); return false'>Zur\u00fcck<\/a><\/td><\/tr><\/tbody><\/table>\n","protected":false},"excerpt":{"rendered":"","protected":false},"author":1,"featured_media":0,"parent":0,"menu_order":0,"comment_status":"closed","ping_status":"closed","template":"","meta":[],"_links":{"self":[{"href":"https:\/\/www.web-rr.de\/GHS-Buecherei\/index.php\/wp-json\/wp\/v2\/pages\/5301"}],"collection":[{"href":"https:\/\/www.web-rr.de\/GHS-Buecherei\/index.php\/wp-json\/wp\/v2\/pages"}],"about":[{"href":"https:\/\/www.web-rr.de\/GHS-Buecherei\/index.php\/wp-json\/wp\/v2\/types\/page"}],"author":[{"embeddable":true,"href":"https:\/\/www.web-rr.de\/GHS-Buecherei\/index.php\/wp-json\/wp\/v2\/users\/1"}],"replies":[{"embeddable":true,"href":"https:\/\/www.web-rr.de\/GHS-Buecherei\/index.php\/wp-json\/wp\/v2\/comments?post=5301"}],"version-history":[{"count":0,"href":"https:\/\/www.web-rr.de\/GHS-Buecherei\/index.php\/wp-json\/wp\/v2\/pages\/5301\/revisions"}],"wp:attachment":[{"href":"https:\/\/www.web-rr.de\/GHS-Buecherei\/index.php\/wp-json\/wp\/v2\/media?parent=5301"}],"curies":[{"name":"wp","href":"https:\/\/api.w.org\/{rel}","templated":true}]}}