{"id":5295,"date":"2021-02-23T20:00:00","date_gmt":"2021-02-23T20:00:00","guid":{"rendered":"https:\/\/www.web-rr.de\/GHS-Buecherei\/?page_id=5295"},"modified":"2021-02-22T23:59:59","modified_gmt":"2021-02-22T23:59:59","slug":"p9783939905134","status":"publish","type":"page","link":"https:\/\/www.web-rr.de\/GHS-Buecherei\/index.php\/p9783939905134\/","title":{"rendered":"Religion 40"},"content":{"rendered":"<table><tbody><tr><td class='rDTitel' colspan='2'>Das Kinderbuch zum Gottesdienst<\/td><\/tr><tr><td><span class='rDLabel1'>Status: <\/span><span class='rDText1Gruen'>vorhanden<\/span><\/td><td><span class='rDLabel1'>Antolin: <\/span><span class='rDText1Rot'>Quiz nicht vorhanden.<\/span><\/td><\/tr><tr><td width=50%><img src='https:\/\/www.web-rr.de\/GHS-Buecherei\/wp-content\/uploads\/9783939905134.jpg' alt=''><\/td><td><p class='rDLabel2'>von <span class='rDText2'>Gerda Harprath<\/span><\/p><p class='rDLabel2'>Verlag: <span class='rDText2'>Verlag Sankt Michaelsbund,  2008,  13.95 \u20ac<\/span><\/p><p class='rDLabel2'>B\u00fccherei-Barcode: <span class='rDText2'>9783939905134<\/span><\/p><p class='rDLabel2'>In der B\u00fccherei erfasst am: <span class='rDText2'>01.04.2014<\/span><\/p><p class='rDLabel2'>Stichw\u00f6rter: <span class='rDText2'>Christentum, Kirche, Gottesdienst, Messe<\/span><\/p><p class='rDLabel2'>Lesealter ca. <span class='rDText2'>-<\/span><span class='rDLabel2'> Jahre<\/span><\/p><p class='rDLabel2'>Das Buch wurde <span class='rDText2'>1<\/span><span class='rDLabel2'> mal gelesen.<\/span><\/p><\/td><\/tr><tr><td colspan='2'><p class='rDLabel1'>Inhalt:<\/p><span class='rDText2'>Die wichtigesten Begriffe rund um die Heilige Messe - ein lang erwartetes, religi\u00f6ses SachbuchWas genau passiert bei einer Messe? Warum hei\u00dft sie \u00fcberhaupt so? Warum wird in den Kelch nicht nur Wein, sondern auch Wasser gegossen? Diese und viele Fragen beantwortet das \"Kinderbuch zum Gottesdienst\". Hier werden Bedeutung und Ablauf des katholischen Gottesdienstes sowie die dabei verwendeten Ger\u00e4te erkl\u00e4rt und es werden die Personen vorgestellt, die in einer Messe eine wichtige Rolle spielen. Der Band beschreibt au\u00dferdem die wichtigsten Elemente eines Kirchenraumes. Am Schluss steht dann ein eigenes Kapitel \u00fcber die Kirchenmusik.,Komplizierte theologische Sachverhalte so einfach, klar und nachvollziehbar wie m\u00f6glich darzustellen, das ist das Ziel von Gerda und Ulrich Harprath. Mit dem \"Papstbuch f\u00fcr Kinder\" gelang ihnen bereits ein gro\u00dfer Erfolg. Das reich bebilderte und anschaulich gestaltete \"Kinderbuch zum Gottesdienst\" schlie\u00dft daran an.F\u00fcr Kommunionkinder und Firmlinge, aber auch f\u00fcr Erwachsene, denen theologische Standardwerke zu kompliziert sind.<\/span><\/td><\/tr><tr><td colspan='2'><a href='#' onclick='history.back(); return false'>Zur\u00fcck<\/a><\/td><\/tr><\/tbody><\/table>\n","protected":false},"excerpt":{"rendered":"","protected":false},"author":1,"featured_media":0,"parent":0,"menu_order":0,"comment_status":"closed","ping_status":"closed","template":"","meta":[],"_links":{"self":[{"href":"https:\/\/www.web-rr.de\/GHS-Buecherei\/index.php\/wp-json\/wp\/v2\/pages\/5295"}],"collection":[{"href":"https:\/\/www.web-rr.de\/GHS-Buecherei\/index.php\/wp-json\/wp\/v2\/pages"}],"about":[{"href":"https:\/\/www.web-rr.de\/GHS-Buecherei\/index.php\/wp-json\/wp\/v2\/types\/page"}],"author":[{"embeddable":true,"href":"https:\/\/www.web-rr.de\/GHS-Buecherei\/index.php\/wp-json\/wp\/v2\/users\/1"}],"replies":[{"embeddable":true,"href":"https:\/\/www.web-rr.de\/GHS-Buecherei\/index.php\/wp-json\/wp\/v2\/comments?post=5295"}],"version-history":[{"count":0,"href":"https:\/\/www.web-rr.de\/GHS-Buecherei\/index.php\/wp-json\/wp\/v2\/pages\/5295\/revisions"}],"wp:attachment":[{"href":"https:\/\/www.web-rr.de\/GHS-Buecherei\/index.php\/wp-json\/wp\/v2\/media?parent=5295"}],"curies":[{"name":"wp","href":"https:\/\/api.w.org\/{rel}","templated":true}]}}