{"id":5291,"date":"2021-02-23T20:00:00","date_gmt":"2021-02-23T20:00:00","guid":{"rendered":"https:\/\/www.web-rr.de\/GHS-Buecherei\/?page_id=5291"},"modified":"2021-02-22T23:59:59","modified_gmt":"2021-02-22T23:59:59","slug":"p9783922805977","status":"publish","type":"page","link":"https:\/\/www.web-rr.de\/GHS-Buecherei\/index.php\/p9783922805977\/","title":{"rendered":"Religion 36"},"content":{"rendered":"<table><tbody><tr><td class='rDTitel' colspan='2'>\u00bbTsch\u00fcss, Kazimir!\u00ab<\/td><\/tr><tr><td><span class='rDLabel1'>Status: <\/span><span class='rDText1Gruen'>vorhanden<\/span><\/td><td><span class='rDLabel1'>Antolin: <\/span><span class='rDText1Rot'>Quiz nicht vorhanden.<\/span><\/td><\/tr><tr><td width=50%><img src='https:\/\/www.web-rr.de\/GHS-Buecherei\/wp-content\/uploads\/9783922805977.jpg' alt=''><\/td><td><p class='rDLabel2'>von <span class='rDText2'>Moritz Toenne<\/span><\/p><p class='rDLabel2'>Verlag: <span class='rDText2'>Quensen Druck + Verlag,  2008,  6.95 \u20ac<\/span><\/p><p class='rDLabel2'>B\u00fccherei-Barcode: <span class='rDText2'>9783922805977<\/span><\/p><p class='rDLabel2'>In der B\u00fccherei erfasst am: <span class='rDText2'>01.04.2014<\/span><\/p><p class='rDLabel2'>Stichw\u00f6rter: <span class='rDText2'>Krankheit, Krebs<\/span><\/p><p class='rDLabel2'>Lesealter ca. <span class='rDText2'>-<\/span><span class='rDLabel2'> Jahre<\/span><\/p><p class='rDLabel2'>Das Buch wurde <span class='rDText2'>0<\/span><span class='rDLabel2'> mal gelesen.<\/span><\/p><\/td><\/tr><tr><td colspan='2'><p class='rDLabel1'>Inhalt:<\/p><span class='rDText2'>'Hallo, das ist David. Er ist sechs Jahre alt und soll diesen Sommer in die Schule kommen. Neben David siehst Du seine Familie: seine gro\u00dfe Schwester Lena, seine kleine Schwester Paula und seine Eltern. Der kleine Elefant neben ihm hei\u00dft Norbert. Und dann ist da noch Kazimir - ein kleiner Krebs. Leider kannst Du ihn gerade nicht sehen, da er sich in Davids Bauch verirrt hat.'So beginnt die Geschichte des kleinen Davids, der an Krebs erkrankt ist.'Tsch\u00fcss, Kazimir!' ist ein Vorlesebuch, das Davids Zeit w\u00e4hrend der Therapie beschreibt und dem erkrankten Kind sowie seinen Eltern im ersten Moment der Diagnosestellung und im weiteren Verlauf der Therapie unterst\u00fctzend zur Seite stehen soll.'Tsch\u00fcss, Kazimir!' ist als Vorlesebuch f\u00fcr betroffene Kinder von 3 bis 6 Jahren, ihre Angeh\u00f6rigen und gesunde Kinder im Rahmen der Aufkl\u00e4rung geeignet.<\/span><\/td><\/tr><tr><td colspan='2'><a href='#' onclick='history.back(); return false'>Zur\u00fcck<\/a><\/td><\/tr><\/tbody><\/table>\n","protected":false},"excerpt":{"rendered":"","protected":false},"author":1,"featured_media":0,"parent":0,"menu_order":0,"comment_status":"closed","ping_status":"closed","template":"","meta":[],"_links":{"self":[{"href":"https:\/\/www.web-rr.de\/GHS-Buecherei\/index.php\/wp-json\/wp\/v2\/pages\/5291"}],"collection":[{"href":"https:\/\/www.web-rr.de\/GHS-Buecherei\/index.php\/wp-json\/wp\/v2\/pages"}],"about":[{"href":"https:\/\/www.web-rr.de\/GHS-Buecherei\/index.php\/wp-json\/wp\/v2\/types\/page"}],"author":[{"embeddable":true,"href":"https:\/\/www.web-rr.de\/GHS-Buecherei\/index.php\/wp-json\/wp\/v2\/users\/1"}],"replies":[{"embeddable":true,"href":"https:\/\/www.web-rr.de\/GHS-Buecherei\/index.php\/wp-json\/wp\/v2\/comments?post=5291"}],"version-history":[{"count":0,"href":"https:\/\/www.web-rr.de\/GHS-Buecherei\/index.php\/wp-json\/wp\/v2\/pages\/5291\/revisions"}],"wp:attachment":[{"href":"https:\/\/www.web-rr.de\/GHS-Buecherei\/index.php\/wp-json\/wp\/v2\/media?parent=5291"}],"curies":[{"name":"wp","href":"https:\/\/api.w.org\/{rel}","templated":true}]}}