{"id":5283,"date":"2021-02-23T20:00:00","date_gmt":"2021-02-23T20:00:00","guid":{"rendered":"https:\/\/www.web-rr.de\/GHS-Buecherei\/?page_id=5283"},"modified":"2021-02-22T23:59:59","modified_gmt":"2021-02-22T23:59:59","slug":"p9783784033907","status":"publish","type":"page","link":"https:\/\/www.web-rr.de\/GHS-Buecherei\/index.php\/p9783784033907\/","title":{"rendered":"Religion 28"},"content":{"rendered":"<table><tbody><tr><td class='rDTitel' colspan='2'>Das gro\u00dfe Spiel- und Bastelbuch zur Bibel<\/td><\/tr><tr><td><span class='rDLabel1'>Status: <\/span><span class='rDText1Gruen'>vorhanden<\/span><\/td><td><span class='rDLabel1'>Antolin: <\/span><span class='rDText1Rot'>Quiz nicht vorhanden.<\/span><\/td><\/tr><tr><td width=50%><img src='https:\/\/www.web-rr.de\/GHS-Buecherei\/wp-content\/uploads\/9783784033907.jpg' alt=''><\/td><td><p class='rDLabel2'>von <span class='rDText2'>Merc\u00e8 Segarra<\/span><\/p><p class='rDLabel2'>Verlag: <span class='rDText2'>Lahn-Verlag,  2007,  27.90 \u20ac<\/span><\/p><p class='rDLabel2'>B\u00fccherei-Barcode: <span class='rDText2'>9783784033907<\/span><\/p><p class='rDLabel2'>In der B\u00fccherei erfasst am: <span class='rDText2'>01.05.2016<\/span><\/p><p class='rDLabel2'>Stichw\u00f6rter: <span class='rDText2'><\/span><\/p><p class='rDLabel2'>Lesealter ca. <span class='rDText2'>-<\/span><span class='rDLabel2'> Jahre<\/span><\/p><p class='rDLabel2'>Das Buch wurde <span class='rDText2'>0<\/span><span class='rDLabel2'> mal gelesen.<\/span><\/p><\/td><\/tr><tr><td colspan='2'><p class='rDLabel1'>Inhalt:<\/p><span class='rDText2'>Kinder sind leicht f\u00fcr Geschichten aus der Bibel zu begeistern \u2013 ganz besonders, wenn man ihnen einen kreativen Zugang zu diesen Texten bietet. Das Buch liefert hierzu Ideen und Material. In \u00fcber 40 kleinen Einheiten finden Kinder jeweils altersgem\u00e4\u00dfe Zusammenfassungen bekannter biblischer Geschichten und dazu passende Anregungen, sich spielerisch mit dem Inhalt auseinanderzusetzen. So gibt es zur Erz\u00e4hlung von David und Goliat z.B. ein Wurfspiel, zur Geschichte von Daniel in der L\u00f6wengrube eine Bastelanleitung f\u00fcr eine L\u00f6wenmaske und zur Erz\u00e4hlung von der Hochzeit zu Kana eine Anleitung zur Herstellung eines leckeren Fruchtsaftes. Ein originelles Buch, das mit seinen pfiffigen vierfarbigen Illustrationen jede Menge Lust darauf macht, die Bibel kennen zu lernen.<\/span><\/td><\/tr><tr><td colspan='2'><a href='#' onclick='history.back(); return false'>Zur\u00fcck<\/a><\/td><\/tr><\/tbody><\/table>\n","protected":false},"excerpt":{"rendered":"","protected":false},"author":1,"featured_media":0,"parent":0,"menu_order":0,"comment_status":"closed","ping_status":"closed","template":"","meta":[],"_links":{"self":[{"href":"https:\/\/www.web-rr.de\/GHS-Buecherei\/index.php\/wp-json\/wp\/v2\/pages\/5283"}],"collection":[{"href":"https:\/\/www.web-rr.de\/GHS-Buecherei\/index.php\/wp-json\/wp\/v2\/pages"}],"about":[{"href":"https:\/\/www.web-rr.de\/GHS-Buecherei\/index.php\/wp-json\/wp\/v2\/types\/page"}],"author":[{"embeddable":true,"href":"https:\/\/www.web-rr.de\/GHS-Buecherei\/index.php\/wp-json\/wp\/v2\/users\/1"}],"replies":[{"embeddable":true,"href":"https:\/\/www.web-rr.de\/GHS-Buecherei\/index.php\/wp-json\/wp\/v2\/comments?post=5283"}],"version-history":[{"count":0,"href":"https:\/\/www.web-rr.de\/GHS-Buecherei\/index.php\/wp-json\/wp\/v2\/pages\/5283\/revisions"}],"wp:attachment":[{"href":"https:\/\/www.web-rr.de\/GHS-Buecherei\/index.php\/wp-json\/wp\/v2\/media?parent=5283"}],"curies":[{"name":"wp","href":"https:\/\/api.w.org\/{rel}","templated":true}]}}