{"id":5282,"date":"2021-02-23T20:00:00","date_gmt":"2021-02-23T20:00:00","guid":{"rendered":"https:\/\/www.web-rr.de\/GHS-Buecherei\/?page_id=5282"},"modified":"2021-02-22T23:59:59","modified_gmt":"2021-02-22T23:59:59","slug":"p9783766841247","status":"publish","type":"page","link":"https:\/\/www.web-rr.de\/GHS-Buecherei\/index.php\/p9783766841247\/","title":{"rendered":"Religion 27"},"content":{"rendered":"<table><tbody><tr><td class='rDTitel' colspan='2'>Warum steht auf Opas Grab ein Stein?: Beerdigungsbr\u00e4uche erkl\u00e4rt von Kindern f\u00fcr Kinder<\/td><\/tr><tr><td><span class='rDLabel1'>Status: <\/span><span class='rDText1Gruen'>vorhanden<\/span><\/td><td><span class='rDLabel1'>Antolin: <\/span><span class='rDText1Rot'>Quiz nicht vorhanden.<\/span><\/td><\/tr><tr><td width=50%><img src='https:\/\/www.web-rr.de\/GHS-Buecherei\/wp-content\/uploads\/9783766841247.jpg' alt=''><\/td><td><p class='rDLabel2'>von <span class='rDText2'>-<\/span><\/p><p class='rDLabel2'>Verlag: <span class='rDText2'>Calwer,  2013,  3.50 \u20ac<\/span><\/p><p class='rDLabel2'>B\u00fccherei-Barcode: <span class='rDText2'>9783766841247<\/span><\/p><p class='rDLabel2'>In der B\u00fccherei erfasst am: <span class='rDText2'>01.04.2014<\/span><\/p><p class='rDLabel2'>Stichw\u00f6rter: <span class='rDText2'>Sterben, Tod, Trauer, Beerdigung<\/span><\/p><p class='rDLabel2'>Lesealter ca. <span class='rDText2'>-<\/span><span class='rDLabel2'> Jahre<\/span><\/p><p class='rDLabel2'>Das Buch wurde <span class='rDText2'>0<\/span><span class='rDLabel2'> mal gelesen.<\/span><\/p><\/td><\/tr><tr><td colspan='2'><p class='rDLabel1'>Inhalt:<\/p><span class='rDText2'>Kinder sind neugierig und wollen ihre Umwelt erkunden. Sie stellen viele Fragen, auch in fremden und schwierigen Situationen des Lebens. Der Tod eines Menschen und seine Beerdigung ist so eine schwierige Situation, die viele Fragen aufwirft. Kinder m\u00f6chten wissen, wie eine Beerdigung abl\u00e4uft. Was geschieht da? Und warum macht man das?Das B\u00fcchlein \u00fcber die Beerdigungsbr\u00e4uche gibt Antworten auf diese Fragen. Die Bilder sind von Grundschulkindern gemalt und erfassen die Situation der Beerdigung aus kindlicher Perspektive. Die Erkl\u00e4rungen stammen von Oberstufensch\u00fclern, die z. T. Beerdigungen erlebt haben und vor diesem Hintergrund ihre Antworten formulieren, die sie im Religionsunterricht erarbeitet haben.Dieser Beerdigungsf\u00fchrer ist ein Buch, das in der besonderen Situation der Beerdigung einf\u00fchlsam begleitet und Kindern hilft, Erlebtes zu verarbeiten und zu einem gemeinsamen Gespr\u00e4ch zu kommen. Dabei sind besonders Grundsch\u00fcler angesprochen, aber auch \u00fcber dieses Alter hinaus gibt das B\u00fcchlein sachgerechte Antworten.<\/span><\/td><\/tr><tr><td colspan='2'><a href='#' onclick='history.back(); return false'>Zur\u00fcck<\/a><\/td><\/tr><\/tbody><\/table>\n","protected":false},"excerpt":{"rendered":"","protected":false},"author":1,"featured_media":0,"parent":0,"menu_order":0,"comment_status":"closed","ping_status":"closed","template":"","meta":[],"_links":{"self":[{"href":"https:\/\/www.web-rr.de\/GHS-Buecherei\/index.php\/wp-json\/wp\/v2\/pages\/5282"}],"collection":[{"href":"https:\/\/www.web-rr.de\/GHS-Buecherei\/index.php\/wp-json\/wp\/v2\/pages"}],"about":[{"href":"https:\/\/www.web-rr.de\/GHS-Buecherei\/index.php\/wp-json\/wp\/v2\/types\/page"}],"author":[{"embeddable":true,"href":"https:\/\/www.web-rr.de\/GHS-Buecherei\/index.php\/wp-json\/wp\/v2\/users\/1"}],"replies":[{"embeddable":true,"href":"https:\/\/www.web-rr.de\/GHS-Buecherei\/index.php\/wp-json\/wp\/v2\/comments?post=5282"}],"version-history":[{"count":0,"href":"https:\/\/www.web-rr.de\/GHS-Buecherei\/index.php\/wp-json\/wp\/v2\/pages\/5282\/revisions"}],"wp:attachment":[{"href":"https:\/\/www.web-rr.de\/GHS-Buecherei\/index.php\/wp-json\/wp\/v2\/media?parent=5282"}],"curies":[{"name":"wp","href":"https:\/\/api.w.org\/{rel}","templated":true}]}}