{"id":5276,"date":"2021-02-23T20:00:00","date_gmt":"2021-02-23T20:00:00","guid":{"rendered":"https:\/\/www.web-rr.de\/GHS-Buecherei\/?page_id=5276"},"modified":"2021-02-22T23:59:59","modified_gmt":"2021-02-22T23:59:59","slug":"p9783854528951","status":"publish","type":"page","link":"https:\/\/www.web-rr.de\/GHS-Buecherei\/index.php\/p9783854528951\/","title":{"rendered":"Religion 21"},"content":{"rendered":"<table><tbody><tr><td class='rDTitel' colspan='2'>Papa wohnt jetzt anderswo<\/td><\/tr><tr><td><span class='rDLabel1'>Status: <\/span><span class='rDText1Gruen'>vorhanden<\/span><\/td><td><span class='rDLabel1'>Antolin: <\/span><span class='rDText1Gruen'>ja, Empfehlung Klasse 1<\/span><\/td><\/tr><tr><td width=50%><img src='https:\/\/www.web-rr.de\/GHS-Buecherei\/wp-content\/uploads\/9783854528951.jpg' alt=''><\/td><td><p class='rDLabel2'>von <span class='rDText2'>Gergely Kiss<\/span><\/p><p class='rDLabel2'>Verlag: <span class='rDText2'>Picus Verlag,  2007,  12.90 \u20ac<\/span><\/p><p class='rDLabel2'>B\u00fccherei-Barcode: <span class='rDText2'>9783854528951<\/span><\/p><p class='rDLabel2'>In der B\u00fccherei erfasst am: <span class='rDText2'>01.04.2014<\/span><\/p><p class='rDLabel2'>Stichw\u00f6rter: <span class='rDText2'>Scheidung, Patchwork, Familie, Trennung, Eltern<\/span><\/p><p class='rDLabel2'>Lesealter ca. <span class='rDText2'>6<\/span><span class='rDLabel2'> Jahre<\/span><\/p><p class='rDLabel2'>Das Buch wurde <span class='rDText2'>0<\/span><span class='rDLabel2'> mal gelesen.<\/span><\/p><\/td><\/tr><tr><td colspan='2'><p class='rDLabel1'>Inhalt:<\/p><span class='rDText2'>Dass Eltern sich trennen, geh\u00f6rt f\u00fcr Kinder zu den gr\u00f6\u00dften \u00c4ngsten. Auch dem kleinen Fuchs in Gergely Kiss neuem Kinderbuch geht es nicht anders. Fr\u00fcher hatten Mama und Papa und er einander noch wahnsinnig lieb. Aber dann wurde alles anders: Mama und Papa stritten immerzu, und schlie\u00dflich zog Papa eines Tages aus. Nun musste der kleine Fuchs allein Fu\u00dfball spielen, und auch vom Kindergarten holte Papa ihn nicht mehr ab. Und eines Tages erfuhr er, dass sein Papa nun eine neue Familie hat, mit einer neuen Frau und einem neuen Kind. Das konnte sich der kleine Fuchs erst gar nicht vorstellen, doch dann lernte er seine zweite Familie kennen, und im Sommer fuhr er sogar mit ihr ans Meer, wo sie alle gemeinsam im Wasser planschten. Heute ist der kleine Fuchs nicht mehr so traurig. Denn er wei\u00df: Er hat jetzt zwei Familien, und alle haben ihn lieb. Mit einem Augenzwinkern und viel Liebe zum Detail erz\u00e4hlt Gergely Kiss die Geschichte eines kleinen Fuchses, der glaubt, sich zwischen Mutter und Vater entscheiden zu m\u00fcssen.<\/span><\/td><\/tr><tr><td colspan='2'><a href='#' onclick='history.back(); return false'>Zur\u00fcck<\/a><\/td><\/tr><\/tbody><\/table>\n","protected":false},"excerpt":{"rendered":"","protected":false},"author":1,"featured_media":0,"parent":0,"menu_order":0,"comment_status":"closed","ping_status":"closed","template":"","meta":[],"_links":{"self":[{"href":"https:\/\/www.web-rr.de\/GHS-Buecherei\/index.php\/wp-json\/wp\/v2\/pages\/5276"}],"collection":[{"href":"https:\/\/www.web-rr.de\/GHS-Buecherei\/index.php\/wp-json\/wp\/v2\/pages"}],"about":[{"href":"https:\/\/www.web-rr.de\/GHS-Buecherei\/index.php\/wp-json\/wp\/v2\/types\/page"}],"author":[{"embeddable":true,"href":"https:\/\/www.web-rr.de\/GHS-Buecherei\/index.php\/wp-json\/wp\/v2\/users\/1"}],"replies":[{"embeddable":true,"href":"https:\/\/www.web-rr.de\/GHS-Buecherei\/index.php\/wp-json\/wp\/v2\/comments?post=5276"}],"version-history":[{"count":0,"href":"https:\/\/www.web-rr.de\/GHS-Buecherei\/index.php\/wp-json\/wp\/v2\/pages\/5276\/revisions"}],"wp:attachment":[{"href":"https:\/\/www.web-rr.de\/GHS-Buecherei\/index.php\/wp-json\/wp\/v2\/media?parent=5276"}],"curies":[{"name":"wp","href":"https:\/\/api.w.org\/{rel}","templated":true}]}}