{"id":5272,"date":"2021-02-23T20:00:00","date_gmt":"2021-02-23T20:00:00","guid":{"rendered":"https:\/\/www.web-rr.de\/GHS-Buecherei\/?page_id=5272"},"modified":"2021-02-22T23:59:59","modified_gmt":"2021-02-22T23:59:59","slug":"p9783769819236","status":"publish","type":"page","link":"https:\/\/www.web-rr.de\/GHS-Buecherei\/index.php\/p9783769819236\/","title":{"rendered":"Religion 17"},"content":{"rendered":"<table><tbody><tr><td class='rDTitel' colspan='2'>Erz\u00e4hl mir was von den Festen des Jahres: Das kleine Sachbuch Religion f\u00fcr Kinder<\/td><\/tr><tr><td><span class='rDLabel1'>Status: <\/span><span class='rDText1Gruen'>vorhanden<\/span><\/td><td><span class='rDLabel1'>Antolin: <\/span><span class='rDText1Rot'>Quiz nicht vorhanden.<\/span><\/td><\/tr><tr><td width=50%><img src='https:\/\/www.web-rr.de\/GHS-Buecherei\/wp-content\/uploads\/9783769819236.jpg' alt=''><\/td><td><p class='rDLabel2'>von <span class='rDText2'>Esther Hebert<\/span><\/p><p class='rDLabel2'>Verlag: <span class='rDText2'>Don Bosco Medien,  2012,  5.95 \u20ac<\/span><\/p><p class='rDLabel2'>B\u00fccherei-Barcode: <span class='rDText2'>9783769819236<\/span><\/p><p class='rDLabel2'>In der B\u00fccherei erfasst am: <span class='rDText2'>01.04.2014<\/span><\/p><p class='rDLabel2'>Stichw\u00f6rter: <span class='rDText2'>Christentum, Ostern, Kirchenjahr, Feste, Feiertage<\/span><\/p><p class='rDLabel2'>Lesealter ca. <span class='rDText2'>-<\/span><span class='rDLabel2'> Jahre<\/span><\/p><p class='rDLabel2'>Das Buch wurde <span class='rDText2'>0<\/span><span class='rDLabel2'> mal gelesen.<\/span><\/p><\/td><\/tr><tr><td colspan='2'><p class='rDLabel1'>Inhalt:<\/p><span class='rDText2'>Wer Kindern Geschichten erz\u00e4hlt, der wei\u00df, dass die Kleinen keine Ruhe geben, bis alle ihre Fragen beantwortet sind. Das ist bei biblischen Geschichten nicht anders: Wieso war die Geburt von Jesus etwas Besonderes? Wie hat Jesus Blinde sehend gemacht? Warum haben ihm seine Freunde nicht gegen die R\u00f6mer geholfen? Ist er jetzt bei Gott im Himmel? Angesichts solcher Fragen, steht die neue Reihe \"Das kleine Sachbuch Religion f\u00fcr Kinder\" den nicht selten um Antwort verlegenen Erwachsenen bei. Nicht belehrend, sondern mit vielen Anregungen, sich religi\u00f6ses Wissen gemeinsam mit den Kindern zu erschlie\u00dfen. Die ersten drei B\u00e4nde widmen sich dem Leben Jesu, dem Kirchenjahr und der Fastenzeit und Ostern. Auf jeweils 32 Seiten gibt es kindgerecht geschriebene Sachtexte und farbenfrohe Entdecker-Bilder. Beschreibungen des Brauchtums und kreative Mitmach-Ideen erg\u00e4nzen die B\u00e4nde. Als Dreingabe enth\u00e4lt jeder Band 12 thematisch abgestimmte Sticker zum Aufkleben! Altersstufe: ab 4 Jahren.<\/span><\/td><\/tr><tr><td colspan='2'><a href='#' onclick='history.back(); return false'>Zur\u00fcck<\/a><\/td><\/tr><\/tbody><\/table>\n","protected":false},"excerpt":{"rendered":"","protected":false},"author":1,"featured_media":0,"parent":0,"menu_order":0,"comment_status":"closed","ping_status":"closed","template":"","meta":[],"_links":{"self":[{"href":"https:\/\/www.web-rr.de\/GHS-Buecherei\/index.php\/wp-json\/wp\/v2\/pages\/5272"}],"collection":[{"href":"https:\/\/www.web-rr.de\/GHS-Buecherei\/index.php\/wp-json\/wp\/v2\/pages"}],"about":[{"href":"https:\/\/www.web-rr.de\/GHS-Buecherei\/index.php\/wp-json\/wp\/v2\/types\/page"}],"author":[{"embeddable":true,"href":"https:\/\/www.web-rr.de\/GHS-Buecherei\/index.php\/wp-json\/wp\/v2\/users\/1"}],"replies":[{"embeddable":true,"href":"https:\/\/www.web-rr.de\/GHS-Buecherei\/index.php\/wp-json\/wp\/v2\/comments?post=5272"}],"version-history":[{"count":0,"href":"https:\/\/www.web-rr.de\/GHS-Buecherei\/index.php\/wp-json\/wp\/v2\/pages\/5272\/revisions"}],"wp:attachment":[{"href":"https:\/\/www.web-rr.de\/GHS-Buecherei\/index.php\/wp-json\/wp\/v2\/media?parent=5272"}],"curies":[{"name":"wp","href":"https:\/\/api.w.org\/{rel}","templated":true}]}}