{"id":5267,"date":"2021-02-23T20:00:00","date_gmt":"2021-02-23T20:00:00","guid":{"rendered":"https:\/\/www.web-rr.de\/GHS-Buecherei\/?page_id=5267"},"modified":"2021-02-22T23:59:59","modified_gmt":"2021-02-22T23:59:59","slug":"p9783766608550","status":"publish","type":"page","link":"https:\/\/www.web-rr.de\/GHS-Buecherei\/index.php\/p9783766608550\/","title":{"rendered":"Religion 13"},"content":{"rendered":"<table><tbody><tr><td class='rDTitel' colspan='2'>Miteinander f\u00fcr Gott: Mit dem heiligen Tarsitius den Ministrantendienst entdecken<\/td><\/tr><tr><td><span class='rDLabel1'>Status: <\/span><span class='rDText1Gruen'>vorhanden<\/span><\/td><td><span class='rDLabel1'>Antolin: <\/span><span class='rDText1Rot'>Quiz nicht vorhanden.<\/span><\/td><\/tr><tr><td width=50%><img src='https:\/\/www.web-rr.de\/GHS-Buecherei\/wp-content\/uploads\/9783766608550.jpg' alt=''><\/td><td><p class='rDLabel2'>von <span class='rDText2'>Markus Grimm<\/span><\/p><p class='rDLabel2'>Verlag: <span class='rDText2'>Butzon u. Bercker,  2007,  14.40 \u20ac<\/span><\/p><p class='rDLabel2'>B\u00fccherei-Barcode: <span class='rDText2'>9783766608550<\/span><\/p><p class='rDLabel2'>In der B\u00fccherei erfasst am: <span class='rDText2'>01.04.2014<\/span><\/p><p class='rDLabel2'>Stichw\u00f6rter: <span class='rDText2'>Heilige, Kirche, Christentum, Gottesdienst, Messdiener, Ministranten<\/span><\/p><p class='rDLabel2'>Lesealter ca. <span class='rDText2'>-<\/span><span class='rDLabel2'> Jahre<\/span><\/p><p class='rDLabel2'>Das Buch wurde <span class='rDText2'>0<\/span><span class='rDLabel2'> mal gelesen.<\/span><\/p><\/td><\/tr><tr><td colspan='2'><p class='rDLabel1'>Inhalt:<\/p><span class='rDText2'>Genau das richtige Buch f\u00fcr alle Ministrantinnen und Ministranten, denn es erschlie\u00dft ihnen in kindgerechter Sprache und in farbenfrohen Bildern die Bedeutungihres Dienstes am Altar. Leitfigur ist dabei Tarsitius, ein r\u00f6mischer Junge, der sich zur Zeit der fr\u00fchen Kirche f\u00fcr den Gottesdienst und die Sache Jesu einsetzte. So wurde er zum Patron der Messdiener. Mit leicht verst\u00e4ndlichen Texten und Gebeten gelingt es den Autoren, auch Minis von heute f\u00fcr ihren Dienst am Altar zu begeistern und die Br\u00fccke zwischen Gottesdienst und ihrer modernen Lebenswelt zu schlagen. Die exklusiv gefertigte Bronzefigur des heiligen Tarsitius, die in den Buchdeckel eingelegt ist, macht das Buch zu einem ganz besonderen Geschenk.<\/span><\/td><\/tr><tr><td colspan='2'><a href='#' onclick='history.back(); return false'>Zur\u00fcck<\/a><\/td><\/tr><\/tbody><\/table>\n","protected":false},"excerpt":{"rendered":"","protected":false},"author":1,"featured_media":0,"parent":0,"menu_order":0,"comment_status":"closed","ping_status":"closed","template":"","meta":[],"_links":{"self":[{"href":"https:\/\/www.web-rr.de\/GHS-Buecherei\/index.php\/wp-json\/wp\/v2\/pages\/5267"}],"collection":[{"href":"https:\/\/www.web-rr.de\/GHS-Buecherei\/index.php\/wp-json\/wp\/v2\/pages"}],"about":[{"href":"https:\/\/www.web-rr.de\/GHS-Buecherei\/index.php\/wp-json\/wp\/v2\/types\/page"}],"author":[{"embeddable":true,"href":"https:\/\/www.web-rr.de\/GHS-Buecherei\/index.php\/wp-json\/wp\/v2\/users\/1"}],"replies":[{"embeddable":true,"href":"https:\/\/www.web-rr.de\/GHS-Buecherei\/index.php\/wp-json\/wp\/v2\/comments?post=5267"}],"version-history":[{"count":0,"href":"https:\/\/www.web-rr.de\/GHS-Buecherei\/index.php\/wp-json\/wp\/v2\/pages\/5267\/revisions"}],"wp:attachment":[{"href":"https:\/\/www.web-rr.de\/GHS-Buecherei\/index.php\/wp-json\/wp\/v2\/media?parent=5267"}],"curies":[{"name":"wp","href":"https:\/\/api.w.org\/{rel}","templated":true}]}}