{"id":5256,"date":"2021-02-23T20:00:00","date_gmt":"2021-02-23T20:00:00","guid":{"rendered":"https:\/\/www.web-rr.de\/GHS-Buecherei\/?page_id=5256"},"modified":"2021-02-22T23:59:59","modified_gmt":"2021-02-22T23:59:59","slug":"p9783702217983","status":"publish","type":"page","link":"https:\/\/www.web-rr.de\/GHS-Buecherei\/index.php\/p9783702217983\/","title":{"rendered":"Religion 03"},"content":{"rendered":"<table><tbody><tr><td class='rDTitel' colspan='2'>Elisabeth<\/td><\/tr><tr><td><span class='rDLabel1'>Status: <\/span><span class='rDText1Gruen'>vorhanden<\/span><\/td><td><span class='rDLabel1'>Antolin: <\/span><span class='rDText1Gruen'>ja, Empfehlung Klasse 4<\/span><\/td><\/tr><tr><td width=50%><img src='https:\/\/www.web-rr.de\/GHS-Buecherei\/wp-content\/uploads\/9783702217983.jpg' alt=''><\/td><td><p class='rDLabel2'>von <span class='rDText2'>Gertrud Fussenegger<\/span><\/p><p class='rDLabel2'>Verlag: <span class='rDText2'>Tyrolia Verlaganstalt,  2007,  13.90 \u20ac<\/span><\/p><p class='rDLabel2'>B\u00fccherei-Barcode: <span class='rDText2'>9783702217983<\/span><\/p><p class='rDLabel2'>In der B\u00fccherei erfasst am: <span class='rDText2'>01.04.2013<\/span><\/p><p class='rDLabel2'>Stichw\u00f6rter: <span class='rDText2'>Heilige, Starke Frauen, Mittelalter, Geschichte, Elisabeth<\/span><\/p><p class='rDLabel2'>Lesealter ca. <span class='rDText2'>8<\/span><span class='rDLabel2'> Jahre<\/span><\/p><p class='rDLabel2'>Das Buch wurde <span class='rDText2'>2<\/span><span class='rDLabel2'> mal gelesen.<\/span><\/p><\/td><\/tr><tr><td colspan='2'><p class='rDLabel1'>Inhalt:<\/p><span class='rDText2'>Aufgrund ihres kompromisslosen Eintretens f\u00fcr Arme und Notleidende wurde Elisabeth von Th\u00fcringen zu einer der beliebtesten Heiligen. Schon als junge Frau setzt sie sich selbstbewusst \u00fcber die Standesregeln der h\u00f6fischen Gesellschaft hinweg und sucht den direkten Kontakt mit den einfachen Menschen. Ergriffen von deren Elend und Armseligkeit, widmet sie sich bald v\u00f6llig der N\u00e4chstenliebe: Sie wird von der heimischen Burg versto\u00dfen und lebt fortan nach dem Vorbild des heiligen Franz von Assisi in v\u00f6lliger Armut und im Dienst an den Kranken. Die feinf\u00fchligen Farbillustrationen von Elisabeth Singer lassen die Geschichte lebendig werden und geben ihr emotionale Tiefe und Intensit\u00e4t. In einer von \u00c4u\u00dferlichkeiten und Konkurrenz dominierten Welt ermutigt Elisabeths Beispiel noch heute Kinder dazu, sich f\u00fcr Benachteiligte und Hilfsbed\u00fcrftige einzusetzen.<\/span><\/td><\/tr><tr><td colspan='2'><a href='#' onclick='history.back(); return false'>Zur\u00fcck<\/a><\/td><\/tr><\/tbody><\/table>\n","protected":false},"excerpt":{"rendered":"","protected":false},"author":1,"featured_media":0,"parent":0,"menu_order":0,"comment_status":"closed","ping_status":"closed","template":"","meta":[],"_links":{"self":[{"href":"https:\/\/www.web-rr.de\/GHS-Buecherei\/index.php\/wp-json\/wp\/v2\/pages\/5256"}],"collection":[{"href":"https:\/\/www.web-rr.de\/GHS-Buecherei\/index.php\/wp-json\/wp\/v2\/pages"}],"about":[{"href":"https:\/\/www.web-rr.de\/GHS-Buecherei\/index.php\/wp-json\/wp\/v2\/types\/page"}],"author":[{"embeddable":true,"href":"https:\/\/www.web-rr.de\/GHS-Buecherei\/index.php\/wp-json\/wp\/v2\/users\/1"}],"replies":[{"embeddable":true,"href":"https:\/\/www.web-rr.de\/GHS-Buecherei\/index.php\/wp-json\/wp\/v2\/comments?post=5256"}],"version-history":[{"count":0,"href":"https:\/\/www.web-rr.de\/GHS-Buecherei\/index.php\/wp-json\/wp\/v2\/pages\/5256\/revisions"}],"wp:attachment":[{"href":"https:\/\/www.web-rr.de\/GHS-Buecherei\/index.php\/wp-json\/wp\/v2\/media?parent=5256"}],"curies":[{"name":"wp","href":"https:\/\/api.w.org\/{rel}","templated":true}]}}