{"id":5245,"date":"2021-02-23T20:00:00","date_gmt":"2021-02-23T20:00:00","guid":{"rendered":"https:\/\/www.web-rr.de\/GHS-Buecherei\/?page_id=5245"},"modified":"2021-02-22T23:59:59","modified_gmt":"2021-02-22T23:59:59","slug":"p9783522115209","status":"publish","type":"page","link":"https:\/\/www.web-rr.de\/GHS-Buecherei\/index.php\/p9783522115209\/","title":{"rendered":"Preu\u00dfler 02"},"content":{"rendered":"<table><tbody><tr><td class='rDTitel' colspan='2'>Neues vom R\u00e4uber Hotzenplotz: Noch eine Kasperlgeschichte<\/td><\/tr><tr><td><span class='rDLabel1'>Status: <\/span><span class='rDText1Gruen'>vorhanden<\/span><\/td><td><span class='rDLabel1'>Antolin: <\/span><span class='rDText1Gruen'>ja, Empfehlung Klasse 4<\/span><\/td><\/tr><tr><td width=50%><img src='https:\/\/www.web-rr.de\/GHS-Buecherei\/wp-content\/uploads\/9783522115209.jpg' alt=''><\/td><td><p class='rDLabel2'>von <span class='rDText2'>Otfried Preu\u00dfler<\/span><\/p><p class='rDLabel2'>Verlag: <span class='rDText2'>Thienemann Verlag,  2005,  11.90 \u20ac<\/span><\/p><p class='rDLabel2'>B\u00fccherei-Barcode: <span class='rDText2'>9783522115209<\/span><\/p><p class='rDLabel2'>In der B\u00fccherei erfasst am: <span class='rDText2'>01.04.2013<\/span><\/p><p class='rDLabel2'>Stichw\u00f6rter: <span class='rDText2'>R\u00e4uber, Hotzenplotz, Kasperl, Seppel<\/span><\/p><p class='rDLabel2'>Lesealter ca. <span class='rDText2'>8<\/span><span class='rDLabel2'> Jahre<\/span><\/p><p class='rDLabel2'>Das Buch wurde <span class='rDText2'>5<\/span><span class='rDLabel2'> mal gelesen.<\/span><\/p><\/td><\/tr><tr><td colspan='2'><p class='rDLabel1'>Inhalt:<\/p><span class='rDText2'>Neues vom R\u00e4uber Hotzenplotz. Kasperl, Seppel und Oberwachtmeister Dimpfelmoser sind best\u00fcrzt, denn der R\u00e4uber Hotzenplotz ist aus dem Spritzenhaus entflohen, hat die Gro\u00dfmutter entf\u00fchrt und verlangt auch noch L\u00f6segeld. 128 Seiten, ab 6 JahrenKasperl, Seppel und der Oberwachtmeister Dimpfelmoser  sind best\u00fcrzt: Dem R\u00e4uber Hotzenplotz ist es gelungen, aus dem Spritzenhaus zu entfliehen! Zu allem Ungl\u00fcck hat er auch noch die Gro\u00dfmutter entf\u00fchrt und verlangt jetzt L\u00f6segeld. So eine Frechheit! Aber es wird ihnen schon etwas einfallen, um mit Hotzenplotz fertig zu werden, da kann man ganz sicher sein.<\/span><\/td><\/tr><tr><td colspan='2'><a href='#' onclick='history.back(); return false'>Zur\u00fcck<\/a><\/td><\/tr><\/tbody><\/table>\n","protected":false},"excerpt":{"rendered":"","protected":false},"author":1,"featured_media":0,"parent":0,"menu_order":0,"comment_status":"closed","ping_status":"closed","template":"","meta":[],"_links":{"self":[{"href":"https:\/\/www.web-rr.de\/GHS-Buecherei\/index.php\/wp-json\/wp\/v2\/pages\/5245"}],"collection":[{"href":"https:\/\/www.web-rr.de\/GHS-Buecherei\/index.php\/wp-json\/wp\/v2\/pages"}],"about":[{"href":"https:\/\/www.web-rr.de\/GHS-Buecherei\/index.php\/wp-json\/wp\/v2\/types\/page"}],"author":[{"embeddable":true,"href":"https:\/\/www.web-rr.de\/GHS-Buecherei\/index.php\/wp-json\/wp\/v2\/users\/1"}],"replies":[{"embeddable":true,"href":"https:\/\/www.web-rr.de\/GHS-Buecherei\/index.php\/wp-json\/wp\/v2\/comments?post=5245"}],"version-history":[{"count":0,"href":"https:\/\/www.web-rr.de\/GHS-Buecherei\/index.php\/wp-json\/wp\/v2\/pages\/5245\/revisions"}],"wp:attachment":[{"href":"https:\/\/www.web-rr.de\/GHS-Buecherei\/index.php\/wp-json\/wp\/v2\/media?parent=5245"}],"curies":[{"name":"wp","href":"https:\/\/api.w.org\/{rel}","templated":true}]}}