{"id":5242,"date":"2021-02-23T20:00:00","date_gmt":"2021-02-23T20:00:00","guid":{"rendered":"https:\/\/www.web-rr.de\/GHS-Buecherei\/?page_id=5242"},"modified":"2021-02-22T23:59:59","modified_gmt":"2021-02-22T23:59:59","slug":"p2000001020746","status":"publish","type":"page","link":"https:\/\/www.web-rr.de\/GHS-Buecherei\/index.php\/p2000001020746\/","title":{"rendered":"Plattdeutsch 06"},"content":{"rendered":"<table><tbody><tr><td class='rDTitel' colspan='2'>Avent\u00fc\u00fcr in L\u00fcttfriesenwichtelfehn \/Abenteuer in L\u00fcttfriesenwichtelfehn: Geschichten f\u00f6r l\u00fctte un grote L\u00fc\u00fcd \/Geschichten f\u00fcr kleine und gro\u00dfe Leute<\/td><\/tr><tr><td><span class='rDLabel1'>Status: <\/span><span class='rDText1Gruen'>vorhanden<\/span><\/td><td><span class='rDLabel1'>Antolin: <\/span><span class='rDText1Rot'>Quiz nicht vorhanden.<\/span><\/td><\/tr><tr><td width=50%><img src='https:\/\/www.web-rr.de\/GHS-Buecherei\/wp-content\/uploads\/2000001020746.jpg' alt=''><\/td><td><p class='rDLabel2'>von <span class='rDText2'>Renate Detje<\/span><\/p><p class='rDLabel2'>Verlag: <span class='rDText2'>Isensee, Florian, GmbH,  2007,  8.00 \u20ac<\/span><\/p><p class='rDLabel2'>B\u00fccherei-Barcode: <span class='rDText2'>2000001020746<\/span><\/p><p class='rDLabel2'>In der B\u00fccherei erfasst am: <span class='rDText2'>01.03.2015<\/span><\/p><p class='rDLabel2'>Stichw\u00f6rter: <span class='rDText2'>Nordsee, Fischerdorf, Freunde, Wichtel<\/span><\/p><p class='rDLabel2'>Lesealter ca. <span class='rDText2'>-<\/span><span class='rDLabel2'> Jahre<\/span><\/p><p class='rDLabel2'>Das Buch wurde <span class='rDText2'>0<\/span><span class='rDLabel2'> mal gelesen.<\/span><\/p><\/td><\/tr><tr><td colspan='2'><p class='rDLabel1'>Inhalt:<\/p><span class='rDText2'>L\u00fcttfriesenwichtelfehn ist ein kleines Fischerdorf an der Nordsee, Es wird nicht einfach zu finden sein, denn das Dorf ist sehr klein und auch seine BewohnerInnen sind sehr winzig. Kirschan Kruuskopp und seine Freunde sind n\u00e4mlich Wichtelkinder, und gemeinsam erleben sie eine Menge Abenteuer. Als  Beitrag zum Erhalt der plattdeutschen Sprache ist dieses Buch gedacht. Das Besondere daran ist, dass auch Nichtplattdeutsche Spa\u00df an den Geschichten haben, da sie in Platt- und Hochdeutsch verfasst sind.<\/span><\/td><\/tr><tr><td colspan='2'><a href='#' onclick='history.back(); return false'>Zur\u00fcck<\/a><\/td><\/tr><\/tbody><\/table>\n","protected":false},"excerpt":{"rendered":"","protected":false},"author":1,"featured_media":0,"parent":0,"menu_order":0,"comment_status":"closed","ping_status":"closed","template":"","meta":[],"_links":{"self":[{"href":"https:\/\/www.web-rr.de\/GHS-Buecherei\/index.php\/wp-json\/wp\/v2\/pages\/5242"}],"collection":[{"href":"https:\/\/www.web-rr.de\/GHS-Buecherei\/index.php\/wp-json\/wp\/v2\/pages"}],"about":[{"href":"https:\/\/www.web-rr.de\/GHS-Buecherei\/index.php\/wp-json\/wp\/v2\/types\/page"}],"author":[{"embeddable":true,"href":"https:\/\/www.web-rr.de\/GHS-Buecherei\/index.php\/wp-json\/wp\/v2\/users\/1"}],"replies":[{"embeddable":true,"href":"https:\/\/www.web-rr.de\/GHS-Buecherei\/index.php\/wp-json\/wp\/v2\/comments?post=5242"}],"version-history":[{"count":0,"href":"https:\/\/www.web-rr.de\/GHS-Buecherei\/index.php\/wp-json\/wp\/v2\/pages\/5242\/revisions"}],"wp:attachment":[{"href":"https:\/\/www.web-rr.de\/GHS-Buecherei\/index.php\/wp-json\/wp\/v2\/media?parent=5242"}],"curies":[{"name":"wp","href":"https:\/\/api.w.org\/{rel}","templated":true}]}}