{"id":5217,"date":"2021-02-23T20:00:00","date_gmt":"2021-02-23T20:00:00","guid":{"rendered":"https:\/\/www.web-rr.de\/GHS-Buecherei\/?page_id=5217"},"modified":"2021-02-22T23:59:59","modified_gmt":"2021-02-22T23:59:59","slug":"p9783831010547","status":"publish","type":"page","link":"https:\/\/www.web-rr.de\/GHS-Buecherei\/index.php\/p9783831010547\/","title":{"rendered":"Piraten 01"},"content":{"rendered":"<table><tbody><tr><td class='rDTitel' colspan='2'>Piraten, Sch\u00e4tze, Abenteuer: Die Geschichte der gro\u00dfen Seer\u00e4uber<\/td><\/tr><tr><td><span class='rDLabel1'>Status: <\/span><span class='rDText1Gruen'>vorhanden<\/span><\/td><td><span class='rDLabel1'>Antolin: <\/span><span class='rDText1Gruen'>ja, Empfehlung Klasse 4<\/span><\/td><\/tr><tr><td width=50%><img src='https:\/\/www.web-rr.de\/GHS-Buecherei\/wp-content\/uploads\/9783831010547.jpg' alt=''><\/td><td><p class='rDLabel2'>von <span class='rDText2'>Christine N\u00f6stlinger<\/span><\/p><p class='rDLabel2'>Verlag: <span class='rDText2'>Dorling Kindersley Verlag,  2007,  12.95 \u20ac<\/span><\/p><p class='rDLabel2'>B\u00fccherei-Barcode: <span class='rDText2'>9783831010547<\/span><\/p><p class='rDLabel2'>In der B\u00fccherei erfasst am: <span class='rDText2'>01.04.2014<\/span><\/p><p class='rDLabel2'>Stichw\u00f6rter: <span class='rDText2'>Seer\u00e4uber, Geschichte, Abenteuer, Mittelmeer<\/span><\/p><p class='rDLabel2'>Lesealter ca. <span class='rDText2'>8<\/span><span class='rDLabel2'> Jahre<\/span><\/p><p class='rDLabel2'>Das Buch wurde <span class='rDText2'>6<\/span><span class='rDLabel2'> mal gelesen.<\/span><\/p><\/td><\/tr><tr><td colspan='2'><p class='rDLabel1'>Inhalt:<\/p><span class='rDText2'>Bist du bereit f\u00fcr Abenteuer? Dann komm an Bord und segle mit den Korsaren im Mittelmeer, den Bukaniern in der Karibik oder den Wokou entlang der K\u00fcsten Asiens! Unterwegs erf\u00e4hrst du, wo ber\u00fchmt-ber\u00fcchtigte Seer\u00e4uber wie Francis Drake, Blackbeard oder Anne Bonny ihr Unwesen trieben, wie sie k\u00e4mpften und navigierten - und was sie taten, wenn gerade mal Flaute war. Das aufwendig gestaltete Buch mit vielen interessanten Fakten, lustigen Begebenheiten und unglaublichen Geschichten ist eine spannende Reise durch die Welt der Freibeuter auf \u00fcber 100 Seiten. Alles wird so locker, witzig und mitrei\u00dfend beschrieben und ist mit Hunderten von Bildern so toll illustriert, dass man glaubt, man sei tats\u00e4chlich selbst dabei. F\u00fcr echte Fans gibt's noch ein kleines Piratenw\u00f6rterbuch im Anhang - damit man auch den richtigen Seer\u00e4uberjargon draufhat! Ab 8 Jahren.<\/span><\/td><\/tr><tr><td colspan='2'><a href='#' onclick='history.back(); return false'>Zur\u00fcck<\/a><\/td><\/tr><\/tbody><\/table>\n","protected":false},"excerpt":{"rendered":"","protected":false},"author":1,"featured_media":0,"parent":0,"menu_order":0,"comment_status":"closed","ping_status":"closed","template":"","meta":[],"_links":{"self":[{"href":"https:\/\/www.web-rr.de\/GHS-Buecherei\/index.php\/wp-json\/wp\/v2\/pages\/5217"}],"collection":[{"href":"https:\/\/www.web-rr.de\/GHS-Buecherei\/index.php\/wp-json\/wp\/v2\/pages"}],"about":[{"href":"https:\/\/www.web-rr.de\/GHS-Buecherei\/index.php\/wp-json\/wp\/v2\/types\/page"}],"author":[{"embeddable":true,"href":"https:\/\/www.web-rr.de\/GHS-Buecherei\/index.php\/wp-json\/wp\/v2\/users\/1"}],"replies":[{"embeddable":true,"href":"https:\/\/www.web-rr.de\/GHS-Buecherei\/index.php\/wp-json\/wp\/v2\/comments?post=5217"}],"version-history":[{"count":0,"href":"https:\/\/www.web-rr.de\/GHS-Buecherei\/index.php\/wp-json\/wp\/v2\/pages\/5217\/revisions"}],"wp:attachment":[{"href":"https:\/\/www.web-rr.de\/GHS-Buecherei\/index.php\/wp-json\/wp\/v2\/media?parent=5217"}],"curies":[{"name":"wp","href":"https:\/\/api.w.org\/{rel}","templated":true}]}}