{"id":5208,"date":"2021-02-23T20:00:00","date_gmt":"2021-02-23T20:00:00","guid":{"rendered":"https:\/\/www.web-rr.de\/GHS-Buecherei\/?page_id=5208"},"modified":"2021-02-22T23:59:59","modified_gmt":"2021-02-22T23:59:59","slug":"p9783833218439","status":"publish","type":"page","link":"https:\/\/www.web-rr.de\/GHS-Buecherei\/index.php\/p9783833218439\/","title":{"rendered":"Pferde 67"},"content":{"rendered":"<table><tbody><tr><td class='rDTitel' colspan='2'>Pferde, Freunde f\u00fcrs Leben. Sternent\u00e4nzer: Sternent\u00e4nzer, Die Magie des wei\u00dfen Hengstes: BD 24<\/td><\/tr><tr><td><span class='rDLabel1'>Status: <\/span><span class='rDText1Gruen'>vorhanden<\/span><\/td><td><span class='rDLabel1'>Antolin: <\/span><span class='rDText1Rot'>Quiz nicht vorhanden.<\/span><\/td><\/tr><tr><td width=50%><img src='https:\/\/www.web-rr.de\/GHS-Buecherei\/wp-content\/uploads\/9783833218439.jpg' alt=''><\/td><td><p class='rDLabel2'>von <span class='rDText2'>Lisa Capelli<\/span><\/p><p class='rDLabel2'>Verlag: <span class='rDText2'>-,  2009,  8.95 \u20ac<\/span><\/p><p class='rDLabel2'>B\u00fccherei-Barcode: <span class='rDText2'>9783833218439<\/span><\/p><p class='rDLabel2'>In der B\u00fccherei erfasst am: <span class='rDText2'>01.11.2018<\/span><\/p><p class='rDLabel2'>Stichw\u00f6rter: <span class='rDText2'>Reiterhof, Schimmel, Verletzung<\/span><\/p><p class='rDLabel2'>Lesealter ca. <span class='rDText2'>-<\/span><span class='rDLabel2'> Jahre<\/span><\/p><p class='rDLabel2'>Das Buch wurde <span class='rDText2'>7<\/span><span class='rDLabel2'> mal gelesen.<\/span><\/p><\/td><\/tr><tr><td colspan='2'><p class='rDLabel1'>Inhalt:<\/p><span class='rDText2'>Nach und nach erholt sich Carolin von ihrem Reitunfall. Freunde und Familie umsorgen sie liebevoll, und den vers\u00e4umten Schulunterricht holt sie schnell auf. Endlich darf Caro auch zum Reiterhof Lindenhain. Sie kann es kaum erwarten, wieder bei ihrem geliebten Hengst Sternent\u00e4nzer zu sein. Doch was sie dann sieht, raubt Caro fast den Atem: Sternent\u00e4nzer ist verletzt! Der sch\u00f6ne Schimmel kann sein Vorderbein nicht belasten. An Vollmondritte ist nicht mehr zu denken, und Sternent\u00e4nzers magische Gabe scheint f\u00fcr immer verloren ...<\/span><\/td><\/tr><tr><td colspan='2'><a href='#' onclick='history.back(); return false'>Zur\u00fcck<\/a><\/td><\/tr><\/tbody><\/table>\n","protected":false},"excerpt":{"rendered":"","protected":false},"author":1,"featured_media":0,"parent":0,"menu_order":0,"comment_status":"closed","ping_status":"closed","template":"","meta":[],"_links":{"self":[{"href":"https:\/\/www.web-rr.de\/GHS-Buecherei\/index.php\/wp-json\/wp\/v2\/pages\/5208"}],"collection":[{"href":"https:\/\/www.web-rr.de\/GHS-Buecherei\/index.php\/wp-json\/wp\/v2\/pages"}],"about":[{"href":"https:\/\/www.web-rr.de\/GHS-Buecherei\/index.php\/wp-json\/wp\/v2\/types\/page"}],"author":[{"embeddable":true,"href":"https:\/\/www.web-rr.de\/GHS-Buecherei\/index.php\/wp-json\/wp\/v2\/users\/1"}],"replies":[{"embeddable":true,"href":"https:\/\/www.web-rr.de\/GHS-Buecherei\/index.php\/wp-json\/wp\/v2\/comments?post=5208"}],"version-history":[{"count":0,"href":"https:\/\/www.web-rr.de\/GHS-Buecherei\/index.php\/wp-json\/wp\/v2\/pages\/5208\/revisions"}],"wp:attachment":[{"href":"https:\/\/www.web-rr.de\/GHS-Buecherei\/index.php\/wp-json\/wp\/v2\/media?parent=5208"}],"curies":[{"name":"wp","href":"https:\/\/api.w.org\/{rel}","templated":true}]}}