{"id":5194,"date":"2021-02-23T20:00:00","date_gmt":"2021-02-23T20:00:00","guid":{"rendered":"https:\/\/www.web-rr.de\/GHS-Buecherei\/?page_id=5194"},"modified":"2021-02-22T23:59:59","modified_gmt":"2021-02-22T23:59:59","slug":"p9783833216817","status":"publish","type":"page","link":"https:\/\/www.web-rr.de\/GHS-Buecherei\/index.php\/p9783833216817\/","title":{"rendered":"Pferde 53"},"content":{"rendered":"<table><tbody><tr><td class='rDTitel' colspan='2'>Pferde - Freunde f\u00fcrs Leben, Sternent\u00e4nzer, Bd. 18: Die Botschaft des wei\u00dfen Hengstes<\/td><\/tr><tr><td><span class='rDLabel1'>Status: <\/span><span class='rDText1Gruen'>vorhanden<\/span><\/td><td><span class='rDLabel1'>Antolin: <\/span><span class='rDText1Rot'>Quiz nicht vorhanden.<\/span><\/td><\/tr><tr><td width=50%><img src='https:\/\/www.web-rr.de\/GHS-Buecherei\/wp-content\/uploads\/9783833216817.jpg' alt=''><\/td><td><p class='rDLabel2'>von <span class='rDText2'>Lisa Capelli<\/span><\/p><p class='rDLabel2'>Verlag: <span class='rDText2'>Panini Books,  2008,  8.95 \u20ac<\/span><\/p><p class='rDLabel2'>B\u00fccherei-Barcode: <span class='rDText2'>9783833216817<\/span><\/p><p class='rDLabel2'>In der B\u00fccherei erfasst am: <span class='rDText2'>01.04.2014<\/span><\/p><p class='rDLabel2'>Stichw\u00f6rter: <span class='rDText2'>Reiten, Geheimnis<\/span><\/p><p class='rDLabel2'>Lesealter ca. <span class='rDText2'>-<\/span><span class='rDLabel2'> Jahre<\/span><\/p><p class='rDLabel2'>Das Buch wurde <span class='rDText2'>27<\/span><span class='rDLabel2'> mal gelesen.<\/span><\/p><\/td><\/tr><tr><td colspan='2'><p class='rDLabel1'>Inhalt:<\/p><span class='rDText2'>Carolin ist aus ihren Ferien auf Mallorca zur\u00fcck. Dort hat sie Sternent\u00e4nzers Mutter gesehen und war schockiert \u00fcber dieses unberechenbare Pferd. K\u00f6nnte Sternent\u00e4nzer eines Tages auch so werden? Caro will es nicht glauben. Und doch bemerkt sie einige seltsame Ver\u00e4nderungen an ihrem Hengst. Er reagiert immer bockiger, wenn sie auf ihm reitet, und keilt aus \u2013 besonders dann, wenn Caros neue Freundin Selina in der N\u00e4he ist. Verbirgt dieses M\u00e4dchen ein Geheimnis, das nur Sternent\u00e4nzer erahnt? Auf Caro und ihr geliebtes Pferd wartet eine schwere Pr\u00fcfung und sie muss lernen dem wei\u00dfen Hengst auch in schwierigen Momenten zu vertrauen \u2026<\/span><\/td><\/tr><tr><td colspan='2'><a href='#' onclick='history.back(); return false'>Zur\u00fcck<\/a><\/td><\/tr><\/tbody><\/table>\n","protected":false},"excerpt":{"rendered":"","protected":false},"author":1,"featured_media":0,"parent":0,"menu_order":0,"comment_status":"closed","ping_status":"closed","template":"","meta":[],"_links":{"self":[{"href":"https:\/\/www.web-rr.de\/GHS-Buecherei\/index.php\/wp-json\/wp\/v2\/pages\/5194"}],"collection":[{"href":"https:\/\/www.web-rr.de\/GHS-Buecherei\/index.php\/wp-json\/wp\/v2\/pages"}],"about":[{"href":"https:\/\/www.web-rr.de\/GHS-Buecherei\/index.php\/wp-json\/wp\/v2\/types\/page"}],"author":[{"embeddable":true,"href":"https:\/\/www.web-rr.de\/GHS-Buecherei\/index.php\/wp-json\/wp\/v2\/users\/1"}],"replies":[{"embeddable":true,"href":"https:\/\/www.web-rr.de\/GHS-Buecherei\/index.php\/wp-json\/wp\/v2\/comments?post=5194"}],"version-history":[{"count":0,"href":"https:\/\/www.web-rr.de\/GHS-Buecherei\/index.php\/wp-json\/wp\/v2\/pages\/5194\/revisions"}],"wp:attachment":[{"href":"https:\/\/www.web-rr.de\/GHS-Buecherei\/index.php\/wp-json\/wp\/v2\/media?parent=5194"}],"curies":[{"name":"wp","href":"https:\/\/api.w.org\/{rel}","templated":true}]}}