{"id":5183,"date":"2021-02-23T20:00:00","date_gmt":"2021-02-23T20:00:00","guid":{"rendered":"https:\/\/www.web-rr.de\/GHS-Buecherei\/?page_id=5183"},"modified":"2021-02-22T23:59:59","modified_gmt":"2021-02-22T23:59:59","slug":"p9783833901140","status":"publish","type":"page","link":"https:\/\/www.web-rr.de\/GHS-Buecherei\/index.php\/p9783833901140\/","title":{"rendered":"Pferde 41"},"content":{"rendered":"<table><tbody><tr><td class='rDTitel' colspan='2'>Laura und das Pony<\/td><\/tr><tr><td><span class='rDLabel1'>Status: <\/span><span class='rDText1Rot'>ausgeliehen<\/span><\/td><td><span class='rDLabel1'>Antolin: <\/span><span class='rDText1Gruen'>ja, Empfehlung Klasse 2<\/span><\/td><\/tr><tr><td width=50%><img src='https:\/\/www.web-rr.de\/GHS-Buecherei\/wp-content\/uploads\/9783833901140.jpg' alt=''><\/td><td><p class='rDLabel2'>von <span class='rDText2'>Klaus Baumgart<\/span><\/p><p class='rDLabel2'>Verlag: <span class='rDText2'>Bastei L\u00fcbbe (Baumhaus),  2007,  9.90 \u20ac<\/span><\/p><p class='rDLabel2'>B\u00fccherei-Barcode: <span class='rDText2'>9783833901140<\/span><\/p><p class='rDLabel2'>In der B\u00fccherei erfasst am: <span class='rDText2'>01.04.2014<\/span><\/p><p class='rDLabel2'>Stichw\u00f6rter: <span class='rDText2'>Reiten, Pony, Stadtwohnung, Wunsch<\/span><\/p><p class='rDLabel2'>Lesealter ca. <span class='rDText2'>6<\/span><span class='rDLabel2'> Jahre<\/span><\/p><p class='rDLabel2'>Das Buch wurde <span class='rDText2'>14<\/span><span class='rDLabel2'> mal gelesen.<\/span><\/p><\/td><\/tr><tr><td colspan='2'><p class='rDLabel1'>Inhalt:<\/p><span class='rDText2'>Laura w\u00fcnscht sich nichts sehnlicher als ein Pferd. Ihr Papa meint zwar, dass eine Stadtwohnung daf\u00fcr nicht der richtige Platz ist, aber Laura ist \u00fcberzeugt, dass sich ein Pferd in ihrem Zimmer sehr wohl f\u00fchlen w\u00fcrde. Zumindest ein kleines! Und als sie mit Tommy zum B\u00e4cker geht, hat sie es auch schon gefunden: An der Stra\u00dfen-ecke entdeckt sie n\u00e4mlich pl\u00f6tzlich Polly, das Zirkuspony. Herr Bini vom Zirkus sucht dringend einen Platz, wo es im Winter bleiben kann. F\u00fcr Laura ist klar: Polly wird in ihrem Zimmer wohnen! Leider sind ihre Eltern da anderer Meinung. Doch mit Hilfe ihres Sterns kommt Laura auf eine tolle Idee, wo Pony Polly willkommen sein k\u00f6nnte.<\/span><\/td><\/tr><tr><td colspan='2'><a href='#' onclick='history.back(); return false'>Zur\u00fcck<\/a><\/td><\/tr><\/tbody><\/table>\n","protected":false},"excerpt":{"rendered":"","protected":false},"author":1,"featured_media":0,"parent":0,"menu_order":0,"comment_status":"closed","ping_status":"closed","template":"","meta":[],"_links":{"self":[{"href":"https:\/\/www.web-rr.de\/GHS-Buecherei\/index.php\/wp-json\/wp\/v2\/pages\/5183"}],"collection":[{"href":"https:\/\/www.web-rr.de\/GHS-Buecherei\/index.php\/wp-json\/wp\/v2\/pages"}],"about":[{"href":"https:\/\/www.web-rr.de\/GHS-Buecherei\/index.php\/wp-json\/wp\/v2\/types\/page"}],"author":[{"embeddable":true,"href":"https:\/\/www.web-rr.de\/GHS-Buecherei\/index.php\/wp-json\/wp\/v2\/users\/1"}],"replies":[{"embeddable":true,"href":"https:\/\/www.web-rr.de\/GHS-Buecherei\/index.php\/wp-json\/wp\/v2\/comments?post=5183"}],"version-history":[{"count":0,"href":"https:\/\/www.web-rr.de\/GHS-Buecherei\/index.php\/wp-json\/wp\/v2\/pages\/5183\/revisions"}],"wp:attachment":[{"href":"https:\/\/www.web-rr.de\/GHS-Buecherei\/index.php\/wp-json\/wp\/v2\/media?parent=5183"}],"curies":[{"name":"wp","href":"https:\/\/api.w.org\/{rel}","templated":true}]}}