{"id":5161,"date":"2021-02-23T20:00:00","date_gmt":"2021-02-23T20:00:00","guid":{"rendered":"https:\/\/www.web-rr.de\/GHS-Buecherei\/?page_id=5161"},"modified":"2021-02-22T23:59:59","modified_gmt":"2021-02-22T23:59:59","slug":"p9783417288070","status":"publish","type":"page","link":"https:\/\/www.web-rr.de\/GHS-Buecherei\/index.php\/p9783417288070\/","title":{"rendered":"Pferde 01"},"content":{"rendered":"<table><tbody><tr><td class='rDTitel' colspan='2'>Maja und Bella - Das ganz gro\u00dfe Ponybuch - Lesespa\u00df im Doppelpack<\/td><\/tr><tr><td><span class='rDLabel1'>Status: <\/span><span class='rDText1Gruen'>vorhanden<\/span><\/td><td><span class='rDLabel1'>Antolin: <\/span><span class='rDText1Gruen'>ja, Empfehlung Klasse 3<\/span><\/td><\/tr><tr><td width=50%><img src='https:\/\/www.web-rr.de\/GHS-Buecherei\/wp-content\/uploads\/9783417288070.jpg' alt=''><\/td><td><p class='rDLabel2'>von <span class='rDText2'>Inken Weiand<\/span><\/p><p class='rDLabel2'>Verlag: <span class='rDText2'>SCM Collection,  2018,  14.95 \u20ac<\/span><\/p><p class='rDLabel2'>B\u00fccherei-Barcode: <span class='rDText2'>9783417288070<\/span><\/p><p class='rDLabel2'>In der B\u00fccherei erfasst am: <span class='rDText2'>24.08.2020<\/span><\/p><p class='rDLabel2'>Stichw\u00f6rter: <span class='rDText2'>Religion, Gott, Pferde, Wunsch<\/span><\/p><p class='rDLabel2'>Lesealter ca. <span class='rDText2'>7<\/span><span class='rDLabel2'> Jahre<\/span><\/p><p class='rDLabel2'>Das Buch wurde <span class='rDText2'>1<\/span><span class='rDLabel2'> mal gelesen.<\/span><\/p><\/td><\/tr><tr><td colspan='2'><p class='rDLabel1'>Inhalt:<\/p><span class='rDText2'>2 B\u00e4nde: Pferdetr\u00e4ume werden war und Ponys in Gefahr\r\nTausende haben schon mit Maja mitgefiebert, ihre Sehnsucht nach einem eigenen Pferd geteilt und mit ihr um die verwahrlosten Ponys gebangt. Wer Maja und Bella noch nicht kennt, findet in diesem Sammelband die ersten beiden B\u00e4nde \"Pferdetr\u00e4ume werden wahr\" und \"Ponys in Gefahr\".\n\r\n\rBand 1 und 2 der beliebten Reihe um Maja und Bella als Sammelband Majas gr\u00f6\u00dfter Wunsch ist ein eigenes Pferd. Doch das k\u00f6nnen ihre Eltern sich nicht leisten. Also beginnt Maja, daf\u00fcr zu beten. Sie ahnt nicht, auf welche Weise Gott ihr bald antworten wird! Im zweiten Teil macht Maja eine furchtbare Entdeckung: Ein Bauer l\u00e4sst seine Ponys verwahrlosen! Die Polizei greift ein und bringt die Tiere an einem besseren Ort unter. Doch pl\u00f6tzlich verschwinden die Ponys von dort! Gemeinsam mit ihren Freunden macht Maja sich auf die Suche. Die Zeit dr\u00e4ngt, denn die Ponys sind in gr\u00f6\u00dfter Gefahr! Mit einfarbigen Illustrationen und kindgerechten Erkl\u00e4rungen zum Nachschlagen von Fachbegriffen. Dieser Sammelband enth\u00e4lt die Einzelb\u00e4nde: - Pferdetr\u00e4ume werden wahr - Ponys in Gefahr Weitere Titel aus dieser Reihe: Band 3: Reitturnier mit Hindernissen Band 4: Ein aufregender Pferdesommer<\/span><\/td><\/tr><tr><td colspan='2'><a href='#' onclick='history.back(); return false'>Zur\u00fcck<\/a><\/td><\/tr><\/tbody><\/table>\n","protected":false},"excerpt":{"rendered":"","protected":false},"author":1,"featured_media":0,"parent":0,"menu_order":0,"comment_status":"closed","ping_status":"closed","template":"","meta":[],"_links":{"self":[{"href":"https:\/\/www.web-rr.de\/GHS-Buecherei\/index.php\/wp-json\/wp\/v2\/pages\/5161"}],"collection":[{"href":"https:\/\/www.web-rr.de\/GHS-Buecherei\/index.php\/wp-json\/wp\/v2\/pages"}],"about":[{"href":"https:\/\/www.web-rr.de\/GHS-Buecherei\/index.php\/wp-json\/wp\/v2\/types\/page"}],"author":[{"embeddable":true,"href":"https:\/\/www.web-rr.de\/GHS-Buecherei\/index.php\/wp-json\/wp\/v2\/users\/1"}],"replies":[{"embeddable":true,"href":"https:\/\/www.web-rr.de\/GHS-Buecherei\/index.php\/wp-json\/wp\/v2\/comments?post=5161"}],"version-history":[{"count":0,"href":"https:\/\/www.web-rr.de\/GHS-Buecherei\/index.php\/wp-json\/wp\/v2\/pages\/5161\/revisions"}],"wp:attachment":[{"href":"https:\/\/www.web-rr.de\/GHS-Buecherei\/index.php\/wp-json\/wp\/v2\/media?parent=5161"}],"curies":[{"name":"wp","href":"https:\/\/api.w.org\/{rel}","templated":true}]}}