{"id":5158,"date":"2021-02-23T20:00:00","date_gmt":"2021-02-23T20:00:00","guid":{"rendered":"https:\/\/www.web-rr.de\/GHS-Buecherei\/?page_id=5158"},"modified":"2021-02-22T23:59:59","modified_gmt":"2021-02-22T23:59:59","slug":"p9783440152492","status":"publish","type":"page","link":"https:\/\/www.web-rr.de\/GHS-Buecherei\/index.php\/p9783440152492\/","title":{"rendered":"Nordsee 19"},"content":{"rendered":"<table><tbody><tr><td class='rDTitel' colspan='2'>Was lebt an Strand und K\u00fcste? Kindernaturf\u00fchrer<\/td><\/tr><tr><td><span class='rDLabel1'>Status: <\/span><span class='rDText1Gruen'>vorhanden<\/span><\/td><td><span class='rDLabel1'>Antolin: <\/span><span class='rDText1Gruen'>ja, Empfehlung Klasse 3<\/span><\/td><\/tr><tr><td width=50%><img src='https:\/\/www.web-rr.de\/GHS-Buecherei\/wp-content\/uploads\/9783440152492.jpg' alt=''><\/td><td><p class='rDLabel2'>von <span class='rDText2'>Holger Haag<\/span><\/p><p class='rDLabel2'>Verlag: <span class='rDText2'>Franckh-Kosmos Verlag,  2018,  8.99 \u20ac<\/span><\/p><p class='rDLabel2'>B\u00fccherei-Barcode: <span class='rDText2'>9783440152492<\/span><\/p><p class='rDLabel2'>In der B\u00fccherei erfasst am: <span class='rDText2'>29.10.2018<\/span><\/p><p class='rDLabel2'>Stichw\u00f6rter: <span class='rDText2'>V\u00f6gel, Robben, Muscheln, Algen, Tiere, Pflanzen, Bestimmen, Erkennen<\/span><\/p><p class='rDLabel2'>Lesealter ca. <span class='rDText2'>7<\/span><span class='rDLabel2'> Jahre<\/span><\/p><p class='rDLabel2'>Das Buch wurde <span class='rDText2'>1<\/span><span class='rDLabel2'> mal gelesen.<\/span><\/p><\/td><\/tr><tr><td colspan='2'><p class='rDLabel1'>Inhalt:<\/p><span class='rDText2'>Ob V\u00f6gel, Robben, Muscheln oder Algen \u2013 der KOSMOS Kindernaturf\u00fchrer zeigt die 85 wichtigsten einheimischen Tier- und Pflanzenarten unserer K\u00fcsten. Zus\u00e4tzlich gibt er n\u00fctzliche Tipps und Tricks rund ums Bestimmen, Erkennen und Selbermachen. Erkennen: Was findet man an unseren K\u00fcsten? Die \u00dcbersicht typischer Bewohner wie Muscheln, Krebse und V\u00f6gel mit naturgetreuen Farbzeichnungen helfen, das schnell herauszufinden. Entdecken: Wo und wie lebt das Tier und was frisst es am liebsten? Welche Pflanzen wachsen nur an der K\u00fcste? Die wichtigsten Merkmale auf einen Blick. Erleben: Jede Menge Infos und Tipps zum Mitmachen und Ausprobieren. Kompetent und kindgerecht stellt dieser Naturf\u00fchrer f\u00fcr Kinder die faszinierende Welt der Meeres- und K\u00fcstenbewohner vor.<\/span><\/td><\/tr><tr><td colspan='2'><a href='#' onclick='history.back(); return false'>Zur\u00fcck<\/a><\/td><\/tr><\/tbody><\/table>\n","protected":false},"excerpt":{"rendered":"","protected":false},"author":1,"featured_media":0,"parent":0,"menu_order":0,"comment_status":"closed","ping_status":"closed","template":"","meta":[],"_links":{"self":[{"href":"https:\/\/www.web-rr.de\/GHS-Buecherei\/index.php\/wp-json\/wp\/v2\/pages\/5158"}],"collection":[{"href":"https:\/\/www.web-rr.de\/GHS-Buecherei\/index.php\/wp-json\/wp\/v2\/pages"}],"about":[{"href":"https:\/\/www.web-rr.de\/GHS-Buecherei\/index.php\/wp-json\/wp\/v2\/types\/page"}],"author":[{"embeddable":true,"href":"https:\/\/www.web-rr.de\/GHS-Buecherei\/index.php\/wp-json\/wp\/v2\/users\/1"}],"replies":[{"embeddable":true,"href":"https:\/\/www.web-rr.de\/GHS-Buecherei\/index.php\/wp-json\/wp\/v2\/comments?post=5158"}],"version-history":[{"count":0,"href":"https:\/\/www.web-rr.de\/GHS-Buecherei\/index.php\/wp-json\/wp\/v2\/pages\/5158\/revisions"}],"wp:attachment":[{"href":"https:\/\/www.web-rr.de\/GHS-Buecherei\/index.php\/wp-json\/wp\/v2\/media?parent=5158"}],"curies":[{"name":"wp","href":"https:\/\/api.w.org\/{rel}","templated":true}]}}