{"id":5156,"date":"2021-02-23T20:00:00","date_gmt":"2021-02-23T20:00:00","guid":{"rendered":"https:\/\/www.web-rr.de\/GHS-Buecherei\/?page_id=5156"},"modified":"2021-02-22T23:59:59","modified_gmt":"2021-02-22T23:59:59","slug":"p9783804214330","status":"publish","type":"page","link":"https:\/\/www.web-rr.de\/GHS-Buecherei\/index.php\/p9783804214330\/","title":{"rendered":"Nordsee 17"},"content":{"rendered":"<table><tbody><tr><td class='rDTitel' colspan='2'>L\u00fctje und Maart: Die kleinen Klabauterm\u00e4nner<\/td><\/tr><tr><td><span class='rDLabel1'>Status: <\/span><span class='rDText1Gruen'>vorhanden<\/span><\/td><td><span class='rDLabel1'>Antolin: <\/span><span class='rDText1Rot'>Quiz nicht vorhanden.<\/span><\/td><\/tr><tr><td width=50%><img src='https:\/\/www.web-rr.de\/GHS-Buecherei\/wp-content\/uploads\/9783804214330.jpg' alt=''><\/td><td><p class='rDLabel2'>von <span class='rDText2'>Hannah K\u00f6hler und Ulrich K\u00f6hler<\/span><\/p><p class='rDLabel2'>Verlag: <span class='rDText2'>Boyens Buchverlag,  2016,  9.95 \u20ac<\/span><\/p><p class='rDLabel2'>B\u00fccherei-Barcode: <span class='rDText2'>9783804214330<\/span><\/p><p class='rDLabel2'>In der B\u00fccherei erfasst am: <span class='rDText2'>06.08.2018<\/span><\/p><p class='rDLabel2'>Stichw\u00f6rter: <span class='rDText2'>Abenteuer, Schiff, Sturm, zerschellen<\/span><\/p><p class='rDLabel2'>Lesealter ca. <span class='rDText2'>-<\/span><span class='rDLabel2'> Jahre<\/span><\/p><p class='rDLabel2'>Das Buch wurde <span class='rDText2'>0<\/span><span class='rDLabel2'> mal gelesen.<\/span><\/p><\/td><\/tr><tr><td colspan='2'><p class='rDLabel1'>Inhalt:<\/p><span class='rDText2'>Eigentlich sind L\u00fctje und Maart zwei ganz normale Klabauterm\u00e4nner. Sie leben auf einem Zweimaster, sind ziemlich klein, immer zu Streichen aufgelegt, besch\u00fctzen aber vor allem ihr Schiff vor Gefahren und helfen der Mannschaft. Doch dann zerschellt ihr Schiff im Sturm auf einer Sandbank, weil die Seeleute von einem falschen Leuchtfeuer in die Irre gef\u00fchrt wurden und die Klabauterm\u00e4nner die Gefahr zu sp\u00e4t erkannt hatten.Was nun? L\u00fctje und Maart finden ein neues Zuhause in einem h\u00fcbschen, leerstehenden Reetdachhaus und beschlie\u00dfen, von nun an das H\u00e4uschen zu besch\u00fctzen, wie sie es zuvor mit ihrem Schiff getan haben. Nun hei\u00dft es also, das Leben an Land zu entdecken! Voller Abenteuerlust erkunden die beiden kleinen Klabauterm\u00e4nner die Nordseeinsel, auf der sie gestrandet sind.Im Laufe der Zeit \u2013 und es ist eine lange Zeit, weil Klabauterm\u00e4nner uralt werden! \u2013 treiben L\u00fctje und Maart eine Menge Schabernack, entdecken Strandpiraten, fliegen auf einen neu erbauten Leuchtturm und erleben sogar eine richtige Sturmflut. Doch das wahre Abenteuer beginnt, als eine junge Frau mit ihrem Sohn und ihrem Hund in das kleine Reetdachh\u00e4uschen einzieht \u2026Illustriert mit witzigen, liebevollen Bildern und mit Erkl\u00e4rungen der wichtigsten Begriffe aus der Seemannssprache erg\u00e4nzt, zieht dieses Buch seine Leser sofort in den Bann.<\/span><\/td><\/tr><tr><td colspan='2'><a href='#' onclick='history.back(); return false'>Zur\u00fcck<\/a><\/td><\/tr><\/tbody><\/table>\n","protected":false},"excerpt":{"rendered":"","protected":false},"author":1,"featured_media":0,"parent":0,"menu_order":0,"comment_status":"closed","ping_status":"closed","template":"","meta":[],"_links":{"self":[{"href":"https:\/\/www.web-rr.de\/GHS-Buecherei\/index.php\/wp-json\/wp\/v2\/pages\/5156"}],"collection":[{"href":"https:\/\/www.web-rr.de\/GHS-Buecherei\/index.php\/wp-json\/wp\/v2\/pages"}],"about":[{"href":"https:\/\/www.web-rr.de\/GHS-Buecherei\/index.php\/wp-json\/wp\/v2\/types\/page"}],"author":[{"embeddable":true,"href":"https:\/\/www.web-rr.de\/GHS-Buecherei\/index.php\/wp-json\/wp\/v2\/users\/1"}],"replies":[{"embeddable":true,"href":"https:\/\/www.web-rr.de\/GHS-Buecherei\/index.php\/wp-json\/wp\/v2\/comments?post=5156"}],"version-history":[{"count":0,"href":"https:\/\/www.web-rr.de\/GHS-Buecherei\/index.php\/wp-json\/wp\/v2\/pages\/5156\/revisions"}],"wp:attachment":[{"href":"https:\/\/www.web-rr.de\/GHS-Buecherei\/index.php\/wp-json\/wp\/v2\/media?parent=5156"}],"curies":[{"name":"wp","href":"https:\/\/api.w.org\/{rel}","templated":true}]}}