{"id":5147,"date":"2021-02-23T20:00:00","date_gmt":"2021-02-23T20:00:00","guid":{"rendered":"https:\/\/www.web-rr.de\/GHS-Buecherei\/?page_id=5147"},"modified":"2021-02-22T23:59:59","modified_gmt":"2021-02-22T23:59:59","slug":"p9783804213821","status":"publish","type":"page","link":"https:\/\/www.web-rr.de\/GHS-Buecherei\/index.php\/p9783804213821\/","title":{"rendered":"Nordsee 08"},"content":{"rendered":"<table><tbody><tr><td class='rDTitel' colspan='2'>Wie geht das eigentlich mit Ebbe und Flut?<\/td><\/tr><tr><td><span class='rDLabel1'>Status: <\/span><span class='rDText1Gruen'>vorhanden<\/span><\/td><td><span class='rDLabel1'>Antolin: <\/span><span class='rDText1Gruen'>ja, Empfehlung Klasse 3<\/span><\/td><\/tr><tr><td width=50%><img src='https:\/\/www.web-rr.de\/GHS-Buecherei\/wp-content\/uploads\/9783804213821.jpg' alt=''><\/td><td><p class='rDLabel2'>von <span class='rDText2'>Heike Becker<\/span><\/p><p class='rDLabel2'>Verlag: <span class='rDText2'>Boyens Buchverlag,  2013,  9.95 \u20ac<\/span><\/p><p class='rDLabel2'>B\u00fccherei-Barcode: <span class='rDText2'>9783804213821<\/span><\/p><p class='rDLabel2'>In der B\u00fccherei erfasst am: <span class='rDText2'>01.03.2015<\/span><\/p><p class='rDLabel2'>Stichw\u00f6rter: <span class='rDText2'>Meer, Erdkunde, Ebbe, Flut, Gezeiten<\/span><\/p><p class='rDLabel2'>Lesealter ca. <span class='rDText2'>7<\/span><span class='rDLabel2'> Jahre<\/span><\/p><p class='rDLabel2'>Das Buch wurde <span class='rDText2'>0<\/span><span class='rDLabel2'> mal gelesen.<\/span><\/p><\/td><\/tr><tr><td colspan='2'><p class='rDLabel1'>Inhalt:<\/p><span class='rDText2'>Die Gezeiten kindgerecht erkl\u00e4rt! Ralf, der Frosch, macht Urlaub an der Nordsee. Er schl\u00e4ft im Strandkorb ein, und als er wieder aufwacht, stellt er verbl\u00fcfft fest, dass die Nordsee nicht mehr da ist. Er macht sich auf den Weg ins Watt, um der Sache auf den Grund zu gehen. Unterwegs trifft er etwas unsanft auf die kleine Strandkrabbe Klara, die ihm trotz einiger Kabbeleien eine Menge \u00fcber Ebbe und Flut erz\u00e4hlen kann. Das frech illustrierte Kinderbuch erkl\u00e4rt auf vergn\u00fcgliche und leicht verst\u00e4ndliche Weise das Geheimnis der Gezeiten. Warum ist das Wasser an der Nordsee mal da und mal weg? Was hat der Mond damit zu tun? Und welche Rolle spielen die Wassermassen der Ozeane dabei? Mit diesem kurzweiligen Buch findet nicht nur der Frosch Ralf eine Antwort auf die vielen Fragen!  ProduktdetailsVerlag: Boyens BuchverlagSeitenzahl: 42Altersempfehlung: ab 7 Jahren 2013Ausstattung\/Bilder: 2013. 44 S. m. zahlr.<\/span><\/td><\/tr><tr><td colspan='2'><a href='#' onclick='history.back(); return false'>Zur\u00fcck<\/a><\/td><\/tr><\/tbody><\/table>\n","protected":false},"excerpt":{"rendered":"","protected":false},"author":1,"featured_media":0,"parent":0,"menu_order":0,"comment_status":"closed","ping_status":"closed","template":"","meta":[],"_links":{"self":[{"href":"https:\/\/www.web-rr.de\/GHS-Buecherei\/index.php\/wp-json\/wp\/v2\/pages\/5147"}],"collection":[{"href":"https:\/\/www.web-rr.de\/GHS-Buecherei\/index.php\/wp-json\/wp\/v2\/pages"}],"about":[{"href":"https:\/\/www.web-rr.de\/GHS-Buecherei\/index.php\/wp-json\/wp\/v2\/types\/page"}],"author":[{"embeddable":true,"href":"https:\/\/www.web-rr.de\/GHS-Buecherei\/index.php\/wp-json\/wp\/v2\/users\/1"}],"replies":[{"embeddable":true,"href":"https:\/\/www.web-rr.de\/GHS-Buecherei\/index.php\/wp-json\/wp\/v2\/comments?post=5147"}],"version-history":[{"count":0,"href":"https:\/\/www.web-rr.de\/GHS-Buecherei\/index.php\/wp-json\/wp\/v2\/pages\/5147\/revisions"}],"wp:attachment":[{"href":"https:\/\/www.web-rr.de\/GHS-Buecherei\/index.php\/wp-json\/wp\/v2\/media?parent=5147"}],"curies":[{"name":"wp","href":"https:\/\/api.w.org\/{rel}","templated":true}]}}