{"id":5143,"date":"2021-02-23T20:00:00","date_gmt":"2021-02-23T20:00:00","guid":{"rendered":"https:\/\/www.web-rr.de\/GHS-Buecherei\/?page_id=5143"},"modified":"2021-02-22T23:59:59","modified_gmt":"2021-02-22T23:59:59","slug":"p9783939870579","status":"publish","type":"page","link":"https:\/\/www.web-rr.de\/GHS-Buecherei\/index.php\/p9783939870579\/","title":{"rendered":"Nordsee 03"},"content":{"rendered":"<table><tbody><tr><td class='rDTitel' colspan='2'>Klabautermann und die verschwundenen Kapit\u00e4nsl\u00f6ffel: Eine zauberhafte Geschichte<\/td><\/tr><tr><td><span class='rDLabel1'>Status: <\/span><span class='rDText1Gruen'>vorhanden<\/span><\/td><td><span class='rDLabel1'>Antolin: <\/span><span class='rDText1Rot'>Quiz nicht vorhanden.<\/span><\/td><\/tr><tr><td width=50%><img src='https:\/\/www.web-rr.de\/GHS-Buecherei\/wp-content\/uploads\/9783939870579.jpg' alt=''><\/td><td><p class='rDLabel2'>von <span class='rDText2'>Silke Arends<\/span><\/p><p class='rDLabel2'>Verlag: <span class='rDText2'>Skn Soltau-Kurier,  2008,  8.95 \u20ac<\/span><\/p><p class='rDLabel2'>B\u00fccherei-Barcode: <span class='rDText2'>9783939870579<\/span><\/p><p class='rDLabel2'>In der B\u00fccherei erfasst am: <span class='rDText2'>01.04.2014<\/span><\/p><p class='rDLabel2'>Stichw\u00f6rter: <span class='rDText2'>Meer, K\u00fcste, Weltmeere<\/span><\/p><p class='rDLabel2'>Lesealter ca. <span class='rDText2'>-<\/span><span class='rDLabel2'> Jahre<\/span><\/p><p class='rDLabel2'>Das Buch wurde <span class='rDText2'>0<\/span><span class='rDLabel2'> mal gelesen.<\/span><\/p><\/td><\/tr><tr><td colspan='2'><p class='rDLabel1'>Inhalt:<\/p><span class='rDText2'>Wenn man an der K\u00fcste aufw\u00e4chst, lernt man fr\u00fch, dass es Dinge gibt, die einem wunderbar wundersam erscheinen. Das Leben am Meer ist nie langweilig und wenn so jemand wie Klaas S\u00fcnner davon erz\u00e4hlt, bleibt ruckzuck die Zeit stehen. Auch wird dabei die Sonne \u00fcber dem Watt glutrot und wieder mal der Miesmuscheleintopf kalt, denn der alte Kapit\u00e4n hat die sieben Weltmeere bereist und Abenteuer erlebt, von denen andere nicht mal zu tr\u00e4umen wagen.Hinzu kommt, dass Klaas S\u00fcnner nicht allein auf seinem Kutter \"Ilse\" in Carolinensiel lebt. Er hat einen geheimnisvollen Gast an Bord, der irgendwann samt seiner Schatzkiste in der Backskiste eingezogen ist: der Klabautermann, der so manchen Zaubereiparagraphen erf\u00fcllen muss.Eine zauberhafte Geschichte von Silke Arends f\u00fcr kleine und gro\u00dfe Leute mit Faible f\u00fcrs Meer.<\/span><\/td><\/tr><tr><td colspan='2'><a href='#' onclick='history.back(); return false'>Zur\u00fcck<\/a><\/td><\/tr><\/tbody><\/table>\n","protected":false},"excerpt":{"rendered":"","protected":false},"author":1,"featured_media":0,"parent":0,"menu_order":0,"comment_status":"closed","ping_status":"closed","template":"","meta":[],"_links":{"self":[{"href":"https:\/\/www.web-rr.de\/GHS-Buecherei\/index.php\/wp-json\/wp\/v2\/pages\/5143"}],"collection":[{"href":"https:\/\/www.web-rr.de\/GHS-Buecherei\/index.php\/wp-json\/wp\/v2\/pages"}],"about":[{"href":"https:\/\/www.web-rr.de\/GHS-Buecherei\/index.php\/wp-json\/wp\/v2\/types\/page"}],"author":[{"embeddable":true,"href":"https:\/\/www.web-rr.de\/GHS-Buecherei\/index.php\/wp-json\/wp\/v2\/users\/1"}],"replies":[{"embeddable":true,"href":"https:\/\/www.web-rr.de\/GHS-Buecherei\/index.php\/wp-json\/wp\/v2\/comments?post=5143"}],"version-history":[{"count":0,"href":"https:\/\/www.web-rr.de\/GHS-Buecherei\/index.php\/wp-json\/wp\/v2\/pages\/5143\/revisions"}],"wp:attachment":[{"href":"https:\/\/www.web-rr.de\/GHS-Buecherei\/index.php\/wp-json\/wp\/v2\/media?parent=5143"}],"curies":[{"name":"wp","href":"https:\/\/api.w.org\/{rel}","templated":true}]}}