{"id":5142,"date":"2021-02-23T20:00:00","date_gmt":"2021-02-23T20:00:00","guid":{"rendered":"https:\/\/www.web-rr.de\/GHS-Buecherei\/?page_id=5142"},"modified":"2021-02-22T23:59:59","modified_gmt":"2021-02-22T23:59:59","slug":"p9783730814550","status":"publish","type":"page","link":"https:\/\/www.web-rr.de\/GHS-Buecherei\/index.php\/p9783730814550\/","title":{"rendered":"Nordsee 02"},"content":{"rendered":"<table><tbody><tr><td class='rDTitel' colspan='2'>Watt-Safari - Gro\u00dfe, kleine und fliegende Tiere im Nationalpark Wattenmeer<\/td><\/tr><tr><td><span class='rDLabel1'>Status: <\/span><span class='rDText1Gruen'>vorhanden<\/span><\/td><td><span class='rDLabel1'>Antolin: <\/span><span class='rDText1Rot'>Quiz nicht vorhanden.<\/span><\/td><\/tr><tr><td width=50%><img src='https:\/\/www.web-rr.de\/GHS-Buecherei\/wp-content\/uploads\/9783730814550.jpg' alt=''><\/td><td><p class='rDLabel2'>von <span class='rDText2'>Inge Kronberg<\/span><\/p><p class='rDLabel2'>Verlag: <span class='rDText2'>Isensee Florian GmbH,  2018,  7.95 \u20ac<\/span><\/p><p class='rDLabel2'>B\u00fccherei-Barcode: <span class='rDText2'>9783730814550<\/span><\/p><p class='rDLabel2'>In der B\u00fccherei erfasst am: <span class='rDText2'>25.08.2020<\/span><\/p><p class='rDLabel2'>Stichw\u00f6rter: <span class='rDText2'>Seehund, Kegelrobbe, Schweinswal, Seeadler, St\u00f6r, Wattwurm, Wattschnecke, Herzmuschel, Strandkrebs, Nordseegarnele, Wattenmeer, Ringelgans, Brandgans, Silberm\u00f6we, Austernfischer, Alpenstrandl\u00e4ufer<\/span><\/p><p class='rDLabel2'>Lesealter ca. <span class='rDText2'>9<\/span><span class='rDLabel2'> Jahre<\/span><\/p><p class='rDLabel2'>Das Buch wurde <span class='rDText2'>0<\/span><span class='rDLabel2'> mal gelesen.<\/span><\/p><\/td><\/tr><tr><td colspan='2'><p class='rDLabel1'>Inhalt:<\/p><span class='rDText2'>Auf geht's zur Safari im Wattenmeer - es gibt viele Tiere zu entdecken, gro\u00dfe, kleine und fliegende. Herausgegriffen und vorgestellt werden jeweils 5, ganz nach dem Vorbild der \"Big 5\" aus Afrikas Serengeti. Die \"Big 5\" oder 5 Gro\u00dfen des Wattenmeeres sind Seehund, Kegelrobbe, Schweinswal, Seeadler und St\u00f6r. Sie zeigen beispielhaft, wie sich gef\u00e4hrdete Arten sch\u00fctzen lassen. Die \"Small 5\" oder 5 Kleinen sind Wattwurm, Wattschnecke, Herzmuschel, Strandkrebs und Nordseegarnele. Sie pr\u00e4gen die Lebensr\u00e4ume im Wattenmeer und machen das Watt erst zum Watt. Die \"Flying 5\" oder 5 Flieger sind Ringelgans, Brandgans, Silberm\u00f6we, Austernfischer und Alpenstrandl\u00e4ufer. Sie nutzen das Wattenmeer vor allem als Drehscheibe des Vogelzuges und zeigen die Bedeutung internationaler Zusammenarbeit im Naturschutz. Nebenbei erf\u00e4hrt der Entdecker auch Einiges \u00fcber die verschiedenen Lebensr\u00e4ume im Nationalpark Wattenmeer, wie Schlick- und Sandwatt, Salzwiesen, Muschelb\u00e4nke, D\u00fcnen oder Seegraswiesen. Lebensnahe Detailzeichnungen und Entdeckertipps runden die Safari ab.<\/span><\/td><\/tr><tr><td colspan='2'><a href='#' onclick='history.back(); return false'>Zur\u00fcck<\/a><\/td><\/tr><\/tbody><\/table>\n","protected":false},"excerpt":{"rendered":"","protected":false},"author":1,"featured_media":0,"parent":0,"menu_order":0,"comment_status":"closed","ping_status":"closed","template":"","meta":[],"_links":{"self":[{"href":"https:\/\/www.web-rr.de\/GHS-Buecherei\/index.php\/wp-json\/wp\/v2\/pages\/5142"}],"collection":[{"href":"https:\/\/www.web-rr.de\/GHS-Buecherei\/index.php\/wp-json\/wp\/v2\/pages"}],"about":[{"href":"https:\/\/www.web-rr.de\/GHS-Buecherei\/index.php\/wp-json\/wp\/v2\/types\/page"}],"author":[{"embeddable":true,"href":"https:\/\/www.web-rr.de\/GHS-Buecherei\/index.php\/wp-json\/wp\/v2\/users\/1"}],"replies":[{"embeddable":true,"href":"https:\/\/www.web-rr.de\/GHS-Buecherei\/index.php\/wp-json\/wp\/v2\/comments?post=5142"}],"version-history":[{"count":0,"href":"https:\/\/www.web-rr.de\/GHS-Buecherei\/index.php\/wp-json\/wp\/v2\/pages\/5142\/revisions"}],"wp:attachment":[{"href":"https:\/\/www.web-rr.de\/GHS-Buecherei\/index.php\/wp-json\/wp\/v2\/media?parent=5142"}],"curies":[{"name":"wp","href":"https:\/\/api.w.org\/{rel}","templated":true}]}}