{"id":5140,"date":"2021-02-23T20:00:00","date_gmt":"2021-02-23T20:00:00","guid":{"rendered":"https:\/\/www.web-rr.de\/GHS-Buecherei\/?page_id=5140"},"modified":"2021-02-22T23:59:59","modified_gmt":"2021-02-22T23:59:59","slug":"p9783785575079","status":"publish","type":"page","link":"https:\/\/www.web-rr.de\/GHS-Buecherei\/index.php\/p9783785575079\/","title":{"rendered":"Ninjago 12"},"content":{"rendered":"<table><tbody><tr><td class='rDTitel' colspan='2'>Power Ninjas, Band 3: Flucht aus der Eish\u00f6lle<\/td><\/tr><tr><td><span class='rDLabel1'>Status: <\/span><span class='rDText1Gruen'>vorhanden<\/span><\/td><td><span class='rDLabel1'>Antolin: <\/span><span class='rDText1Gruen'>ja, Empfehlung Klasse 4<\/span><\/td><\/tr><tr><td width=50%><img src='https:\/\/www.web-rr.de\/GHS-Buecherei\/wp-content\/uploads\/9783785575079.jpg' alt=''><\/td><td><p class='rDLabel2'>von <span class='rDText2'>Gareth P. Jones<\/span><\/p><p class='rDLabel2'>Verlag: <span class='rDText2'>Loewe,  2012,  7.95 \u20ac<\/span><\/p><p class='rDLabel2'>B\u00fccherei-Barcode: <span class='rDText2'>9783785575079<\/span><\/p><p class='rDLabel2'>In der B\u00fccherei erfasst am: <span class='rDText2'>14.01.2019<\/span><\/p><p class='rDLabel2'>Stichw\u00f6rter: <span class='rDText2'>Tiere, Skorpion, Erdm\u00e4nnchen, Frost, Eis<\/span><\/p><p class='rDLabel2'>Lesealter ca. <span class='rDText2'>8<\/span><span class='rDLabel2'> Jahre<\/span><\/p><p class='rDLabel2'>Das Buch wurde <span class='rDText2'>7<\/span><span class='rDLabel2'> mal gelesen.<\/span><\/p><\/td><\/tr><tr><td colspan='2'><p class='rDLabel1'>Inhalt:<\/p><span class='rDText2'>Hier kommen sie: Die vier Ninja-K\u00e4mpfer der besonderen Art.Sie sind klein.Sie sind pelzig.Sie sind Erdm\u00e4nnchen!Und zusammen sind sie der Clan des Skorpions.Mitten aus der Hauptversammlung der Ninja-Gro\u00dfmeister verschwindet Gro\u00dfmeister Einauge. Ein ganz harter (Karate-)Schlag f\u00fcr den Clan des Skorpions. Hals \u00fcber pelzigem Kopf befindet der sich wieder in einem neuen Kampf mit seinem Erzfeind, dem Meister der Spiele. Denn dieser Halunke steckt - das ist klar wie Eidechsenschwanzsuppe - hinter dieser Entf\u00fchrung!Die vier Erdm\u00e4nnchen m\u00fcssen sich diesmal sehr warm anziehen, denn ihre Suche f\u00fchrt sie durch Frost und K\u00e4lte zum Ewigen Eisberg.<\/span><\/td><\/tr><tr><td colspan='2'><a href='#' onclick='history.back(); return false'>Zur\u00fcck<\/a><\/td><\/tr><\/tbody><\/table>\n","protected":false},"excerpt":{"rendered":"","protected":false},"author":1,"featured_media":0,"parent":0,"menu_order":0,"comment_status":"closed","ping_status":"closed","template":"","meta":[],"_links":{"self":[{"href":"https:\/\/www.web-rr.de\/GHS-Buecherei\/index.php\/wp-json\/wp\/v2\/pages\/5140"}],"collection":[{"href":"https:\/\/www.web-rr.de\/GHS-Buecherei\/index.php\/wp-json\/wp\/v2\/pages"}],"about":[{"href":"https:\/\/www.web-rr.de\/GHS-Buecherei\/index.php\/wp-json\/wp\/v2\/types\/page"}],"author":[{"embeddable":true,"href":"https:\/\/www.web-rr.de\/GHS-Buecherei\/index.php\/wp-json\/wp\/v2\/users\/1"}],"replies":[{"embeddable":true,"href":"https:\/\/www.web-rr.de\/GHS-Buecherei\/index.php\/wp-json\/wp\/v2\/comments?post=5140"}],"version-history":[{"count":0,"href":"https:\/\/www.web-rr.de\/GHS-Buecherei\/index.php\/wp-json\/wp\/v2\/pages\/5140\/revisions"}],"wp:attachment":[{"href":"https:\/\/www.web-rr.de\/GHS-Buecherei\/index.php\/wp-json\/wp\/v2\/media?parent=5140"}],"curies":[{"name":"wp","href":"https:\/\/api.w.org\/{rel}","templated":true}]}}