{"id":5136,"date":"2021-02-23T20:00:00","date_gmt":"2021-02-23T20:00:00","guid":{"rendered":"https:\/\/www.web-rr.de\/GHS-Buecherei\/?page_id=5136"},"modified":"2021-02-22T23:59:59","modified_gmt":"2021-02-22T23:59:59","slug":"p9783946097334","status":"publish","type":"page","link":"https:\/\/www.web-rr.de\/GHS-Buecherei\/index.php\/p9783946097334\/","title":{"rendered":"Ninjago 08"},"content":{"rendered":"<table><tbody><tr><td class='rDTitel' colspan='2'>LEGO\u00ae NINJAGO\u2122 Nadakhan und die Luftpiraten<\/td><\/tr><tr><td><span class='rDLabel1'>Status: <\/span><span class='rDText1Gruen'>vorhanden<\/span><\/td><td><span class='rDLabel1'>Antolin: <\/span><span class='rDText1Gruen'>ja, Empfehlung Klasse 3<\/span><\/td><\/tr><tr><td width=50%><img src='https:\/\/www.web-rr.de\/GHS-Buecherei\/wp-content\/uploads\/9783946097334.jpg' alt=''><\/td><td><p class='rDLabel2'>von <span class='rDText2'>Greg Farshtey<\/span><\/p><p class='rDLabel2'>Verlag: <span class='rDText2'>AMEET Verlag,  2016,  7.99 \u20ac<\/span><\/p><p class='rDLabel2'>B\u00fccherei-Barcode: <span class='rDText2'>9783946097334<\/span><\/p><p class='rDLabel2'>In der B\u00fccherei erfasst am: <span class='rDText2'>25.10.2018<\/span><\/p><p class='rDLabel2'>Stichw\u00f6rter: <span class='rDText2'>Teenager, Abenteuer, Piraten, Fliegen<\/span><\/p><p class='rDLabel2'>Lesealter ca. <span class='rDText2'>7<\/span><span class='rDLabel2'> Jahre<\/span><\/p><p class='rDLabel2'>Das Buch wurde <span class='rDText2'>16<\/span><span class='rDLabel2'> mal gelesen.<\/span><\/p><\/td><\/tr><tr><td colspan='2'><p class='rDLabel1'>Inhalt:<\/p><span class='rDText2'>In diesem Lesebuch gehen die Abenteuer der Ninja weiter! Ideal zum Vor- und Selberlesen drehen sich drei abgeschlossene Geschichten um die Ereignisse der sechsten Staffel der TV-Serie.Darin messen sich die Ninja hoch oben am Himmel. Denn seit sie die Technik des Airjitzu gelernt haben, k\u00f6nnen die jungen Helden sogar fliegen! Gegen den b\u00f6sen Dschinn Nadakhan und seine Luftpiraten kommt diese F\u00e4higkeit wie gerufen. Aber nicht nur die Ninja m\u00fcssen es mit den fiesen Tricks des Dschinn aufnehmen, der kriminelle Doppelg\u00e4nger der Ninja erschaffen hat. Auch die Piraten haben alle H\u00e4nde voll zu tun, ihr Segelschiff fit f\u00fcr den Himmel zu machen. Wird es ihnen gelingen, ihr Flugschiff startklar zu machen und es mit den Ninja aufzunehmen? Handgemalte Illustrationen und eine gro\u00dfe Schrift schaffen ein angenehmes Lese- und Vorleseerlebnis. Einf\u00fchrende Kapitel zum aktuellen Stand der Geschichte liefern den passenden Einstieg, und ein Glossar am Ende des Buchs erkl\u00e4rt die wichtigsten Begriffe aus den Geschichten.<\/span><\/td><\/tr><tr><td colspan='2'><a href='#' onclick='history.back(); return false'>Zur\u00fcck<\/a><\/td><\/tr><\/tbody><\/table>\n","protected":false},"excerpt":{"rendered":"","protected":false},"author":1,"featured_media":0,"parent":0,"menu_order":0,"comment_status":"closed","ping_status":"closed","template":"","meta":[],"_links":{"self":[{"href":"https:\/\/www.web-rr.de\/GHS-Buecherei\/index.php\/wp-json\/wp\/v2\/pages\/5136"}],"collection":[{"href":"https:\/\/www.web-rr.de\/GHS-Buecherei\/index.php\/wp-json\/wp\/v2\/pages"}],"about":[{"href":"https:\/\/www.web-rr.de\/GHS-Buecherei\/index.php\/wp-json\/wp\/v2\/types\/page"}],"author":[{"embeddable":true,"href":"https:\/\/www.web-rr.de\/GHS-Buecherei\/index.php\/wp-json\/wp\/v2\/users\/1"}],"replies":[{"embeddable":true,"href":"https:\/\/www.web-rr.de\/GHS-Buecherei\/index.php\/wp-json\/wp\/v2\/comments?post=5136"}],"version-history":[{"count":0,"href":"https:\/\/www.web-rr.de\/GHS-Buecherei\/index.php\/wp-json\/wp\/v2\/pages\/5136\/revisions"}],"wp:attachment":[{"href":"https:\/\/www.web-rr.de\/GHS-Buecherei\/index.php\/wp-json\/wp\/v2\/media?parent=5136"}],"curies":[{"name":"wp","href":"https:\/\/api.w.org\/{rel}","templated":true}]}}