{"id":5128,"date":"2021-02-23T20:00:00","date_gmt":"2021-02-23T20:00:00","guid":{"rendered":"https:\/\/www.web-rr.de\/GHS-Buecherei\/?page_id=5128"},"modified":"2021-02-22T23:59:59","modified_gmt":"2021-02-22T23:59:59","slug":"p9783866593923","status":"publish","type":"page","link":"https:\/\/www.web-rr.de\/GHS-Buecherei\/index.php\/p9783866593923\/","title":{"rendered":"Natur &#8211; Wildtiere 20"},"content":{"rendered":"<table><tbody><tr><td class='rDTitel' colspan='2'>Entdecke die Waschb\u00e4ren<\/td><\/tr><tr><td><span class='rDLabel1'>Status: <\/span><span class='rDText1Gruen'>vorhanden<\/span><\/td><td><span class='rDLabel1'>Antolin: <\/span><span class='rDText1Gruen'>ja, Empfehlung Klasse 4<\/span><\/td><\/tr><tr><td width=50%><img src='https:\/\/www.web-rr.de\/GHS-Buecherei\/wp-content\/uploads\/9783866593923.jpg' alt=''><\/td><td><p class='rDLabel2'>von <span class='rDText2'>Berit Michler, Frank-Uwe Michler<\/span><\/p><p class='rDLabel2'>Verlag: <span class='rDText2'>Natur und Tier,  2018,  14.80 \u20ac<\/span><\/p><p class='rDLabel2'>B\u00fccherei-Barcode: <span class='rDText2'>9783866593923<\/span><\/p><p class='rDLabel2'>In der B\u00fccherei erfasst am: <span class='rDText2'>25.08.2020<\/span><\/p><p class='rDLabel2'>Stichw\u00f6rter: <span class='rDText2'>Amerika, Waschb\u00e4r, Raubtiere<\/span><\/p><p class='rDLabel2'>Lesealter ca. <span class='rDText2'>8<\/span><span class='rDLabel2'> Jahre<\/span><\/p><p class='rDLabel2'>Das Buch wurde <span class='rDText2'>5<\/span><span class='rDLabel2'> mal gelesen.<\/span><\/p><\/td><\/tr><tr><td colspan='2'><p class='rDLabel1'>Inhalt:<\/p><span class='rDText2'>Kaum ein anderes Tier wirkt schon auf Anhieb so sympathisch wie der Waschb\u00e4r mit seiner lustigen \"Panzerknacker-Maske\" und dem flauschigen, geringelten Schwanz. Urspr\u00fcnglich ein echter Amerikaner, ist er l\u00e4ngst auch in Deutschland heimisch. Die Waschb\u00e4r-Experten Berit und Frank-Uwe Michler stellen Dir in diesem Band der \"Reihe mit der Eule\" die liebenswerten kleinen Raubtiere ausf\u00fchrlich vor und schildern Dir ihre spannende Lebensweise - eine aufregende Entdeckungsreise durch die Welt des Waschb\u00e4ren!\n\r\n\r\u00bbInhalt\u00ab\n\r-Einwanderer aus \u00dcbersee -Die Verwandten des Waschb\u00e4ren -Kleine Banditen -Lecker! Der Speiseplan der Waschb\u00e4ren -Scharfe Sinne -Gemeinsamkeit macht stark -Einfach putzige Jungtiere -Aus dem Leben von Waschb\u00e4rforschern -Mit Waschb\u00e4ren leben Extra: Gro\u00dfes Waschb\u00e4ren-Quiz<\/span><\/td><\/tr><tr><td colspan='2'><a href='#' onclick='history.back(); return false'>Zur\u00fcck<\/a><\/td><\/tr><\/tbody><\/table>\n","protected":false},"excerpt":{"rendered":"","protected":false},"author":1,"featured_media":0,"parent":0,"menu_order":0,"comment_status":"closed","ping_status":"closed","template":"","meta":[],"_links":{"self":[{"href":"https:\/\/www.web-rr.de\/GHS-Buecherei\/index.php\/wp-json\/wp\/v2\/pages\/5128"}],"collection":[{"href":"https:\/\/www.web-rr.de\/GHS-Buecherei\/index.php\/wp-json\/wp\/v2\/pages"}],"about":[{"href":"https:\/\/www.web-rr.de\/GHS-Buecherei\/index.php\/wp-json\/wp\/v2\/types\/page"}],"author":[{"embeddable":true,"href":"https:\/\/www.web-rr.de\/GHS-Buecherei\/index.php\/wp-json\/wp\/v2\/users\/1"}],"replies":[{"embeddable":true,"href":"https:\/\/www.web-rr.de\/GHS-Buecherei\/index.php\/wp-json\/wp\/v2\/comments?post=5128"}],"version-history":[{"count":0,"href":"https:\/\/www.web-rr.de\/GHS-Buecherei\/index.php\/wp-json\/wp\/v2\/pages\/5128\/revisions"}],"wp:attachment":[{"href":"https:\/\/www.web-rr.de\/GHS-Buecherei\/index.php\/wp-json\/wp\/v2\/media?parent=5128"}],"curies":[{"name":"wp","href":"https:\/\/api.w.org\/{rel}","templated":true}]}}