{"id":5126,"date":"2021-02-23T20:00:00","date_gmt":"2021-02-23T20:00:00","guid":{"rendered":"https:\/\/www.web-rr.de\/GHS-Buecherei\/?page_id=5126"},"modified":"2021-02-22T23:59:59","modified_gmt":"2021-02-22T23:59:59","slug":"p9783788621049","status":"publish","type":"page","link":"https:\/\/www.web-rr.de\/GHS-Buecherei\/index.php\/p9783788621049\/","title":{"rendered":"Natur &#8211; Wildtiere 18"},"content":{"rendered":"<table><tbody><tr><td class='rDTitel' colspan='2'>WAS IST WAS Band 115 B\u00e4ren. Grizzly, Panda, Eisb\u00e4r<\/td><\/tr><tr><td><span class='rDLabel1'>Status: <\/span><span class='rDText1Gruen'>vorhanden<\/span><\/td><td><span class='rDLabel1'>Antolin: <\/span><span class='rDText1Gruen'>ja, Empfehlung Klasse 5<\/span><\/td><\/tr><tr><td width=50%><img src='https:\/\/www.web-rr.de\/GHS-Buecherei\/wp-content\/uploads\/9783788621049.jpg' alt=''><\/td><td><p class='rDLabel2'>von <span class='rDText2'>Alexandra Mayer<\/span><\/p><p class='rDLabel2'>Verlag: <span class='rDText2'>Tessloff Verlag Ragnar Tessloff GmbH & Co. KG,  2017,  9.95 \u20ac<\/span><\/p><p class='rDLabel2'>B\u00fccherei-Barcode: <span class='rDText2'>9783788621049<\/span><\/p><p class='rDLabel2'>In der B\u00fccherei erfasst am: <span class='rDText2'>21.10.2019<\/span><\/p><p class='rDLabel2'>Stichw\u00f6rter: <span class='rDText2'>Braunb\u00e4ren, Nasenb\u00e4r, Waschb\u00e4r, B\u00e4renforscher<\/span><\/p><p class='rDLabel2'>Lesealter ca. <span class='rDText2'>9<\/span><span class='rDLabel2'> Jahre<\/span><\/p><p class='rDLabel2'>Das Buch wurde <span class='rDText2'>8<\/span><span class='rDLabel2'> mal gelesen.<\/span><\/p><\/td><\/tr><tr><td colspan='2'><p class='rDLabel1'>Inhalt:<\/p><span class='rDText2'>Wer das Wort \"B\u00e4r\" h\u00f6rt, hat oft gleich das Bild eines Braunb\u00e4ren vor Augen. Diese B\u00e4renart ist f\u00fcr die meisten Menschen der bekannteste Gro\u00dfb\u00e4r. Braunb\u00e4ren sind in Nordamerika, Asien und in Teilen Europas daheim. Sie leben in W\u00e4ldern oder offenem Gel\u00e4nde wie K\u00e4ltesteppen und sogar in der W\u00fcste. Das WAS IST WAS Sachbuch begibt sich auf die Spuren von Gro\u00dfb\u00e4ren wie Panda und Eisb\u00e4r und von kletterbegabten Kleinb\u00e4ren wie Nasen- oder Waschb\u00e4r. Wie leben B\u00e4ren, eine B\u00e4renfamilie? Wie werden kleine B\u00e4ren gro\u00df? M\u00f6gen alle B\u00e4ren Honig? Was unterscheidet die Winterruhe der Gro\u00dfb\u00e4ren vom Winterschlaf anderer Tiere? Wie bei WAS IST WAS \u00fcblich, werden die Texte von tollen Fotos begleitet, von \"funny facts\" ebenso wie von einem Exklusivinterview mit einem B\u00e4renforscher.<\/span><\/td><\/tr><tr><td colspan='2'><a href='#' onclick='history.back(); return false'>Zur\u00fcck<\/a><\/td><\/tr><\/tbody><\/table>\n","protected":false},"excerpt":{"rendered":"","protected":false},"author":1,"featured_media":0,"parent":0,"menu_order":0,"comment_status":"closed","ping_status":"closed","template":"","meta":[],"_links":{"self":[{"href":"https:\/\/www.web-rr.de\/GHS-Buecherei\/index.php\/wp-json\/wp\/v2\/pages\/5126"}],"collection":[{"href":"https:\/\/www.web-rr.de\/GHS-Buecherei\/index.php\/wp-json\/wp\/v2\/pages"}],"about":[{"href":"https:\/\/www.web-rr.de\/GHS-Buecherei\/index.php\/wp-json\/wp\/v2\/types\/page"}],"author":[{"embeddable":true,"href":"https:\/\/www.web-rr.de\/GHS-Buecherei\/index.php\/wp-json\/wp\/v2\/users\/1"}],"replies":[{"embeddable":true,"href":"https:\/\/www.web-rr.de\/GHS-Buecherei\/index.php\/wp-json\/wp\/v2\/comments?post=5126"}],"version-history":[{"count":0,"href":"https:\/\/www.web-rr.de\/GHS-Buecherei\/index.php\/wp-json\/wp\/v2\/pages\/5126\/revisions"}],"wp:attachment":[{"href":"https:\/\/www.web-rr.de\/GHS-Buecherei\/index.php\/wp-json\/wp\/v2\/media?parent=5126"}],"curies":[{"name":"wp","href":"https:\/\/api.w.org\/{rel}","templated":true}]}}