{"id":5125,"date":"2021-02-23T20:00:00","date_gmt":"2021-02-23T20:00:00","guid":{"rendered":"https:\/\/www.web-rr.de\/GHS-Buecherei\/?page_id=5125"},"modified":"2021-02-22T23:59:59","modified_gmt":"2021-02-22T23:59:59","slug":"p9783831032594","status":"publish","type":"page","link":"https:\/\/www.web-rr.de\/GHS-Buecherei\/index.php\/p9783831032594\/","title":{"rendered":"Natur &#8211; Wildtiere 17"},"content":{"rendered":"<table><tbody><tr><td class='rDTitel' colspan='2'>SUPERLESER! Nachwuchs bei uns im Zoo<\/td><\/tr><tr><td><span class='rDLabel1'>Status: <\/span><span class='rDText1Rot'>ausgeliehen<\/span><\/td><td><span class='rDLabel1'>Antolin: <\/span><span class='rDText1Gruen'>ja, Empfehlung Klasse 2<\/span><\/td><\/tr><tr><td width=50%><img src='https:\/\/www.web-rr.de\/GHS-Buecherei\/wp-content\/uploads\/9783831032594.jpg' alt=''><\/td><td><p class='rDLabel2'>von <span class='rDText2'>Various authors<\/span><\/p><p class='rDLabel2'>Verlag: <span class='rDText2'>Dorling Kindersley Verlag GmbH,  2017,  5.95 \u20ac<\/span><\/p><p class='rDLabel2'>B\u00fccherei-Barcode: <span class='rDText2'>9783831032594<\/span><\/p><p class='rDLabel2'>In der B\u00fccherei erfasst am: <span class='rDText2'>25.09.2019<\/span><\/p><p class='rDLabel2'>Stichw\u00f6rter: <span class='rDText2'>Gorillas, Elefanten, Zebras, Erstleser<\/span><\/p><p class='rDLabel2'>Lesealter ca. <span class='rDText2'>6<\/span><span class='rDLabel2'> Jahre<\/span><\/p><p class='rDLabel2'>Das Buch wurde <span class='rDText2'>3<\/span><span class='rDLabel2'> mal gelesen.<\/span><\/p><\/td><\/tr><tr><td colspan='2'><p class='rDLabel1'>Inhalt:<\/p><span class='rDText2'>Ob s\u00fc\u00dfe Mini-Gorillas, kleine Elefanten, die am R\u00fcssel ihrer Mami nuckeln oder winzige K\u00e4nguru-Babys \u2013 im Zoo gibt es so viel zu entdecken! Begleitet Eichh\u00f6rnchen Perri beim Besuch seiner Freunde wie Kaninchen Rudi oder Fritz dem Fuchs. Dabei erfahrt ihr jede Menge Spannendes \u00fcber die Tiere \u2013 zum Beispiel, dass Geparde \u00fcber 100 km\/h schnell laufen k\u00f6nnen. Nach der Zoo-Tour gibt es obendrauf ein Backrezept f\u00fcr einen leckeren ZebrakuchenDie Superleser!-B\u00fccher kombinieren das Beste aus Sach- und erz\u00e4hlendem Buch: Aufregende Geschichten werden durch interessante Hintergrundinformationen erg\u00e4nzt - so kommt der Spa\u00df, aber auch der Lerneffekt nicht zu kurz! Die B\u00fccher gibt es in drei Lesestufen: f\u00fcr Leseanf\u00e4nger in gelb, f\u00fcr Erstleser in gr\u00fcn und f\u00fcr Leseprofis in blau. Am Ende jedes Bandes gibt es ein Quiz mit Fragen zum Text sowie Hinweise und Tipps f\u00fcr Eltern, wie sie ihr Kind beim Lesen lernen bestm\u00f6glich unterst\u00fctzen k\u00f6nnen.Die Sach-Geschichten der ersten Lesestufe sind f\u00fcr Kids ab der ersten Schulklasse optimal geeignet. Auf jeweils 48 Seiten fesseln Geschichten in extragro\u00dfer Fibelschrift, kurzen S\u00e4tzen und mit gro\u00dfformatigen Bildern. Dazu gibt es ein tolles Leseb\u00e4ndchen zum schnellen Wiederfinden. Die Schrift eignet sich auch zum gemeinsamen Vorlesen!<\/span><\/td><\/tr><tr><td colspan='2'><a href='#' onclick='history.back(); return false'>Zur\u00fcck<\/a><\/td><\/tr><\/tbody><\/table>\n","protected":false},"excerpt":{"rendered":"","protected":false},"author":1,"featured_media":0,"parent":0,"menu_order":0,"comment_status":"closed","ping_status":"closed","template":"","meta":[],"_links":{"self":[{"href":"https:\/\/www.web-rr.de\/GHS-Buecherei\/index.php\/wp-json\/wp\/v2\/pages\/5125"}],"collection":[{"href":"https:\/\/www.web-rr.de\/GHS-Buecherei\/index.php\/wp-json\/wp\/v2\/pages"}],"about":[{"href":"https:\/\/www.web-rr.de\/GHS-Buecherei\/index.php\/wp-json\/wp\/v2\/types\/page"}],"author":[{"embeddable":true,"href":"https:\/\/www.web-rr.de\/GHS-Buecherei\/index.php\/wp-json\/wp\/v2\/users\/1"}],"replies":[{"embeddable":true,"href":"https:\/\/www.web-rr.de\/GHS-Buecherei\/index.php\/wp-json\/wp\/v2\/comments?post=5125"}],"version-history":[{"count":0,"href":"https:\/\/www.web-rr.de\/GHS-Buecherei\/index.php\/wp-json\/wp\/v2\/pages\/5125\/revisions"}],"wp:attachment":[{"href":"https:\/\/www.web-rr.de\/GHS-Buecherei\/index.php\/wp-json\/wp\/v2\/media?parent=5125"}],"curies":[{"name":"wp","href":"https:\/\/api.w.org\/{rel}","templated":true}]}}