{"id":5121,"date":"2021-02-23T20:00:00","date_gmt":"2021-02-23T20:00:00","guid":{"rendered":"https:\/\/www.web-rr.de\/GHS-Buecherei\/?page_id=5121"},"modified":"2021-02-22T23:59:59","modified_gmt":"2021-02-22T23:59:59","slug":"p9783842713819","status":"publish","type":"page","link":"https:\/\/www.web-rr.de\/GHS-Buecherei\/index.php\/p9783842713819\/","title":{"rendered":"Natur &#8211; Wildtiere 13"},"content":{"rendered":"<table><tbody><tr><td class='rDTitel' colspan='2'>Galileo Wissen: Tiere Afrikas: Leben in der Wildnis<\/td><\/tr><tr><td><span class='rDLabel1'>Status: <\/span><span class='rDText1Gruen'>vorhanden<\/span><\/td><td><span class='rDLabel1'>Antolin: <\/span><span class='rDText1Gruen'>ja, Empfehlung Klasse 3<\/span><\/td><\/tr><tr><td width=50%><img src='https:\/\/www.web-rr.de\/GHS-Buecherei\/wp-content\/uploads\/9783842713819.jpg' alt=''><\/td><td><p class='rDLabel2'>von <span class='rDText2'>\u00c9milie Beaumont<\/span><\/p><p class='rDLabel2'>Verlag: <span class='rDText2'>Ullmann Medien,  2016,  4.99 \u20ac<\/span><\/p><p class='rDLabel2'>B\u00fccherei-Barcode: <span class='rDText2'>9783842713819<\/span><\/p><p class='rDLabel2'>In der B\u00fccherei erfasst am: <span class='rDText2'>06.08.2018<\/span><\/p><p class='rDLabel2'>Stichw\u00f6rter: <span class='rDText2'>L\u00f6wen, Elefanten, Krokodile, Savanne, Quizteil, R\u00e4tselteil<\/span><\/p><p class='rDLabel2'>Lesealter ca. <span class='rDText2'>7<\/span><span class='rDLabel2'> Jahre<\/span><\/p><p class='rDLabel2'>Das Buch wurde <span class='rDText2'>6<\/span><span class='rDLabel2'> mal gelesen.<\/span><\/p><\/td><\/tr><tr><td colspan='2'><p class='rDLabel1'>Inhalt:<\/p><span class='rDText2'>L\u00f6wen, Elefanten, Krokodile - zahlreiche Tierarten sind in der afrikanischen Savanne zu Hause. Dieses Buch verr\u00e4t dir, wie sie leben und was sie so besonders macht. Wei\u00dft du, welches das schnellste Landtier der Welt ist oder was ein Nashorn richtig w\u00fctend macht? Du erf\u00e4hrst auch, warum Zebras Streifen haben und lernst die M\u00fcllm\u00e4nner der Natur kennen. Im anschlie\u00dfenden Quiz- und R\u00e4tselteil kannst du deine Kenntnisse testen und zeigen, ob du schon Experte bist!<\/span><\/td><\/tr><tr><td colspan='2'><a href='#' onclick='history.back(); return false'>Zur\u00fcck<\/a><\/td><\/tr><\/tbody><\/table>\n","protected":false},"excerpt":{"rendered":"","protected":false},"author":1,"featured_media":0,"parent":0,"menu_order":0,"comment_status":"closed","ping_status":"closed","template":"","meta":[],"_links":{"self":[{"href":"https:\/\/www.web-rr.de\/GHS-Buecherei\/index.php\/wp-json\/wp\/v2\/pages\/5121"}],"collection":[{"href":"https:\/\/www.web-rr.de\/GHS-Buecherei\/index.php\/wp-json\/wp\/v2\/pages"}],"about":[{"href":"https:\/\/www.web-rr.de\/GHS-Buecherei\/index.php\/wp-json\/wp\/v2\/types\/page"}],"author":[{"embeddable":true,"href":"https:\/\/www.web-rr.de\/GHS-Buecherei\/index.php\/wp-json\/wp\/v2\/users\/1"}],"replies":[{"embeddable":true,"href":"https:\/\/www.web-rr.de\/GHS-Buecherei\/index.php\/wp-json\/wp\/v2\/comments?post=5121"}],"version-history":[{"count":0,"href":"https:\/\/www.web-rr.de\/GHS-Buecherei\/index.php\/wp-json\/wp\/v2\/pages\/5121\/revisions"}],"wp:attachment":[{"href":"https:\/\/www.web-rr.de\/GHS-Buecherei\/index.php\/wp-json\/wp\/v2\/media?parent=5121"}],"curies":[{"name":"wp","href":"https:\/\/api.w.org\/{rel}","templated":true}]}}