{"id":5115,"date":"2021-02-23T20:00:00","date_gmt":"2021-02-23T20:00:00","guid":{"rendered":"https:\/\/www.web-rr.de\/GHS-Buecherei\/?page_id=5115"},"modified":"2021-02-22T23:59:59","modified_gmt":"2021-02-22T23:59:59","slug":"p9783831010646","status":"publish","type":"page","link":"https:\/\/www.web-rr.de\/GHS-Buecherei\/index.php\/p9783831010646\/","title":{"rendered":"Natur &#8211; Wildtiere 07"},"content":{"rendered":"<table><tbody><tr><td class='rDTitel' colspan='2'>Was wei\u00dft du \u00fcber Tiere?: 800 schlaue Fragen und Antworten<\/td><\/tr><tr><td><span class='rDLabel1'>Status: <\/span><span class='rDText1Gruen'>vorhanden<\/span><\/td><td><span class='rDLabel1'>Antolin: <\/span><span class='rDText1Rot'>Quiz nicht vorhanden.<\/span><\/td><\/tr><tr><td width=50%><img src='https:\/\/www.web-rr.de\/GHS-Buecherei\/wp-content\/uploads\/9783831010646.jpg' alt=''><\/td><td><p class='rDLabel2'>von <span class='rDText2'>Diverse<\/span><\/p><p class='rDLabel2'>Verlag: <span class='rDText2'>Dorling Kindersley Verlag,  2007,  9.95 \u20ac<\/span><\/p><p class='rDLabel2'>B\u00fccherei-Barcode: <span class='rDText2'>9783831010646<\/span><\/p><p class='rDLabel2'>In der B\u00fccherei erfasst am: <span class='rDText2'>01.04.2014<\/span><\/p><p class='rDLabel2'>Stichw\u00f6rter: <span class='rDText2'>Tiere, Wissen<\/span><\/p><p class='rDLabel2'>Lesealter ca. <span class='rDText2'>-<\/span><span class='rDLabel2'> Jahre<\/span><\/p><p class='rDLabel2'>Das Buch wurde <span class='rDText2'>7<\/span><span class='rDLabel2'> mal gelesen.<\/span><\/p><\/td><\/tr><tr><td colspan='2'><p class='rDLabel1'>Inhalt:<\/p><span class='rDText2'>Wo hat der Grash\u00fcpfer seine Ohren? K\u00f6nnen Elefanten mit dem R\u00fcssel riechen? Welches S\u00e4ugetier ern\u00e4hrt sich t\u00e4glich von 30.000 Insekten? In Frage-und-Antwort-Form werden in diesem Buch spannende Ph\u00e4nomene aus der Welt der Tiere behandelt. \u00dcber 800 interessante Fakten rund um die Themen Sinne, Verteidigung, Tarnung, Ern\u00e4hrung und Fortbewegung werden kleinen Lesern anschaulich erkl\u00e4rt. Dabei erf\u00e4hrt man allerlei Verbl\u00fcffendes von Fischen, die an Land gehen, Eidechsen, die \u00fcbers Wasser laufen, oder Raupen, die sich als Schlangen tarnen. Zus\u00e4tzliche Info- K\u00e4sten auf jeder Seite enth\u00fcllen kuriose Fakten und berichten von unglaublichen Rekorden. Tolle 3D-Modelle zeigen typische Verhaltensweisen und ungew\u00f6hnliche K\u00f6rpermerkmale der Tiere auf. Bei Kinderfesten kann das Buch eine gute Grundlage f\u00fcr ein spannendes Tier-Quiz sein. Ab 8 Jahren.<\/span><\/td><\/tr><tr><td colspan='2'><a href='#' onclick='history.back(); return false'>Zur\u00fcck<\/a><\/td><\/tr><\/tbody><\/table>\n","protected":false},"excerpt":{"rendered":"","protected":false},"author":1,"featured_media":0,"parent":0,"menu_order":0,"comment_status":"closed","ping_status":"closed","template":"","meta":[],"_links":{"self":[{"href":"https:\/\/www.web-rr.de\/GHS-Buecherei\/index.php\/wp-json\/wp\/v2\/pages\/5115"}],"collection":[{"href":"https:\/\/www.web-rr.de\/GHS-Buecherei\/index.php\/wp-json\/wp\/v2\/pages"}],"about":[{"href":"https:\/\/www.web-rr.de\/GHS-Buecherei\/index.php\/wp-json\/wp\/v2\/types\/page"}],"author":[{"embeddable":true,"href":"https:\/\/www.web-rr.de\/GHS-Buecherei\/index.php\/wp-json\/wp\/v2\/users\/1"}],"replies":[{"embeddable":true,"href":"https:\/\/www.web-rr.de\/GHS-Buecherei\/index.php\/wp-json\/wp\/v2\/comments?post=5115"}],"version-history":[{"count":0,"href":"https:\/\/www.web-rr.de\/GHS-Buecherei\/index.php\/wp-json\/wp\/v2\/pages\/5115\/revisions"}],"wp:attachment":[{"href":"https:\/\/www.web-rr.de\/GHS-Buecherei\/index.php\/wp-json\/wp\/v2\/media?parent=5115"}],"curies":[{"name":"wp","href":"https:\/\/api.w.org\/{rel}","templated":true}]}}