{"id":5108,"date":"2021-02-23T20:00:00","date_gmt":"2021-02-23T20:00:00","guid":{"rendered":"https:\/\/www.web-rr.de\/GHS-Buecherei\/?page_id=5108"},"modified":"2021-02-22T23:59:59","modified_gmt":"2021-02-22T23:59:59","slug":"p9783817417407","status":"publish","type":"page","link":"https:\/\/www.web-rr.de\/GHS-Buecherei\/index.php\/p9783817417407\/","title":{"rendered":"Natur &#8211; Wald 18"},"content":{"rendered":"<table><tbody><tr><td class='rDTitel' colspan='2'>Geheimnisvoller Regenwald - Wild, exotisch, unentdeckt<\/td><\/tr><tr><td><span class='rDLabel1'>Status: <\/span><span class='rDText1Gruen'>vorhanden<\/span><\/td><td><span class='rDLabel1'>Antolin: <\/span><span class='rDText1Gruen'>ja, Empfehlung Klasse 4<\/span><\/td><\/tr><tr><td width=50%><img src='https:\/\/www.web-rr.de\/GHS-Buecherei\/wp-content\/uploads\/9783817417407.jpg' alt=''><\/td><td><p class='rDLabel2'>von <span class='rDText2'>Karolin K\u00fcntzel<\/span><\/p><p class='rDLabel2'>Verlag: <span class='rDText2'>Circon Verlag GmbH,  2017,  14.99 \u20ac<\/span><\/p><p class='rDLabel2'>B\u00fccherei-Barcode: <span class='rDText2'>9783817417407<\/span><\/p><p class='rDLabel2'>In der B\u00fccherei erfasst am: <span class='rDText2'>25.08.2020<\/span><\/p><p class='rDLabel2'>Stichw\u00f6rter: <span class='rDText2'>Tiere, Pflanzen, Regenwald, Regenwaldschutz<\/span><\/p><p class='rDLabel2'>Lesealter ca. <span class='rDText2'>8<\/span><span class='rDLabel2'> Jahre<\/span><\/p><p class='rDLabel2'>Das Buch wurde <span class='rDText2'>7<\/span><span class='rDLabel2'> mal gelesen.<\/span><\/p><\/td><\/tr><tr><td colspan='2'><p class='rDLabel1'>Inhalt:<\/p><span class='rDText2'>Der Regenwald ist die gr\u00fcne Lunge der Erde - wundersch\u00f6n, exotisch und voller unentdeckter Tier- und Pflanzenarten. Leider ist dieser wichtige Lebensraum bedroht, und zwar durch uns Menschen. Darum ist es wichtig, ihn zu sch\u00fctzen und m\u00f6glichst viel \u00fcber ihn zu erfahren, so lange es noch m\u00f6glich ist. Mit atemberaubenden Bildwelten und altersgerechten Erkl\u00e4rungen nimmt dieses einzigartige Kindersachbuch die jungen Leser mit auf eine spannende Expedition in den Regenwald. Hier wird die unglaublich vielf\u00e4ltige Tier- und Pflanzenwelt der verschiedenen Regenwaldtypen mit ihren gef\u00e4hrlichen R\u00e4ubern, raffinierten Tarnk\u00fcnstlern oder gefr\u00e4\u00dfigen Pflanzen detailliert vorgestellt. Zum Schluss gibt es tolle Experimente und Kreativideen wie den Regenwald im Glas, Survival-Tipps und Anregungen f\u00fcr den Regenwaldschutz im Alltag.\n\r\n\r<\/span><\/td><\/tr><tr><td colspan='2'><a href='#' onclick='history.back(); return false'>Zur\u00fcck<\/a><\/td><\/tr><\/tbody><\/table>\n","protected":false},"excerpt":{"rendered":"","protected":false},"author":1,"featured_media":0,"parent":0,"menu_order":0,"comment_status":"closed","ping_status":"closed","template":"","meta":[],"_links":{"self":[{"href":"https:\/\/www.web-rr.de\/GHS-Buecherei\/index.php\/wp-json\/wp\/v2\/pages\/5108"}],"collection":[{"href":"https:\/\/www.web-rr.de\/GHS-Buecherei\/index.php\/wp-json\/wp\/v2\/pages"}],"about":[{"href":"https:\/\/www.web-rr.de\/GHS-Buecherei\/index.php\/wp-json\/wp\/v2\/types\/page"}],"author":[{"embeddable":true,"href":"https:\/\/www.web-rr.de\/GHS-Buecherei\/index.php\/wp-json\/wp\/v2\/users\/1"}],"replies":[{"embeddable":true,"href":"https:\/\/www.web-rr.de\/GHS-Buecherei\/index.php\/wp-json\/wp\/v2\/comments?post=5108"}],"version-history":[{"count":0,"href":"https:\/\/www.web-rr.de\/GHS-Buecherei\/index.php\/wp-json\/wp\/v2\/pages\/5108\/revisions"}],"wp:attachment":[{"href":"https:\/\/www.web-rr.de\/GHS-Buecherei\/index.php\/wp-json\/wp\/v2\/media?parent=5108"}],"curies":[{"name":"wp","href":"https:\/\/api.w.org\/{rel}","templated":true}]}}