{"id":5102,"date":"2021-02-23T20:00:00","date_gmt":"2021-02-23T20:00:00","guid":{"rendered":"https:\/\/www.web-rr.de\/GHS-Buecherei\/?page_id=5102"},"modified":"2021-02-22T23:59:59","modified_gmt":"2021-02-22T23:59:59","slug":"p9783944227962","status":"publish","type":"page","link":"https:\/\/www.web-rr.de\/GHS-Buecherei\/index.php\/p9783944227962\/","title":{"rendered":"Natur &#8211; Wald 12"},"content":{"rendered":"<table><tbody><tr><td class='rDTitel' colspan='2'>ZEIT Leo Naturdetektive, Geheimnisse im Wald<\/td><\/tr><tr><td><span class='rDLabel1'>Status: <\/span><span class='rDText1Gruen'>vorhanden<\/span><\/td><td><span class='rDLabel1'>Antolin: <\/span><span class='rDText1Rot'>Quiz nicht vorhanden.<\/span><\/td><\/tr><tr><td width=50%><img src='https:\/\/www.web-rr.de\/GHS-Buecherei\/wp-content\/uploads\/9783944227962.jpg' alt=''><\/td><td><p class='rDLabel2'>von <span class='rDText2'>B\u00e4rbel Oftring<\/span><\/p><p class='rDLabel2'>Verlag: <span class='rDText2'>Coppenrath Verlag GmbH & Co.KG,  2014,  9.95 \u20ac<\/span><\/p><p class='rDLabel2'>B\u00fccherei-Barcode: <span class='rDText2'>9783944227962<\/span><\/p><p class='rDLabel2'>In der B\u00fccherei erfasst am: <span class='rDText2'>25.09.2019<\/span><\/p><p class='rDLabel2'>Stichw\u00f6rter: <span class='rDText2'>Luchs, Fuchs, Feldermaus, Dachs, Waschb\u00e4r, Waldspitzmaus, Fr\u00f6sche, Schmetterlinge, Gr\u00e4ser, Laubb\u00e4ume, Kleintiere, Rehe, Blumen<\/span><\/p><p class='rDLabel2'>Lesealter ca. <span class='rDText2'>-<\/span><span class='rDLabel2'> Jahre<\/span><\/p><p class='rDLabel2'>Das Buch wurde <span class='rDText2'>7<\/span><span class='rDLabel2'> mal gelesen.<\/span><\/p><\/td><\/tr><tr><td colspan='2'><p class='rDLabel1'>Inhalt:<\/p><span class='rDText2'>GEHEIMNISSE IM WALD: Welches Waldtier kann lautlos fliegen? Und welche Pflanzen k\u00f6nnen t\u00f6ten?Dieses reich illustrierte Buch zeigt Kindern die Vielfalt des Lebens im Wald und stellt \u00fcber 350 Tier- und Pflanzenarten in den verschiedenen Lebensr\u00e4umen vor: Am Waldboden, auf der Lichtung, im Bl\u00e4tterdach, am Baumstamm, am Waldbach und Waldsee. Auch wie sich der Wald nachts und im Winter ver\u00e4ndert und welche Tiere und Pflanzen dann zu entdecken sind, wird in eigenen Kapiteln vorgestellt. Viele Experimente und Forschertipps animieren zum Mitmachen und Selberentdecken. Kindgerechte Texte und Erkl\u00e4rungen \u00fcber besonders beliebte oder wichtige Lebewesen wechseln sich mit \u00dcberblicksseiten ab, auf denen verschiedene Arten einer Gattung mit kurzen Steckbriefen vorgestellt werden. Zus\u00e4tzlich enth\u00e4lt das Buch spannende Artikel zu \u00fcbergeordneten Themen, z.B.: Warum sind W\u00e4lder wichtig und wie gesund sind sie? Welche Aufgaben haben J\u00e4ger und F\u00f6rster? Was ist das Besondere an Regenw\u00e4ldern?<\/span><\/td><\/tr><tr><td colspan='2'><a href='#' onclick='history.back(); return false'>Zur\u00fcck<\/a><\/td><\/tr><\/tbody><\/table>\n","protected":false},"excerpt":{"rendered":"","protected":false},"author":1,"featured_media":0,"parent":0,"menu_order":0,"comment_status":"closed","ping_status":"closed","template":"","meta":[],"_links":{"self":[{"href":"https:\/\/www.web-rr.de\/GHS-Buecherei\/index.php\/wp-json\/wp\/v2\/pages\/5102"}],"collection":[{"href":"https:\/\/www.web-rr.de\/GHS-Buecherei\/index.php\/wp-json\/wp\/v2\/pages"}],"about":[{"href":"https:\/\/www.web-rr.de\/GHS-Buecherei\/index.php\/wp-json\/wp\/v2\/types\/page"}],"author":[{"embeddable":true,"href":"https:\/\/www.web-rr.de\/GHS-Buecherei\/index.php\/wp-json\/wp\/v2\/users\/1"}],"replies":[{"embeddable":true,"href":"https:\/\/www.web-rr.de\/GHS-Buecherei\/index.php\/wp-json\/wp\/v2\/comments?post=5102"}],"version-history":[{"count":0,"href":"https:\/\/www.web-rr.de\/GHS-Buecherei\/index.php\/wp-json\/wp\/v2\/pages\/5102\/revisions"}],"wp:attachment":[{"href":"https:\/\/www.web-rr.de\/GHS-Buecherei\/index.php\/wp-json\/wp\/v2\/media?parent=5102"}],"curies":[{"name":"wp","href":"https:\/\/api.w.org\/{rel}","templated":true}]}}