{"id":5101,"date":"2021-02-23T20:00:00","date_gmt":"2021-02-23T20:00:00","guid":{"rendered":"https:\/\/www.web-rr.de\/GHS-Buecherei\/?page_id=5101"},"modified":"2021-02-22T23:59:59","modified_gmt":"2021-02-22T23:59:59","slug":"p9783894321406","status":"publish","type":"page","link":"https:\/\/www.web-rr.de\/GHS-Buecherei\/index.php\/p9783894321406\/","title":{"rendered":"Natur &#8211; Wald 11"},"content":{"rendered":"<table><tbody><tr><td class='rDTitel' colspan='2'>Das Eichh\u00f6rnchen (NBB junior)<\/td><\/tr><tr><td><span class='rDLabel1'>Status: <\/span><span class='rDText1Gruen'>vorhanden<\/span><\/td><td><span class='rDLabel1'>Antolin: <\/span><span class='rDText1Rot'>Quiz nicht vorhanden.<\/span><\/td><\/tr><tr><td width=50%><img src='https:\/\/www.web-rr.de\/GHS-Buecherei\/wp-content\/uploads\/9783894321406.jpg' alt=''><\/td><td><p class='rDLabel2'>von <span class='rDText2'>Stefan Bosch, Peter W. W. Lurz<\/span><\/p><p class='rDLabel2'>Verlag: <span class='rDText2'>VerlagsKG Wolf,  2015,  12.95 \u20ac<\/span><\/p><p class='rDLabel2'>B\u00fccherei-Barcode: <span class='rDText2'>9783894321406<\/span><\/p><p class='rDLabel2'>In der B\u00fccherei erfasst am: <span class='rDText2'>25.09.2019<\/span><\/p><p class='rDLabel2'>Stichw\u00f6rter: <span class='rDText2'>H\u00f6rnchen, Baumwipfel<\/span><\/p><p class='rDLabel2'>Lesealter ca. <span class='rDText2'>-<\/span><span class='rDLabel2'> Jahre<\/span><\/p><p class='rDLabel2'>Das Buch wurde <span class='rDText2'>3<\/span><span class='rDLabel2'> mal gelesen.<\/span><\/p><\/td><\/tr><tr><td colspan='2'><p class='rDLabel1'>Inhalt:<\/p><span class='rDText2'>Unser Eichh\u00f6rnchen geh\u00f6rt zur Familie der H\u00f6rnchen. H\u00f6rnchen sind weder gro\u00df, noch sind sie gef\u00e4hrlich. Sie sind nicht die Schnellsten und nicht die Kl\u00fcgsten oder Tapfersten \u2013 und dennoch haben sie fast alle Kontinente der Erde erobert!H\u00f6rnchen leben auf B\u00e4umen oder am und im Boden, sie erklimmen hohe Baumwipfel und manche gleiten durch die Luft.Wie die kleinen Wipfelst\u00fcrmer das machen, wie sie leben, wie sie ihre Jungen aufziehen \u2026 das und vieles andere kannst du im Eichh\u00f6rnchen-Buch entdecken.Und zum Schluss warten Spiele, Lieder, Basteltipps und vieles mehr auf dich!Die Neue Brehm-B\u00fccherei \u2013 f\u00fcr Kinder im Alter ab 5 Jahren\u2022 bietet altersgerecht aufbereitete Informationen\u2022 schult den Blick auf Zusammenh\u00e4nge in den \u00d6kosystemen\u2022 f\u00f6rdert verantwortungsvollen Umgang mit der Umwelt\u2022 l\u00e4dt ein zum gemeinsamen Lesen\u2022 mit attraktivem Praxisteil: Spielanleitungen, Projektskizzen und vieles mehr<\/span><\/td><\/tr><tr><td colspan='2'><a href='#' onclick='history.back(); return false'>Zur\u00fcck<\/a><\/td><\/tr><\/tbody><\/table>\n","protected":false},"excerpt":{"rendered":"","protected":false},"author":1,"featured_media":0,"parent":0,"menu_order":0,"comment_status":"closed","ping_status":"closed","template":"","meta":[],"_links":{"self":[{"href":"https:\/\/www.web-rr.de\/GHS-Buecherei\/index.php\/wp-json\/wp\/v2\/pages\/5101"}],"collection":[{"href":"https:\/\/www.web-rr.de\/GHS-Buecherei\/index.php\/wp-json\/wp\/v2\/pages"}],"about":[{"href":"https:\/\/www.web-rr.de\/GHS-Buecherei\/index.php\/wp-json\/wp\/v2\/types\/page"}],"author":[{"embeddable":true,"href":"https:\/\/www.web-rr.de\/GHS-Buecherei\/index.php\/wp-json\/wp\/v2\/users\/1"}],"replies":[{"embeddable":true,"href":"https:\/\/www.web-rr.de\/GHS-Buecherei\/index.php\/wp-json\/wp\/v2\/comments?post=5101"}],"version-history":[{"count":0,"href":"https:\/\/www.web-rr.de\/GHS-Buecherei\/index.php\/wp-json\/wp\/v2\/pages\/5101\/revisions"}],"wp:attachment":[{"href":"https:\/\/www.web-rr.de\/GHS-Buecherei\/index.php\/wp-json\/wp\/v2\/media?parent=5101"}],"curies":[{"name":"wp","href":"https:\/\/api.w.org\/{rel}","templated":true}]}}