{"id":5100,"date":"2021-02-23T20:00:00","date_gmt":"2021-02-23T20:00:00","guid":{"rendered":"https:\/\/www.web-rr.de\/GHS-Buecherei\/?page_id=5100"},"modified":"2021-02-22T23:59:59","modified_gmt":"2021-02-22T23:59:59","slug":"p9783930038367","status":"publish","type":"page","link":"https:\/\/www.web-rr.de\/GHS-Buecherei\/index.php\/p9783930038367\/","title":{"rendered":"Natur &#8211; Wald 10"},"content":{"rendered":"<table><tbody><tr><td class='rDTitel' colspan='2'>Guter Wolf<\/td><\/tr><tr><td><span class='rDLabel1'>Status: <\/span><span class='rDText1Gruen'>vorhanden<\/span><\/td><td><span class='rDLabel1'>Antolin: <\/span><span class='rDText1Gruen'>ja, Empfehlung Klasse 4<\/span><\/td><\/tr><tr><td width=50%><img src='https:\/\/www.web-rr.de\/GHS-Buecherei\/wp-content\/uploads\/9783930038367.jpg' alt=''><\/td><td><p class='rDLabel2'>von <span class='rDText2'>Heiderose Fischer-Nagel<\/span><\/p><p class='rDLabel2'>Verlag: <span class='rDText2'>Fischer-Nagel, H,  2013,  5.95 \u20ac<\/span><\/p><p class='rDLabel2'>B\u00fccherei-Barcode: <span class='rDText2'>9783930038367<\/span><\/p><p class='rDLabel2'>In der B\u00fccherei erfasst am: <span class='rDText2'>01.03.2015<\/span><\/p><p class='rDLabel2'>Stichw\u00f6rter: <span class='rDText2'><\/span><\/p><p class='rDLabel2'>Lesealter ca. <span class='rDText2'>8<\/span><span class='rDLabel2'> Jahre<\/span><\/p><p class='rDLabel2'>Das Buch wurde <span class='rDText2'>7<\/span><span class='rDLabel2'> mal gelesen.<\/span><\/p><\/td><\/tr><tr><td colspan='2'><p class='rDLabel1'>Inhalt:<\/p><span class='rDText2'>Lange Zeit galt der Wolf als ausgerottet, doch nun streifen die Vorfahren unseres Haushundes wieder durch die W\u00e4lder. Vielerorts erst vereinzelt, in Randgebieten Deutschlands jedoch schon vermehrt. Der Wolf ist wieder da!In Sagen, M\u00e4rchen und Fabeln ist der Wolf stets der b\u00f6se Isegrim, vor dem wir uns f\u00fcrchten. Diese Vorstellung vom b\u00f6sen Wolf ist in vielen Menschen verwurzelt. Inzwischen lernen wir Menschen dazu, k\u00f6nnen falsche Vorstellungen korrigieren.Der Wolf lebt in seinem Rudel in strenger Rangordnung. Liebevoll zieht die W\u00f6lfin ihre Jungen heran, lehrt sie das Jagen. Das anpassungsf\u00e4hige Tier ist ein nat\u00fcrlicher Feind, ein wichtiges Gliedin der Natur: Kein b\u00f6ser Wolf, sondern ein guter, dessen Aufgabe darin besteht, das nat\u00fcrliche Gleichgewicht zwischen R\u00e4uber und Beute aufrecht zu erhalten. Andrea und Christian Heinrich haben ihn mit ihren Kameras 'eingefangen'.Der gute Wolf \u2013 ein wiederentdeckter Schatz in unserer bedrohten Natur.<\/span><\/td><\/tr><tr><td colspan='2'><a href='#' onclick='history.back(); return false'>Zur\u00fcck<\/a><\/td><\/tr><\/tbody><\/table>\n","protected":false},"excerpt":{"rendered":"","protected":false},"author":1,"featured_media":0,"parent":0,"menu_order":0,"comment_status":"closed","ping_status":"closed","template":"","meta":[],"_links":{"self":[{"href":"https:\/\/www.web-rr.de\/GHS-Buecherei\/index.php\/wp-json\/wp\/v2\/pages\/5100"}],"collection":[{"href":"https:\/\/www.web-rr.de\/GHS-Buecherei\/index.php\/wp-json\/wp\/v2\/pages"}],"about":[{"href":"https:\/\/www.web-rr.de\/GHS-Buecherei\/index.php\/wp-json\/wp\/v2\/types\/page"}],"author":[{"embeddable":true,"href":"https:\/\/www.web-rr.de\/GHS-Buecherei\/index.php\/wp-json\/wp\/v2\/users\/1"}],"replies":[{"embeddable":true,"href":"https:\/\/www.web-rr.de\/GHS-Buecherei\/index.php\/wp-json\/wp\/v2\/comments?post=5100"}],"version-history":[{"count":0,"href":"https:\/\/www.web-rr.de\/GHS-Buecherei\/index.php\/wp-json\/wp\/v2\/pages\/5100\/revisions"}],"wp:attachment":[{"href":"https:\/\/www.web-rr.de\/GHS-Buecherei\/index.php\/wp-json\/wp\/v2\/media?parent=5100"}],"curies":[{"name":"wp","href":"https:\/\/api.w.org\/{rel}","templated":true}]}}