{"id":5095,"date":"2021-02-23T20:00:00","date_gmt":"2021-02-23T20:00:00","guid":{"rendered":"https:\/\/www.web-rr.de\/GHS-Buecherei\/?page_id=5095"},"modified":"2021-02-22T23:59:59","modified_gmt":"2021-02-22T23:59:59","slug":"p2000001016015","status":"publish","type":"page","link":"https:\/\/www.web-rr.de\/GHS-Buecherei\/index.php\/p2000001016015\/","title":{"rendered":"Natur &#8211; Wald 05"},"content":{"rendered":"<table><tbody><tr><td class='rDTitel' colspan='2'>100 B\u00e4ume. Heimische Arten kennnen und bestimmen<\/td><\/tr><tr><td><span class='rDLabel1'>Status: <\/span><span class='rDText1Gruen'>vorhanden<\/span><\/td><td><span class='rDLabel1'>Antolin: <\/span><span class='rDText1Rot'>Quiz nicht vorhanden.<\/span><\/td><\/tr><tr><td width=50%><img src='https:\/\/www.web-rr.de\/GHS-Buecherei\/wp-content\/uploads\/2000001016015.jpg' alt=''><\/td><td><p class='rDLabel2'>von <span class='rDText2'>Eva-Maria Dreyer<\/span><\/p><p class='rDLabel2'>Verlag: <span class='rDText2'>Kosmos (Franckh-Kosmos),  2005,  9.90 \u20ac<\/span><\/p><p class='rDLabel2'>B\u00fccherei-Barcode: <span class='rDText2'>2000001016015<\/span><\/p><p class='rDLabel2'>In der B\u00fccherei erfasst am: <span class='rDText2'>01.04.2013<\/span><\/p><p class='rDLabel2'>Stichw\u00f6rter: <span class='rDText2'>Baum, Bestimmungsbuch, B\u00e4ume<\/span><\/p><p class='rDLabel2'>Lesealter ca. <span class='rDText2'>-<\/span><span class='rDLabel2'> Jahre<\/span><\/p><p class='rDLabel2'>Das Buch wurde <span class='rDText2'>0<\/span><span class='rDLabel2'> mal gelesen.<\/span><\/p><\/td><\/tr><tr><td colspan='2'><p class='rDLabel1'>Inhalt:<\/p><span class='rDText2'>Dieser Titel ist nicht nur ein Besimmungsbuch. Er bietet viel mehr: spannende Infos zu Geschichte, Mythologie und Verwendung unserer wichtigsten B\u00e4ume und Str\u00e4ucher. M\u00f6chten Sie genauer wissen, was Sie im Wald, Garten oder Park vor sich haben, dazu aber keine dicken Fachb\u00fccher w\u00e4lzen? Hier sind die 100 B\u00e4ume und Str\u00e4ucher so unterhaltsam vorgestellt, dass man sie sich merken kann!<\/span><\/td><\/tr><tr><td colspan='2'><a href='#' onclick='history.back(); return false'>Zur\u00fcck<\/a><\/td><\/tr><\/tbody><\/table>\n","protected":false},"excerpt":{"rendered":"","protected":false},"author":1,"featured_media":0,"parent":0,"menu_order":0,"comment_status":"closed","ping_status":"closed","template":"","meta":[],"_links":{"self":[{"href":"https:\/\/www.web-rr.de\/GHS-Buecherei\/index.php\/wp-json\/wp\/v2\/pages\/5095"}],"collection":[{"href":"https:\/\/www.web-rr.de\/GHS-Buecherei\/index.php\/wp-json\/wp\/v2\/pages"}],"about":[{"href":"https:\/\/www.web-rr.de\/GHS-Buecherei\/index.php\/wp-json\/wp\/v2\/types\/page"}],"author":[{"embeddable":true,"href":"https:\/\/www.web-rr.de\/GHS-Buecherei\/index.php\/wp-json\/wp\/v2\/users\/1"}],"replies":[{"embeddable":true,"href":"https:\/\/www.web-rr.de\/GHS-Buecherei\/index.php\/wp-json\/wp\/v2\/comments?post=5095"}],"version-history":[{"count":0,"href":"https:\/\/www.web-rr.de\/GHS-Buecherei\/index.php\/wp-json\/wp\/v2\/pages\/5095\/revisions"}],"wp:attachment":[{"href":"https:\/\/www.web-rr.de\/GHS-Buecherei\/index.php\/wp-json\/wp\/v2\/media?parent=5095"}],"curies":[{"name":"wp","href":"https:\/\/api.w.org\/{rel}","templated":true}]}}