{"id":5090,"date":"2021-02-23T20:00:00","date_gmt":"2021-02-23T20:00:00","guid":{"rendered":"https:\/\/www.web-rr.de\/GHS-Buecherei\/?page_id=5090"},"modified":"2021-02-22T23:59:59","modified_gmt":"2021-02-22T23:59:59","slug":"p9783836956376","status":"publish","type":"page","link":"https:\/\/www.web-rr.de\/GHS-Buecherei\/index.php\/p9783836956376\/","title":{"rendered":"Natur &#8211; V\u00f6gel 10"},"content":{"rendered":"<table><tbody><tr><td class='rDTitel' colspan='2'>Bibi Dumon Taks gro\u00dfe Vogelschau - Von Luftakrobaten, \u00dcberfliegern und Krachmachern<\/td><\/tr><tr><td><span class='rDLabel1'>Status: <\/span><span class='rDText1Gruen'>vorhanden<\/span><\/td><td><span class='rDLabel1'>Antolin: <\/span><span class='rDText1Gruen'>ja, Empfehlung Klasse 6<\/span><\/td><\/tr><tr><td width=50%><img src='https:\/\/www.web-rr.de\/GHS-Buecherei\/wp-content\/uploads\/9783836956376.jpg' alt=''><\/td><td><p class='rDLabel2'>von <span class='rDText2'>Bibi Dumon Tak<\/span><\/p><p class='rDLabel2'>Verlag: <span class='rDText2'>Gerstenberg,  2018,  26.00 \u20ac<\/span><\/p><p class='rDLabel2'>B\u00fccherei-Barcode: <span class='rDText2'>9783836956376<\/span><\/p><p class='rDLabel2'>In der B\u00fccherei erfasst am: <span class='rDText2'>25.08.2020<\/span><\/p><p class='rDLabel2'>Stichw\u00f6rter: <span class='rDText2'>Eichelh\u00e4her, Specht, Saatkr\u00e4he, Schnatterente, Basst\u00f6pel, Blaukehlchen, Seeadler, Brandseeschwalbe<\/span><\/p><p class='rDLabel2'>Lesealter ca. <span class='rDText2'>10<\/span><span class='rDLabel2'> Jahre<\/span><\/p><p class='rDLabel2'>Das Buch wurde <span class='rDText2'>1<\/span><span class='rDLabel2'> mal gelesen.<\/span><\/p><\/td><\/tr><tr><td colspan='2'><p class='rDLabel1'>Inhalt:<\/p><span class='rDText2'>Bibi Dumon Tak erz\u00e4hlt in ihrer gro\u00dfen Vogelschau von Luftakrobaten und Kamikazefliegern, von Gesangsvirtuosen und Krachmachern, von Aufziehm\u00e4nnchen mit ADHS und Topmodels unter den V\u00f6geln. Die vorliegende Prachtausgabe geht zur\u00fcck auf das zwischen 1770 und 1829 entstandene, sorgf\u00e4ltig mit handkolorierten Kupferstichen ausgestattete vogelkundliche Standardwerk \"Nederlandsche Vogelen\". Bibi Dumon Tak hat daraus 30 verschiedene V\u00f6gel ausgew\u00e4hlt, die alle auch in Deutschland leben, und sie auf ihre unnachahmliche Weise vorgestellt. Entstanden ist eine humorige, abwechslungsreiche und informative Zusammenschau aus Alt und Neu, die zudem Einblick in die Arbeit von Forschern fr\u00fcher und heute gibt.<\/span><\/td><\/tr><tr><td colspan='2'><a href='#' onclick='history.back(); return false'>Zur\u00fcck<\/a><\/td><\/tr><\/tbody><\/table>\n","protected":false},"excerpt":{"rendered":"","protected":false},"author":1,"featured_media":0,"parent":0,"menu_order":0,"comment_status":"closed","ping_status":"closed","template":"","meta":[],"_links":{"self":[{"href":"https:\/\/www.web-rr.de\/GHS-Buecherei\/index.php\/wp-json\/wp\/v2\/pages\/5090"}],"collection":[{"href":"https:\/\/www.web-rr.de\/GHS-Buecherei\/index.php\/wp-json\/wp\/v2\/pages"}],"about":[{"href":"https:\/\/www.web-rr.de\/GHS-Buecherei\/index.php\/wp-json\/wp\/v2\/types\/page"}],"author":[{"embeddable":true,"href":"https:\/\/www.web-rr.de\/GHS-Buecherei\/index.php\/wp-json\/wp\/v2\/users\/1"}],"replies":[{"embeddable":true,"href":"https:\/\/www.web-rr.de\/GHS-Buecherei\/index.php\/wp-json\/wp\/v2\/comments?post=5090"}],"version-history":[{"count":0,"href":"https:\/\/www.web-rr.de\/GHS-Buecherei\/index.php\/wp-json\/wp\/v2\/pages\/5090\/revisions"}],"wp:attachment":[{"href":"https:\/\/www.web-rr.de\/GHS-Buecherei\/index.php\/wp-json\/wp\/v2\/media?parent=5090"}],"curies":[{"name":"wp","href":"https:\/\/api.w.org\/{rel}","templated":true}]}}