{"id":5082,"date":"2021-02-23T20:00:00","date_gmt":"2021-02-23T20:00:00","guid":{"rendered":"https:\/\/www.web-rr.de\/GHS-Buecherei\/?page_id=5082"},"modified":"2021-02-22T23:59:59","modified_gmt":"2021-02-22T23:59:59","slug":"p9783405164607","status":"publish","type":"page","link":"https:\/\/www.web-rr.de\/GHS-Buecherei\/index.php\/p9783405164607\/","title":{"rendered":"Natur &#8211; V\u00f6gel 02"},"content":{"rendered":"<table><tbody><tr><td class='rDTitel' colspan='2'>Vogelfedern. Federn heimischer Arten bestimmen<\/td><\/tr><tr><td><span class='rDLabel1'>Status: <\/span><span class='rDText1Gruen'>vorhanden<\/span><\/td><td><span class='rDLabel1'>Antolin: <\/span><span class='rDText1Rot'>Quiz nicht vorhanden.<\/span><\/td><\/tr><tr><td width=50%><img src='https:\/\/www.web-rr.de\/GHS-Buecherei\/wp-content\/uploads\/9783405164607.jpg' alt=''><\/td><td><p class='rDLabel2'>von <span class='rDText2'>Einhard Bezzel<\/span><\/p><p class='rDLabel2'>Verlag: <span class='rDText2'>BLV Verlagsgesellschaft mbH,  2008,  10.95 \u20ac<\/span><\/p><p class='rDLabel2'>B\u00fccherei-Barcode: <span class='rDText2'>9783405164607<\/span><\/p><p class='rDLabel2'>In der B\u00fccherei erfasst am: <span class='rDText2'>01.04.2013<\/span><\/p><p class='rDLabel2'>Stichw\u00f6rter: <span class='rDText2'>V\u00f6gel, Tiere, Bestimmungsbuch, Feder<\/span><\/p><p class='rDLabel2'>Lesealter ca. <span class='rDText2'>-<\/span><span class='rDLabel2'> Jahre<\/span><\/p><p class='rDLabel2'>Das Buch wurde <span class='rDText2'>4<\/span><span class='rDLabel2'> mal gelesen.<\/span><\/p><\/td><\/tr><tr><td colspan='2'><p class='rDLabel1'>Inhalt:<\/p><span class='rDText2'>Einzigartiges Bestimmungsbuch: Aussehen, Funktion und h\u00e4ufige Fundstellen von Vogelfedern; brillante Feder-Fotos auf Tableaus, geordnet nach \u00c4hnlichkeit; im Portr\u00e4t: die 60 wichtigsten Vogelarten, deren Federn gezeigt werden. Einfach genial diese Konstruktion: Stabil und flexibel zugleich, dazu formsch\u00f6n, federleicht und f\u00fcr viele Aufgaben geschaffen. Von der Feder ist die Rede, einem h\u00f6chst komplizierten, faszinierenden Gebilde der Haut warmbl\u00fctiger Tiere. Doch man kann mehr als nur \u00fcber sie staunen: Man kann herausfinden, von welchem Vogel sie stammt und vielleicht eine kleine Geschichte rekonstruieren. Mit seinem Band Vogelfedern macht der renommierte Ornithologe Einhard Bezzel diesen ungewohnten Zugang zur Natur kinderleicht. Er stellt charakteristische Federn von fast 70 heimischen Vogelarten vor und sortiert diese nach leicht erkennbaren Merkmalen. Ein Blick auf die Umschlagklappe gen\u00fcgt, um den Fund einer Gruppe zuzuordnen: blau oder gr\u00fcn wie bei Eichelh\u00e4her und Elster? Oder hell-dunkle Kontraste in Form von B\u00e4ndern wie bei Turmfalke und Schleiereule? Im Bestimmungsteil zeigen ausgezeichnete Farbfotos die Federn, die typisch sind f\u00fcr den jeweiligen Vogel. Form, Farbe und Aufgabe werden beschrieben. Ein Querverweis f\u00fchrt zu einem Portr\u00e4t am Schluss des Buches, das \u00fcber Lebensweise und -raum des jeweiligen Vogels informiert. Bevor es ans Bestimmen geht, f\u00fchrt der Autor in die faszinierende Welt der Federn ein. Von Fl\u00fcgeldecken und Daunenfittich ist die Rede, von Gro\u00df- und Kleingefieder, davon wie Federn wachsen, wann sie ausfallen und wo man sie am ehesten findet. Dass schwarz vor Verschlei\u00df sch\u00fctzt und bunt von St\u00e4rke zeugt, erf\u00e4hrt der Leser ebenso wie das Geheimnis der genialen Konstruktion: dem komplizierten Klettverschluss aus Haken- und Bogenstrahlen. Das Bestimmungsbuch Vogelfeldern ist das erste seiner Art. Es lenkt den Blick auf leicht lesbare Spuren, die einen ganz neuen Weg weisen w\u00e4hrend Entdeckungsreisen in die Natur.<\/span><\/td><\/tr><tr><td colspan='2'><a href='#' onclick='history.back(); return false'>Zur\u00fcck<\/a><\/td><\/tr><\/tbody><\/table>\n","protected":false},"excerpt":{"rendered":"","protected":false},"author":1,"featured_media":0,"parent":0,"menu_order":0,"comment_status":"closed","ping_status":"closed","template":"","meta":[],"_links":{"self":[{"href":"https:\/\/www.web-rr.de\/GHS-Buecherei\/index.php\/wp-json\/wp\/v2\/pages\/5082"}],"collection":[{"href":"https:\/\/www.web-rr.de\/GHS-Buecherei\/index.php\/wp-json\/wp\/v2\/pages"}],"about":[{"href":"https:\/\/www.web-rr.de\/GHS-Buecherei\/index.php\/wp-json\/wp\/v2\/types\/page"}],"author":[{"embeddable":true,"href":"https:\/\/www.web-rr.de\/GHS-Buecherei\/index.php\/wp-json\/wp\/v2\/users\/1"}],"replies":[{"embeddable":true,"href":"https:\/\/www.web-rr.de\/GHS-Buecherei\/index.php\/wp-json\/wp\/v2\/comments?post=5082"}],"version-history":[{"count":0,"href":"https:\/\/www.web-rr.de\/GHS-Buecherei\/index.php\/wp-json\/wp\/v2\/pages\/5082\/revisions"}],"wp:attachment":[{"href":"https:\/\/www.web-rr.de\/GHS-Buecherei\/index.php\/wp-json\/wp\/v2\/media?parent=5082"}],"curies":[{"name":"wp","href":"https:\/\/api.w.org\/{rel}","templated":true}]}}