{"id":5078,"date":"2021-02-23T20:00:00","date_gmt":"2021-02-23T20:00:00","guid":{"rendered":"https:\/\/www.web-rr.de\/GHS-Buecherei\/?page_id=5078"},"modified":"2021-02-22T23:59:59","modified_gmt":"2021-02-22T23:59:59","slug":"p9783800158256","status":"publish","type":"page","link":"https:\/\/www.web-rr.de\/GHS-Buecherei\/index.php\/p9783800158256\/","title":{"rendered":"Natur &#8211; Teich 02"},"content":{"rendered":"<table><tbody><tr><td class='rDTitel' colspan='2'>Naturf\u00fchrer f\u00fcr Kinder: Bach und Teich: Tiere und Pflanzen erforschen<\/td><\/tr><tr><td><span class='rDLabel1'>Status: <\/span><span class='rDText1Gruen'>vorhanden<\/span><\/td><td><span class='rDLabel1'>Antolin: <\/span><span class='rDText1Rot'>Quiz nicht vorhanden.<\/span><\/td><\/tr><tr><td width=50%><img src='https:\/\/www.web-rr.de\/GHS-Buecherei\/wp-content\/uploads\/9783800158256.jpg' alt=''><\/td><td><p class='rDLabel2'>von <span class='rDText2'>Frank und Karin Hecker<\/span><\/p><p class='rDLabel2'>Verlag: <span class='rDText2'>Ulmer, E,  2012,  7.90 \u20ac<\/span><\/p><p class='rDLabel2'>B\u00fccherei-Barcode: <span class='rDText2'>9783800158256<\/span><\/p><p class='rDLabel2'>In der B\u00fccherei erfasst am: <span class='rDText2'>01.04.2014<\/span><\/p><p class='rDLabel2'>Stichw\u00f6rter: <span class='rDText2'>Wasser, Gew\u00e4sser, Teich, Tiere, Pflanzen, Fr\u00f6sche, Frosch, Fische<\/span><\/p><p class='rDLabel2'>Lesealter ca. <span class='rDText2'>-<\/span><span class='rDLabel2'> Jahre<\/span><\/p><p class='rDLabel2'>Das Buch wurde <span class='rDText2'>0<\/span><span class='rDLabel2'> mal gelesen.<\/span><\/p><\/td><\/tr><tr><td colspan='2'><p class='rDLabel1'>Inhalt:<\/p><span class='rDText2'>Was ist das blo\u00df in meinem Kescher?- Kindgerechter geht es nicht: Knappe Charakterisierung der Arten mit Foto und Zeichnung- Spannende, witzig geschriebene Texte- Viele Forschertipps und Bastelanleitungen78 Tiere und Pflanzen aus Bach und Teich spielend bestimmen: Mit diesem Buch gelingt das jedem Kind. Beschreibungen, die kurz und knackig zum Ziel f\u00fchren, dazu tolle Fotos und Zeichnungen \u2013 mehr brauchen Kinder nicht.Mit spannenden Infos: Warum fliegen Libellen im Tandem? Ist die Ringelnatter gef\u00e4hrlich? Wieso kann der Laubfrosch klettern?Felix der Fuchs verr\u00e4t den Kindern Forschertipps, Bastelanleitungen und Naturwunder rund um Wassertiere und Wasserpflanzen!<\/span><\/td><\/tr><tr><td colspan='2'><a href='#' onclick='history.back(); return false'>Zur\u00fcck<\/a><\/td><\/tr><\/tbody><\/table>\n","protected":false},"excerpt":{"rendered":"","protected":false},"author":1,"featured_media":0,"parent":0,"menu_order":0,"comment_status":"closed","ping_status":"closed","template":"","meta":[],"_links":{"self":[{"href":"https:\/\/www.web-rr.de\/GHS-Buecherei\/index.php\/wp-json\/wp\/v2\/pages\/5078"}],"collection":[{"href":"https:\/\/www.web-rr.de\/GHS-Buecherei\/index.php\/wp-json\/wp\/v2\/pages"}],"about":[{"href":"https:\/\/www.web-rr.de\/GHS-Buecherei\/index.php\/wp-json\/wp\/v2\/types\/page"}],"author":[{"embeddable":true,"href":"https:\/\/www.web-rr.de\/GHS-Buecherei\/index.php\/wp-json\/wp\/v2\/users\/1"}],"replies":[{"embeddable":true,"href":"https:\/\/www.web-rr.de\/GHS-Buecherei\/index.php\/wp-json\/wp\/v2\/comments?post=5078"}],"version-history":[{"count":0,"href":"https:\/\/www.web-rr.de\/GHS-Buecherei\/index.php\/wp-json\/wp\/v2\/pages\/5078\/revisions"}],"wp:attachment":[{"href":"https:\/\/www.web-rr.de\/GHS-Buecherei\/index.php\/wp-json\/wp\/v2\/media?parent=5078"}],"curies":[{"name":"wp","href":"https:\/\/api.w.org\/{rel}","templated":true}]}}