{"id":5076,"date":"2021-02-23T20:00:00","date_gmt":"2021-02-23T20:00:00","guid":{"rendered":"https:\/\/www.web-rr.de\/GHS-Buecherei\/?page_id=5076"},"modified":"2021-02-22T23:59:59","modified_gmt":"2021-02-22T23:59:59","slug":"p9783868652956","status":"publish","type":"page","link":"https:\/\/www.web-rr.de\/GHS-Buecherei\/index.php\/p9783868652956\/","title":{"rendered":"Natur &#8211; Pflanzen 12"},"content":{"rendered":"<table><tbody><tr><td class='rDTitel' colspan='2'>Gartenbuch f\u00fcr Kinder<\/td><\/tr><tr><td><span class='rDLabel1'>Status: <\/span><span class='rDText1Gruen'>vorhanden<\/span><\/td><td><span class='rDLabel1'>Antolin: <\/span><span class='rDText1Rot'>Quiz nicht vorhanden.<\/span><\/td><\/tr><tr><td width=50%><img src='https:\/\/www.web-rr.de\/GHS-Buecherei\/wp-content\/uploads\/9783868652956.jpg' alt=''><\/td><td><p class='rDLabel2'>von <span class='rDText2'>Flora Becker<\/span><\/p><p class='rDLabel2'>Verlag: <span class='rDText2'>Schwager & Steinlein,  2018,  4.99 \u20ac<\/span><\/p><p class='rDLabel2'>B\u00fccherei-Barcode: <span class='rDText2'>9783868652956<\/span><\/p><p class='rDLabel2'>In der B\u00fccherei erfasst am: <span class='rDText2'>06.08.2018<\/span><\/p><p class='rDLabel2'>Stichw\u00f6rter: <span class='rDText2'>Gartentipps, Rezepten, Bastelideen, Spielideen<\/span><\/p><p class='rDLabel2'>Lesealter ca. <span class='rDText2'>-<\/span><span class='rDLabel2'> Jahre<\/span><\/p><p class='rDLabel2'>Das Buch wurde <span class='rDText2'>3<\/span><span class='rDLabel2'> mal gelesen.<\/span><\/p><\/td><\/tr><tr><td colspan='2'><p class='rDLabel1'>Inhalt:<\/p><span class='rDText2'>\u2022 \u00dcber 60 Seiten mit Gartentipps, Rezepten, Bastel- und Spielideen\u2022 G\u00e4rtnern auch auf engstem Raum\u2022 Leicht nachvollziehbare Anleitungen\u2022 Wenig Aufwand, wenig MaterialOb im Garten, auf dem Balkon oder auf der Fensterbank - dieses Buch zeigt dir in einfachen Schritt-f\u00fcr-Schritt-Anleitungen, wie du fruchtig-frische Erdbeeren z\u00fcchtest, ein Beet mit deinem Lieblingsgem\u00fcse anlegst und ein \"Hotel\" f\u00fcr niedliche Marienk\u00e4fer baust. Hier ist alles zu finden, was zum G\u00e4rtnern gebraucht wird: passende Ausr\u00fcstung, richtiger D\u00fcnger, besondere Pflegetipps und vieles mehr. Ob Apfelbaum, M\u00f6hren-Zwiebelbeet, Kr\u00e4uterschnecke oder Eimerkartoffeln, f\u00fcr jede Gartengr\u00f6\u00dfe ist etwas dabei. Zus\u00e4tzlich bietet dieses Buch f\u00fcr Kinder tolle Ideen f\u00fcr Rezepte und Spiele rund ums Thema G\u00e4rtnern. Hinweise f\u00fcr Eltern erg\u00e4nzen die Tipps.<\/span><\/td><\/tr><tr><td colspan='2'><a href='#' onclick='history.back(); return false'>Zur\u00fcck<\/a><\/td><\/tr><\/tbody><\/table>\n","protected":false},"excerpt":{"rendered":"","protected":false},"author":1,"featured_media":0,"parent":0,"menu_order":0,"comment_status":"closed","ping_status":"closed","template":"","meta":[],"_links":{"self":[{"href":"https:\/\/www.web-rr.de\/GHS-Buecherei\/index.php\/wp-json\/wp\/v2\/pages\/5076"}],"collection":[{"href":"https:\/\/www.web-rr.de\/GHS-Buecherei\/index.php\/wp-json\/wp\/v2\/pages"}],"about":[{"href":"https:\/\/www.web-rr.de\/GHS-Buecherei\/index.php\/wp-json\/wp\/v2\/types\/page"}],"author":[{"embeddable":true,"href":"https:\/\/www.web-rr.de\/GHS-Buecherei\/index.php\/wp-json\/wp\/v2\/users\/1"}],"replies":[{"embeddable":true,"href":"https:\/\/www.web-rr.de\/GHS-Buecherei\/index.php\/wp-json\/wp\/v2\/comments?post=5076"}],"version-history":[{"count":0,"href":"https:\/\/www.web-rr.de\/GHS-Buecherei\/index.php\/wp-json\/wp\/v2\/pages\/5076\/revisions"}],"wp:attachment":[{"href":"https:\/\/www.web-rr.de\/GHS-Buecherei\/index.php\/wp-json\/wp\/v2\/media?parent=5076"}],"curies":[{"name":"wp","href":"https:\/\/api.w.org\/{rel}","templated":true}]}}